{"id":24059,"date":"2022-11-20T15:14:57","date_gmt":"2022-11-20T13:14:57","guid":{"rendered":"https:\/\/nutriest.eu\/products\/brodo-dossa-di-bovino-allevato-al-pascolo-in-polvere\/"},"modified":"2025-05-21T19:57:25","modified_gmt":"2025-05-21T16:57:25","slug":"brodo-di-ossa-in-polvere-grass-fed","status":"publish","type":"product","link":"https:\/\/nutriest.eu\/it\/products\/brodo-di-ossa-in-polvere-grass-fed\/","title":{"rendered":"Brodo di ossa in polvere grass-fed"},"content":{"rendered":"<h3>Benefici del brodo di ossa in polvere grass-fed<\/h3>\n<p>Il brodo d&#8217;ossa di bovino allevato al pascolo \u00e8 un elisir ricco di principi nutritivi apprezzato da secoli per le sue propriet\u00e0 benefiche. Noi lo ricaviamo dalle ossa di bovini che pascolano liberi per garantire un collagene di prima qualit\u00e0. Troviamo collagene di tipo sia I sia III, essenziale per la salute di ossa, articolazioni, pelle, tendini, legamenti e tutti gli altri tessuti connettivi.<\/p>\n<p>Oltre al collagene, il brodo d&#8217;ossa offre una miriade di altri principi nutritivi come aminoacidi e minerali fondamentali per varie funzioni corporee. Aiuta a migliorare l&#8217;elasticit\u00e0 della pelle, rinforzare la flessibilit\u00e0 delle articolazioni e favorisce un sano transito intestinale. Gli aminoacidi presenti, tra cui glicina e prolina, hanno un ruolo di primo piano nel metabolismo e sostengono la salute cellulare e la sintesi muscolare.<\/p>\n<p>Per coloro che soffrono di disturbi nella digestione, come il reflusso, alcune propriet\u00e0 del brodo di ossa possono aiutare a calmare il tratto digerente sostenendo la ripresa delle pareti dell&#8217;apparato. Ma non solo salute complessiva, il brodo di ossa di bovino allevato al pascolo \u00e8 ottimo anche per migliorare la performance fisica e il recupero.<\/p>\n<p><strong>Ecco le principali propriet\u00e0 benefiche del brodo di ossa.<\/strong><\/p>\n<ul>\n<li>\u00c8 una fonte di collagene.<\/li>\n<li>Sostiene la salute delle articolazioni.<\/li>\n<li>\u00c8 ricco di elettroliti.<\/li>\n<li>Riduce i segni dell&#8217;invecchiamento.<\/li>\n<li>Migliora il metabolismo.<\/li>\n<li>Aiuta a combattere le infiammazioni.<\/li>\n<li>Sostiene la salute intestinale.<\/li>\n<\/ul>\n","protected":false},"excerpt":{"rendered":"<p>Benefici del brodo di ossa in polvere grass-fed Il brodo d&#8217;ossa di bovino allevato al pascolo \u00e8 un elisir ricco di principi nutritivi apprezzato da secoli per le sue propriet\u00e0 benefiche. Noi lo ricaviamo dalle ossa di bovini che pascolano liberi per garantire un collagene di prima qualit\u00e0. Troviamo collagene di tipo sia I sia [&hellip;]<\/p>\n","protected":false},"featured_media":68647,"template":"","meta":{"_acf_changed":false,"inline_featured_image":false},"product_brand":[],"product_cat":[189,191],"product_tag":[],"class_list":{"0":"post-24059","1":"product","2":"type-product","3":"status-publish","4":"has-post-thumbnail","6":"product_cat-digestione-e-salute-intestinale","7":"product_cat-dolore-articolare","9":"first","10":"instock","11":"taxable","12":"shipping-taxable","13":"purchasable","14":"product-type-simple"},"bundled_by":[],"bundle_stock_status":"instock","bundle_stock_quantity":null,"bundle_virtual":false,"bundle_layout":"","bundle_add_to_cart_form_location":"","bundle_editable_in_cart":false,"bundle_sold_individually_context":"","bundle_item_grouping":"","bundle_min_size":"","bundle_max_size":"","bundle_price":[],"bundled_items":[],"bundle_sell_ids":[],"acf":[],"_links":{"self":[{"href":"https:\/\/nutriest.eu\/it\/wp-json\/wp\/v2\/product\/24059","targetHints":{"allow":["GET"]}}],"collection":[{"href":"https:\/\/nutriest.eu\/it\/wp-json\/wp\/v2\/product"}],"about":[{"href":"https:\/\/nutriest.eu\/it\/wp-json\/wp\/v2\/types\/product"}],"wp:featuredmedia":[{"embeddable":true,"href":"https:\/\/nutriest.eu\/it\/wp-json\/wp\/v2\/media\/68647"}],"wp:attachment":[{"href":"https:\/\/nutriest.eu\/it\/wp-json\/wp\/v2\/media?parent=24059"}],"wp:term":[{"taxonomy":"product_brand","embeddable":true,"href":"https:\/\/nutriest.eu\/it\/wp-json\/wp\/v2\/product_brand?post=24059"},{"taxonomy":"product_cat","embeddable":true,"href":"https:\/\/nutriest.eu\/it\/wp-json\/wp\/v2\/product_cat?post=24059"},{"taxonomy":"product_tag","embeddable":true,"href":"https:\/\/nutriest.eu\/it\/wp-json\/wp\/v2\/product_tag?post=24059"}],"curies":[{"name":"wp","href":"https:\/\/api.w.org\/{rel}","templated":true}]}}