{"id":24038,"date":"2023-04-10T12:01:11","date_gmt":"2023-04-10T09:01:11","guid":{"rendered":"https:\/\/nutriest.eu\/products\/integratore-di-tiroide-essiccata-di-bovino-allevato-al-pascolo\/"},"modified":"2025-11-19T19:17:12","modified_gmt":"2025-11-19T17:17:12","slug":"integratore-di-tiroide-grass-fed","status":"publish","type":"product","link":"https:\/\/nutriest.eu\/it\/products\/integratore-di-tiroide-grass-fed\/","title":{"rendered":"Tiroide grass-fed"},"content":{"rendered":"<p><b>I nostri antenati, i nativi americani e gli antichi guaritori credevano che se una persona si nutriva degli organi di un animale sano, i suoi organi corrispondenti sarebbero risultati pi\u00f9 forti e in salute.<\/b><\/p>\n<h3>Benefici della tiroide grass-fed di bovino<\/h3>\n<p>La tiroide di bovino allevato al pascolo, insieme al fegato, \u00e8 un integratore completo che contiene vitamine, minerali, cofattori ed enzimi che assistono, favoriscono e sostengono la salute della tiroide. La tiroide \u00e8 una ghiandola ormonale vitale con un ruolo chiave in metabolismo, crescita, riparazione cellulare e sviluppo nel corpo umano. I principi nutritivi migliori per la tiroide sono iodio, selenio e zinco.<\/p>\n<p><strong>Ghiandola tiroidea intera<\/strong>: a differenza di altri integratori che usano ormoni tiroidei in isolamento, il nostro prodotto contiene l&#8217;intera ghiandola. Ci\u00f2 significa che assumerai tutto lo spettro degli ormoni tiroidei, inclusi triiodotironina (T3) e tiroxina (T4), a sostegno della salute della tua tiroide.<\/p>\n<p><strong>Favorisce la perdita di peso<\/strong>: mantenere un peso corporeo sano pu\u00f2 essere una sfida per chi ha problemi alla tiroide. l nostro integratore aiuta a gestire il peso sostenendone il funzionamento e aiutandoti a raggiungere i tuoi obiettivi di linea e benessere.<\/p>\n<p><strong>Migliora umore e rende pi\u00f9 energici<\/strong>: una tiroide sana \u00e8 essenziale per il benessere e per rimanere energici. Chi consuma il nostro prodotto racconta di essere pi\u00f9 di buon umore e sentirsi pi\u00f9 vitale quando incorpora l&#8217;integratore nella propria routine.<\/p>\n<p><em>Come qualsiasi altro integratore \u00e8 importante consultare il proprio medico prima dell&#8217;assunzione; in particolare in caso di patologie alla tiroide.<\/em><\/p>\n","protected":false},"excerpt":{"rendered":"<p>I nostri antenati, i nativi americani e gli antichi guaritori credevano che se una persona si nutriva degli organi di un animale sano, i suoi organi corrispondenti sarebbero risultati pi\u00f9 forti e in salute. Benefici della tiroide grass-fed di bovino La tiroide di bovino allevato al pascolo, insieme al fegato, \u00e8 un integratore completo che [&hellip;]<\/p>\n","protected":false},"featured_media":24039,"template":"","meta":{"_acf_changed":false,"inline_featured_image":false},"product_brand":[],"product_cat":[174,175,203],"product_tag":[],"class_list":{"0":"post-24038","1":"product","2":"type-product","3":"status-publish","4":"has-post-thumbnail","6":"product_cat-ansia-e-stress","7":"product_cat-energia-it-2","8":"product_cat-perdita-di-peso","10":"first","11":"instock","12":"taxable","13":"shipping-taxable","14":"purchasable","15":"product-type-simple"},"bundled_by":[],"bundle_stock_status":"instock","bundle_stock_quantity":0,"bundle_virtual":false,"bundle_layout":"","bundle_add_to_cart_form_location":"","bundle_editable_in_cart":false,"bundle_sold_individually_context":"","bundle_item_grouping":"","bundle_min_size":"","bundle_max_size":"","bundle_price":[],"bundled_items":[],"bundle_sell_ids":[],"acf":[],"_links":{"self":[{"href":"https:\/\/nutriest.eu\/it\/wp-json\/wp\/v2\/product\/24038","targetHints":{"allow":["GET"]}}],"collection":[{"href":"https:\/\/nutriest.eu\/it\/wp-json\/wp\/v2\/product"}],"about":[{"href":"https:\/\/nutriest.eu\/it\/wp-json\/wp\/v2\/types\/product"}],"wp:featuredmedia":[{"embeddable":true,"href":"https:\/\/nutriest.eu\/it\/wp-json\/wp\/v2\/media\/24039"}],"wp:attachment":[{"href":"https:\/\/nutriest.eu\/it\/wp-json\/wp\/v2\/media?parent=24038"}],"wp:term":[{"taxonomy":"product_brand","embeddable":true,"href":"https:\/\/nutriest.eu\/it\/wp-json\/wp\/v2\/product_brand?post=24038"},{"taxonomy":"product_cat","embeddable":true,"href":"https:\/\/nutriest.eu\/it\/wp-json\/wp\/v2\/product_cat?post=24038"},{"taxonomy":"product_tag","embeddable":true,"href":"https:\/\/nutriest.eu\/it\/wp-json\/wp\/v2\/product_tag?post=24038"}],"curies":[{"name":"wp","href":"https:\/\/api.w.org\/{rel}","templated":true}]}}