{"id":24035,"date":"2023-04-05T16:49:35","date_gmt":"2023-04-05T13:49:35","guid":{"rendered":"https:\/\/nutriest.eu\/products\/integratore-di-testicoli-essiccati-di-bovino-allevato-al-pascolo\/"},"modified":"2025-05-21T20:53:17","modified_gmt":"2025-05-21T17:53:17","slug":"integratore-di-testicoli-grass-fed","status":"publish","type":"product","link":"https:\/\/nutriest.eu\/it\/products\/integratore-di-testicoli-grass-fed\/","title":{"rendered":"Testicoli grass-fed"},"content":{"rendered":"<p><b>I nostri antenati, i nativi americani e gli antichi guaritori credevano che se una persona si nutriva degli organi di un animale sano, i suoi organi corrispondenti sarebbero risultati pi\u00f9 forti e in salute.<\/b><\/p>\n<h3>Benefici dei testicoli grass-fed di bovino<\/h3>\n<p>I testicoli di toro allevato al pascolo sono ricchi di vitamine liposolubili, minerali e proteine. In particolare contengono un buon assortimento di minerali come\u00a0<strong>potassio<\/strong>,\u00a0<strong>fosforo <\/strong>e <strong>ferro, <\/strong>che aiutano la crescita di denti e ossa, e\u00a0<strong>zinco<\/strong>, che sostiene il sistema immunitario. Un <strong>adeguato apporto di zinco<\/strong> \u00e8 uno dei fondamenti della salute sessuale e riproduttiva maschile. Lo zinco \u00e8 anche necessario all&#8217;attivit\u00e0 di <strong>pi\u00f9 di 300 enzimi<\/strong> che aiutano metabolismo, digestione e sistema nervoso.<\/p>\n<p><strong>Il compito principale dei testicoli \u00e8 produrre testosterone<\/strong>. I testicoli di bovino allevato al pascolo producono molti enzimi, ormoni, fattori di crescita e precursori che sostengono la salute dei testicoli e la produzione di sperma. Inoltre, sono anche importanti per la produzione di altri ormoni maschili.<\/p>\n<p><strong>Il consumo di testicoli di bovino allevato al pascolo aiuta a migliorare la forza e la crescita muscolare<\/strong>. Il testosterone lega i recettori sulla superficie delle cellule muscolari e stimola la sintesi delle proteine per creare la muscolatura dopo gli allenamenti di resistenza. Un apporto di testosterone aumenta l&#8217;ormone della crescita che il corpo produce in risposta all&#8217;esercizio fisico.<\/p>\n","protected":false},"excerpt":{"rendered":"<p>I nostri antenati, i nativi americani e gli antichi guaritori credevano che se una persona si nutriva degli organi di un animale sano, i suoi organi corrispondenti sarebbero risultati pi\u00f9 forti e in salute. Benefici dei testicoli grass-fed di bovino I testicoli di toro allevato al pascolo sono ricchi di vitamine liposolubili, minerali e proteine. [&hellip;]<\/p>\n","protected":false},"featured_media":24036,"template":"","meta":{"_acf_changed":false,"inline_featured_image":false},"product_brand":[],"product_cat":[202,175,186],"product_tag":[],"class_list":{"0":"post-24035","1":"product","2":"type-product","3":"status-publish","4":"has-post-thumbnail","6":"product_cat-crescita-muscolare","7":"product_cat-energia-it-2","8":"product_cat-gravidanza-e-fertilita","10":"first","11":"instock","12":"sale","13":"taxable","14":"shipping-taxable","15":"purchasable","16":"product-type-simple"},"bundled_by":["23922"],"bundle_stock_status":"instock","bundle_stock_quantity":null,"bundle_virtual":false,"bundle_layout":"","bundle_add_to_cart_form_location":"","bundle_editable_in_cart":false,"bundle_sold_individually_context":"","bundle_item_grouping":"","bundle_min_size":"","bundle_max_size":"","bundle_price":[],"bundled_items":[],"bundle_sell_ids":[],"acf":[],"_links":{"self":[{"href":"https:\/\/nutriest.eu\/it\/wp-json\/wp\/v2\/product\/24035","targetHints":{"allow":["GET"]}}],"collection":[{"href":"https:\/\/nutriest.eu\/it\/wp-json\/wp\/v2\/product"}],"about":[{"href":"https:\/\/nutriest.eu\/it\/wp-json\/wp\/v2\/types\/product"}],"wp:featuredmedia":[{"embeddable":true,"href":"https:\/\/nutriest.eu\/it\/wp-json\/wp\/v2\/media\/24036"}],"wp:attachment":[{"href":"https:\/\/nutriest.eu\/it\/wp-json\/wp\/v2\/media?parent=24035"}],"wp:term":[{"taxonomy":"product_brand","embeddable":true,"href":"https:\/\/nutriest.eu\/it\/wp-json\/wp\/v2\/product_brand?post=24035"},{"taxonomy":"product_cat","embeddable":true,"href":"https:\/\/nutriest.eu\/it\/wp-json\/wp\/v2\/product_cat?post=24035"},{"taxonomy":"product_tag","embeddable":true,"href":"https:\/\/nutriest.eu\/it\/wp-json\/wp\/v2\/product_tag?post=24035"}],"curies":[{"name":"wp","href":"https:\/\/api.w.org\/{rel}","templated":true}]}}