{"id":24021,"date":"2023-04-10T12:05:31","date_gmt":"2023-04-10T09:05:31","guid":{"rendered":"https:\/\/nutriest.eu\/products\/integratore-di-milza-essiccata-di-bovino-allevato-al-pascolo\/"},"modified":"2025-05-21T20:51:57","modified_gmt":"2025-05-21T17:51:57","slug":"integratore-di-milza-grass-fed","status":"publish","type":"product","link":"https:\/\/nutriest.eu\/it\/products\/integratore-di-milza-grass-fed\/","title":{"rendered":"Milza grass-fed"},"content":{"rendered":"<p><b>I nostri antenati, i nativi americani e gli antichi guaritori credevano che se una persona si nutriva degli organi di un animale sano, i suoi organi corrispondenti sarebbero risultati pi\u00f9 forti e in salute.<\/b><\/p>\n<h3>Benefici della milza grass-fed di bovino<\/h3>\n<p>La milza di bovino allevato al pascolo \u00e8 ricca di principi nutritivi e una delle <strong>migliori fonti di ferro eme<\/strong>. A cui si aggiungono vitamina B12, vitamina C, riboflavina, niacina, selenio, ferro, rame, fosforo e zinco.<\/p>\n<p>Il ferro \u00e8 un minerale essenziale per il nostro corpo ed \u00e8 vitale che ve ne sia un apporto adeguato nella dieta. Il ferro eme \u00e8 biodisponibile ed \u00e8 la forma migliore di ferro perch\u00e9 per <strong>il 40 % \u00e8 gi\u00e0 assorbibile<\/strong>.<\/p>\n<p>Il ferro aiuta a sentirsi pi\u00f9 energici e a mantenere la concentrazione, migliora i processi gastrointestinali e immunitari, e regola la temperatura corporea. Inoltre serve a trasportare l&#8217;ossigeno dai polmoni ai tessuti e aiuta il metabolismo di proteine ed enzimi. Infatti un grande numero di enzimi richiede il ferro come cofattore, e tra questi troviamo quelli del processo metabolico che converte i principi nutritivi in energia.<\/p>\n<p><strong>Previene l&#8217;anemia da carenza di ferro<\/strong><\/p>\n<p>Tutte le cellule contengono una qualche forma di ferro ed \u00e8 uno dei costituenti principali dei globuli rossi che trasportano l&#8217;ossigeno dai polmoni ai tessuti del corpo. La nostra milza di bovino \u00e8 ricchissima di ferro eme facilmente assorbibile.<\/p>\n<p>Un buon apporto di ferro di qualit\u00e0 previene i sintomi legati alla carenza di ferro come spossatezza, fame d&#8217;aria e palpitazioni. Un minerale essenziale per le funzioni cognitive tra cui memoria, risoluzione di problemi, concentrazione e apprendimento. Il cervello funziona bene quando l&#8217;apporto di ferro \u00e8 adeguato.<\/p>\n","protected":false},"excerpt":{"rendered":"<p>I nostri antenati, i nativi americani e gli antichi guaritori credevano che se una persona si nutriva degli organi di un animale sano, i suoi organi corrispondenti sarebbero risultati pi\u00f9 forti e in salute. Benefici della milza grass-fed di bovino La milza di bovino allevato al pascolo \u00e8 ricca di principi nutritivi e una delle [&hellip;]<\/p>\n","protected":false},"featured_media":24022,"template":"","meta":{"_acf_changed":false,"inline_featured_image":false},"product_brand":[],"product_cat":[187,175,186],"product_tag":[],"class_list":{"0":"post-24021","1":"product","2":"type-product","3":"status-publish","4":"has-post-thumbnail","6":"product_cat-carenza-di-ferro","7":"product_cat-energia-it-2","8":"product_cat-gravidanza-e-fertilita","10":"first","11":"instock","12":"taxable","13":"shipping-taxable","14":"purchasable","15":"product-type-simple"},"bundled_by":["23921"],"bundle_stock_status":"instock","bundle_stock_quantity":null,"bundle_virtual":false,"bundle_layout":"","bundle_add_to_cart_form_location":"","bundle_editable_in_cart":false,"bundle_sold_individually_context":"","bundle_item_grouping":"","bundle_min_size":"","bundle_max_size":"","bundle_price":[],"bundled_items":[],"bundle_sell_ids":[],"acf":[],"_links":{"self":[{"href":"https:\/\/nutriest.eu\/it\/wp-json\/wp\/v2\/product\/24021","targetHints":{"allow":["GET"]}}],"collection":[{"href":"https:\/\/nutriest.eu\/it\/wp-json\/wp\/v2\/product"}],"about":[{"href":"https:\/\/nutriest.eu\/it\/wp-json\/wp\/v2\/types\/product"}],"wp:featuredmedia":[{"embeddable":true,"href":"https:\/\/nutriest.eu\/it\/wp-json\/wp\/v2\/media\/24022"}],"wp:attachment":[{"href":"https:\/\/nutriest.eu\/it\/wp-json\/wp\/v2\/media?parent=24021"}],"wp:term":[{"taxonomy":"product_brand","embeddable":true,"href":"https:\/\/nutriest.eu\/it\/wp-json\/wp\/v2\/product_brand?post=24021"},{"taxonomy":"product_cat","embeddable":true,"href":"https:\/\/nutriest.eu\/it\/wp-json\/wp\/v2\/product_cat?post=24021"},{"taxonomy":"product_tag","embeddable":true,"href":"https:\/\/nutriest.eu\/it\/wp-json\/wp\/v2\/product_tag?post=24021"}],"curies":[{"name":"wp","href":"https:\/\/api.w.org\/{rel}","templated":true}]}}