{"id":24018,"date":"2023-04-10T12:04:46","date_gmt":"2023-04-10T09:04:46","guid":{"rendered":"https:\/\/nutriest.eu\/products\/proteine-del-siero-del-latte-biologiche-in-polvere\/"},"modified":"2026-01-25T23:02:55","modified_gmt":"2026-01-25T21:02:55","slug":"proteine-in-polvere-grass-fed","status":"publish","type":"product","link":"https:\/\/nutriest.eu\/it\/products\/proteine-in-polvere-grass-fed\/","title":{"rendered":"Proteine in polvere grass-fed"},"content":{"rendered":"<p>Le nostre proteine in polvere grass-fed del siero del latte biologiche provengono da mucche allevate al pascolo che risultano pi\u00f9 in salute e felici. Un siero del latte organico che viene processato lo stretto indispensabile e pertanto \u00e8 pi\u00f9 ricco di antiossidanti e principi nutritivi rispetto alle proteine convenzionali.<\/p>\n<p>A differenza di molti sieri del latte in polvere sul mercato che sono arricchiti con ingredienti artificiali non salutari, noi non aggiungiamo lecitina della soia, dolcificanti, conservanti o additivi.<\/p>\n<h3><strong>Ecco i benefici delle proteine in polvere grass-fed del siero del latte<\/strong><\/h3>\n<ul>\n<li>Aiutano la crescita muscolare.<\/li>\n<li>Favoriscono il recupero.<\/li>\n<li>Migliorano la guarigione.<\/li>\n<li>Arricchiscono la dieta.<\/li>\n<li>Rendono pi\u00f9 sazi.<\/li>\n<li>Aumentano la densit\u00e0 di minerali nelle ossa.<\/li>\n<li>Rafforzano il sistema immunitario.<\/li>\n<\/ul>\n<p>Le proteine del siero del latte sono considerate tra gli integratori pi\u00f9 importanti ed efficaci per lo sport; infatti sono tra quelli pi\u00f9 studiati al mondo.<\/p>\n<p>Che tu sia un atleta, un culturista o semplicemente ami mantenerti in forma, delle proteine in polvere di qualit\u00e0 sono la pietra angolare da cui costruire la strategia per integrare la dieta. Il siero del latte \u00e8 una fonte proteica di qualit\u00e0 che viene assorbita e usata in modo efficiente dal corpo umano.<\/p>\n<p>Le proteine del siero del latte contengono tutti e nove gli aminoacidi essenziali in una forma facilmente assorbibile. Aiutano ad aumentare la forza e la massa muscolare riducendo il grasso corporeo. Tuttavia il siero del latte non \u00e8 solo una proteina, contiene anche altri principi nutritivi dai potenti effetti biologici.<\/p>\n<p><strong>Aumentano la crescita muscolare e migliorano la performance<\/strong><\/p>\n<p>Gli integratori di proteine del siero dell&#8217;atte uniti agli allenamenti di resistenza migliorano la sintesi proteica nei muscoli e aumentano la forza e la massa magra.<\/p>\n<ul>\n<li>Forniscono delle proteine con tutti gli aminoacidi essenziali che servono a costruire i muscoli.<\/li>\n<li>Aumentano il rilascio degli ormoni anabolizzanti che stimolano la crescita dei muscoli, come l&#8217;insulina.<\/li>\n<li>Sono ricchi di leucina, un aminoacido che stimola la sintesi proteica a livello molecolare.<\/li>\n<li>Sono assorbiti e usati pi\u00f9 rapidamente rispetto ad altri tipi di proteine.<\/li>\n<\/ul>\n<p>Le proteine del siero del latte si sono dimostrate particolarmente efficaci nella crescita muscolare se consumate appena prima, durante o appena dopo gli allenamenti.<\/p>\n<p><strong>Rendono pi\u00f9 sazi e favoriscono la perdita di peso<\/strong><\/p>\n<p>Le proteine aiutano a perdere peso aumentando il metabolismo e riducendo l&#8217;appetito. Le proteine del siero del latte aiutano a perdere grassi salvaguardando la massa muscolare.<\/p>\n<p><strong>Migliorano l&#8217;apporto di proteine e aminoacidi ramificati<\/strong><\/p>\n<p>Le proteine sono i mattoni con cui \u00e8 costruito il corpo umano e sono usate ovunque dai tendini agli organi fino alla pelle, come anche in ormoni, enzimi e neurotrasmettitori. Il siero di latte da bovini allevati al pascolo \u00e8 molto ricco di aminoacidi ramificati (BCAA) come leucina, valina e isoleucina, ed \u00e8 ricco anche di cisteina. La leucina \u00e8 l&#8217;aminoacido pi\u00f9 anabolizzante (che promuove la crescita) mentre la cisteina favorisce un potente antiossidante cellulare, il glutatione.<\/p>\n<p><strong>Rafforzano il sistema immunitario per resistere alle infezioni<\/strong><\/p>\n<p>Le proteine e i peptidi del siero del latte forniscono un sostegno probiotico. Migliorano l&#8217;attivit\u00e0 antibatterica di certi enzimi e inibiscono i batteri nocivi che cercano di colonizzare l&#8217;intestino. Una risposta positiva che protegge da infezioni e virus mediata da vari elementi.<\/p>\n<p><strong>Immunoglobuline<\/strong> &#8211; Componenti coinvolti nelle funzioni del sistema immunitario come stimolare le cellule immunitarie e neutralizzare virus e batteri.<\/p>\n<p><strong>Lattoferrina<\/strong> &#8211; Aiuta a regolare l&#8217;assorbimento del ferro nell&#8217;intestino. Protegge dalle infezioni oltre che da batteri, virus e funghi privandoli del nutrimento e inibendone la crescita.<\/p>\n<p><strong>Lattoglobulina<\/strong> &#8211; Un composto che aiuta gli aminoacidi ad arrivare al sistema immunitario.<\/p>\n<p><strong>Acido sialico<\/strong> &#8211; Riduce i rischi legati ad alcune infezioni intestinali come quelle da E. Coli e H. Pylori. Inoltre sembra avere un effetto probiotico stimolando la crescita dei bifidobatteri e dei lattobacilli.<\/p>\n<p><strong>Glutammina<\/strong> &#8211; \u00c8 una proteina con un ruolo cruciale per il sistema immunitario e funge da carburante per le cellule immunitarie come i globuli bianchi.<\/p>\n<p><strong>Selenio<\/strong> &#8211; Un micronutriente che diminuisce lo stress ossidativo contribuendo a ridurre le infiammazioni e migliorare l&#8217;immunizzazione.<\/p>\n","protected":false},"excerpt":{"rendered":"<p>Le nostre proteine in polvere grass-fed del siero del latte biologiche provengono da mucche allevate al pascolo che risultano pi\u00f9 in salute e felici. Un siero del latte organico che viene processato lo stretto indispensabile e pertanto \u00e8 pi\u00f9 ricco di antiossidanti e principi nutritivi rispetto alle proteine convenzionali. A differenza di molti sieri del [&hellip;]<\/p>\n","protected":false},"featured_media":68637,"template":"","meta":{"_acf_changed":false,"inline_featured_image":false},"product_brand":[],"product_cat":[202],"product_tag":[],"class_list":{"0":"post-24018","1":"product","2":"type-product","3":"status-publish","4":"has-post-thumbnail","6":"product_cat-crescita-muscolare","8":"first","9":"instock","10":"taxable","11":"shipping-taxable","12":"purchasable","13":"product-type-simple"},"bundled_by":["23922"],"bundle_stock_status":"instock","bundle_stock_quantity":-8,"bundle_virtual":false,"bundle_layout":"","bundle_add_to_cart_form_location":"","bundle_editable_in_cart":false,"bundle_sold_individually_context":"","bundle_item_grouping":"","bundle_min_size":"","bundle_max_size":"","bundle_price":[],"bundled_items":[],"bundle_sell_ids":[],"acf":[],"_links":{"self":[{"href":"https:\/\/nutriest.eu\/it\/wp-json\/wp\/v2\/product\/24018","targetHints":{"allow":["GET"]}}],"collection":[{"href":"https:\/\/nutriest.eu\/it\/wp-json\/wp\/v2\/product"}],"about":[{"href":"https:\/\/nutriest.eu\/it\/wp-json\/wp\/v2\/types\/product"}],"wp:featuredmedia":[{"embeddable":true,"href":"https:\/\/nutriest.eu\/it\/wp-json\/wp\/v2\/media\/68637"}],"wp:attachment":[{"href":"https:\/\/nutriest.eu\/it\/wp-json\/wp\/v2\/media?parent=24018"}],"wp:term":[{"taxonomy":"product_brand","embeddable":true,"href":"https:\/\/nutriest.eu\/it\/wp-json\/wp\/v2\/product_brand?post=24018"},{"taxonomy":"product_cat","embeddable":true,"href":"https:\/\/nutriest.eu\/it\/wp-json\/wp\/v2\/product_cat?post=24018"},{"taxonomy":"product_tag","embeddable":true,"href":"https:\/\/nutriest.eu\/it\/wp-json\/wp\/v2\/product_tag?post=24018"}],"curies":[{"name":"wp","href":"https:\/\/api.w.org\/{rel}","templated":true}]}}