{"id":24001,"date":"2023-04-10T12:07:46","date_gmt":"2023-04-10T09:07:46","guid":{"rendered":"https:\/\/nutriest.eu\/products\/gocce-minerali-oceaniche\/"},"modified":"2025-05-21T18:42:39","modified_gmt":"2025-05-21T15:42:39","slug":"gocce-minerali-oceaniche","status":"publish","type":"product","link":"https:\/\/nutriest.eu\/it\/products\/gocce-minerali-oceaniche\/","title":{"rendered":"Gocce minerali"},"content":{"rendered":"<p>L&#8217;acqua degli oceani contiene naturalmente pi\u00f9 di 70 minerali e altre tracce di elementi tra cui magnesio, sodio, potassio, calcio, iodio, boro, ferro, zinco, selenio, rame, molibdeno, manganese, cromo, argento, zolfo e fosforo. Ognuno di questi ha un ruolo del funzionamento del nostro corpo e quelli presenti nell&#8217;acqua oceanica sono molto biodisponibili, facilmente assorbibili dal corpo umano.<\/p>\n<h4>Benefici delle gocce minerali<\/h4>\n<p><strong>Ecco i benefici dei minerali oceanici.<\/strong><\/p>\n<ul>\n<li>Stimolano la formazione del collagene.<\/li>\n<li>Migliorano l&#8217;idratazione della pelle.<\/li>\n<li>Sostengono strutturalmente organi, tessuti e ossa.<\/li>\n<li>Aiutano a mantenere l&#8217;equilibrio dei fluidi.<\/li>\n<li>Accelerano il recupero dall&#8217;esercizio fisico.<\/li>\n<li>Migliorano la performance atletica.<\/li>\n<li>Riducono il rischio di osteoporosi.<\/li>\n<\/ul>\n<h3><strong>Benefici del magnesio<\/strong><\/h3>\n<p>Il magnesio \u00e8 il quarto minerale pi\u00f9 abbondante nel nostro corpo ed \u00e8 cofattore in pi\u00f9 di 600 reazioni cellulari che regolano diverse reazioni biochimiche del corpo. Tra queste troviamo la sintesi delle proteine, il funzionamento di nervi e muscoli, il controllo del glucosio nel sangue e il lavoro del sistema immunitario. Un basso apporto di magnesio \u00e8 legato a molti problemi di salute come debolezza, depressione, pressione alta e patologie cardiache.<\/p>\n<p><strong>Aiuta il cuore a rimanere in salute<\/strong><\/p>\n<p>Il magnesio aiuta le cellule dei muscoli cardiaci a rilassarsi contrastando il calcio che stimola la contrazione. Due minerali che competono per assicurare che il cuore pompi sangue adeguatamente.<\/p>\n<p><strong>Migliora la qualit\u00e0 del sonno<\/strong><\/p>\n<p>La carenza di sonno \u00e8 un problema importante in tutto il mondo e il magnesio serve a migliorare la qualit\u00e0 del riposo aiutando mente e corpo a rilassarsi. Gli studi mostrano che il magnesio regola la produzione di melatonina, l&#8217;ormone responsabile del ciclo dormiveglia. Il magnesio si lega anche ai recettori gamma-amminobutirrici (GABA) che aiutano a calmare l&#8217;attivit\u00e0 nervosa.<\/p>\n<p><strong>Aiuta a prevenire l&#8217;emicrania<\/strong><\/p>\n<p>Vari studi hanno mostrato che un basso apporto di magnesio pu\u00f2 causare emicrania perch\u00e9 va a intaccare i neurotrasmettitori e la larghezza dei vasi sanguigni, fattori collegati all&#8217;emicrania. In uno studio di 12 settimane le persone che hanno preso 600 mg di magnesio hanno avuto il 42 % di emicrania in meno rispetto al periodo precedente allo studio. Aumentare l&#8217;apporto di magnesio pu\u00f2 essere un modo semplice per combattere l&#8217;emicrania.<\/p>\n<p><strong>Combatte ansia e depressione<\/strong><\/p>\n<p>Il magnesio ha un ruolo importante nel funzionamento del cervello e per l&#8217;umore, con bassi livelli legati a un aumento di depressione e ansia. In un&#8217;analisi di 8.800 persone si \u00e8 riscontrato che le persone sotto i 65 anni di et\u00e0 con livelli di magnesio pi\u00f9 bassi avevano il 22 % in pi\u00f9 di probabilit\u00e0 di entrare in depressione. Alcuni ricercatori credono che il basso contenuto di magnesio nei cibi contemporanei pu\u00f2 essere una concausa di molti casi di depressione e patologie mentali.<\/p>\n<p><strong>Riduce i sintomi della SPM<\/strong><\/p>\n<p>La sindrome premestruale (SPM) \u00e8 una condizione tra le pi\u00f9 comuni nelle donne in et\u00e0 fertile. Tra i sintomi troviamo ritenzione idrica, dolori addominali, spossatezza e irritabilit\u00e0. Il magnesio ha un ruolo nel migliorare l&#8217;umore, ridurre la ritenzione idrica e nel far fronte ad altri sintomi della SPM.<\/p>\n<p><strong>Benefici antinfiammatori<\/strong><\/p>\n<p>Un basso apporto di magnesio \u00e8 legato alle infiammazioni croniche che sono spesso concause di invecchiamento, obesit\u00e0 e altre situazioni patologiche. In uno studio i bambini con meno magnesio nel sangue erano quelli con i pi\u00f9 alti livelli di proteina C-reattiva (PCR). Si tratta di una proteina sintetizzata durante gli stati infiammatori. Inoltre avevano pi\u00f9 zucchero, insulina e trigliceridi nel sangue. Integrando il magnesio si pu\u00f2 ridurre i livelli di PCR negli adulti, nelle persone sovrappeso e in chi \u00e8 predisposto al diabete.<\/p>\n<p><strong>Riduce l&#8217;insulinoresistenza<\/strong><\/p>\n<p>L&#8217;insulinoresistenza \u00e8 una delle principali cause della sindrome metabolica e del diabete di tipo II. \u00c8 caratterizzata da cellule muscolari e del fegato che non sono in grado di assorbire in maniera appropriata gli zuccheri nel sangue. Il magnesio \u00e8 attivo in questo processo e molte persone con sindrome metabolica ne hanno carenza. Aumentare l&#8217;apporto di magnesio pu\u00f2 aiutare, come mostrato da uno studio che ha riscontrato che integrando l&#8217;apporto del minerale si riduce l&#8217;insulinoresistenza e lo zucchero nel sangue, anche nelle persone con parametri sanguigni normali.<\/p>\n","protected":false},"excerpt":{"rendered":"<p>L&#8217;acqua degli oceani contiene naturalmente pi\u00f9 di 70 minerali e altre tracce di elementi tra cui magnesio, sodio, potassio, calcio, iodio, boro, ferro, zinco, selenio, rame, molibdeno, manganese, cromo, argento, zolfo e fosforo. Ognuno di questi ha un ruolo del funzionamento del nostro corpo e quelli presenti nell&#8217;acqua oceanica sono molto biodisponibili, facilmente assorbibili dal [&hellip;]<\/p>\n","protected":false},"featured_media":24007,"template":"","meta":{"_acf_changed":false,"inline_featured_image":false},"product_brand":[],"product_cat":[174,175,186,195],"product_tag":[],"class_list":{"0":"post-24001","1":"product","2":"type-product","3":"status-publish","4":"has-post-thumbnail","6":"product_cat-ansia-e-stress","7":"product_cat-energia-it-2","8":"product_cat-gravidanza-e-fertilita","9":"product_cat-stimolo-immunitario","11":"first","12":"instock","13":"taxable","14":"shipping-taxable","15":"purchasable","16":"product-type-simple"},"bundled_by":[],"bundle_stock_status":"instock","bundle_stock_quantity":null,"bundle_virtual":false,"bundle_layout":"","bundle_add_to_cart_form_location":"","bundle_editable_in_cart":false,"bundle_sold_individually_context":"","bundle_item_grouping":"","bundle_min_size":"","bundle_max_size":"","bundle_price":[],"bundled_items":[],"bundle_sell_ids":[],"acf":[],"_links":{"self":[{"href":"https:\/\/nutriest.eu\/it\/wp-json\/wp\/v2\/product\/24001","targetHints":{"allow":["GET"]}}],"collection":[{"href":"https:\/\/nutriest.eu\/it\/wp-json\/wp\/v2\/product"}],"about":[{"href":"https:\/\/nutriest.eu\/it\/wp-json\/wp\/v2\/types\/product"}],"wp:featuredmedia":[{"embeddable":true,"href":"https:\/\/nutriest.eu\/it\/wp-json\/wp\/v2\/media\/24007"}],"wp:attachment":[{"href":"https:\/\/nutriest.eu\/it\/wp-json\/wp\/v2\/media?parent=24001"}],"wp:term":[{"taxonomy":"product_brand","embeddable":true,"href":"https:\/\/nutriest.eu\/it\/wp-json\/wp\/v2\/product_brand?post=24001"},{"taxonomy":"product_cat","embeddable":true,"href":"https:\/\/nutriest.eu\/it\/wp-json\/wp\/v2\/product_cat?post=24001"},{"taxonomy":"product_tag","embeddable":true,"href":"https:\/\/nutriest.eu\/it\/wp-json\/wp\/v2\/product_tag?post=24001"}],"curies":[{"name":"wp","href":"https:\/\/api.w.org\/{rel}","templated":true}]}}