{"id":23974,"date":"2023-02-20T15:14:23","date_gmt":"2023-02-20T13:14:23","guid":{"rendered":"https:\/\/nutriest.eu\/products\/integratore-di-fegato-essiccato-di-bovino-allevato-al-pascolo\/"},"modified":"2025-05-22T18:57:49","modified_gmt":"2025-05-22T15:57:49","slug":"integratore-di-fegato-grass-fed-2","status":"publish","type":"product","link":"https:\/\/nutriest.eu\/it\/products\/integratore-di-fegato-grass-fed-2\/","title":{"rendered":"Fegato grass-fed"},"content":{"rendered":"<p><strong>I nostri antenati, i nativi americani e gli antichi guaritori credevano che se una persona si nutriva degli organi di un animale sano, i suoi organi corrispondenti sarebbero risultati pi\u00f9 forti e in salute.<\/strong><\/p>\n<h3>Benefici del fegato grass-fed di bovino<\/h3>\n<p>Tra tutte le interiore il fegato di bovini allevati a pascolo \u00e8 un vero concentrato di principi nutritivi. I suoi tessuti sono pieni di vitamine, minerali, enzimi, coenzimi, proteine e grassi. Tra questi principi nutritivi troviamo la provitamina A, chiamata anche retinolo, unita ad altre vitamine liposolubili importanti tra cui D3, E e K2. Troviamo poi una buona dose di vitamina B12 biodisponibile insieme alle altre vitamine del gruppo B quali B1, B2, B3, B6 e acido folico. Il fegato \u00e8 anche un\u2019ottima un&#8217;ottima fonte di ferro eme, tra le forme di ferro pi\u00f9 biodisponibili, e di colina, a cui si aggiungono una pletora di altri minerali facilmente assorbibili come zinco, selenio, rame, fosforo, potassio, magnesio e manganese.<\/p>\n<p><strong>Ecco i principali benefici del fegato essiccato di bovino.<\/strong><\/p>\n<ul>\n<li><strong>Rende pi\u00f9 sani cervello, cuore e fegato.<\/strong><\/li>\n<li><strong>Irrobustisce le articolazioni, i tessuti connettivi e il collagene.<\/strong><\/li>\n<li><strong>Migliora la salute di pelle, gengive, denti e capelli.<\/strong><\/li>\n<li><strong>Potenzia il metabolismo, fornisce energia, migliora l\u2019umore e favorisce la metilazione.<\/strong><\/li>\n<li><strong>Rafforza il sistema immunitario.<\/strong><\/li>\n<\/ul>\n<p><strong>Favorisce la perdita di peso<\/strong><\/p>\n<p>Una dieta alimentare sana con un apporto adeguato di principi nutritivi \u00e8 vitale per combattere l\u2019obesit\u00e0. Il fegato di bovino \u00e8 un concentrato di quasi tutte le sostanze nutritive pi\u00f9 importanti tra cui vitamine, minerali e aminoacidi essenziali.<br \/>\nAssumere minerali e vitamine di buona qualit\u00e0, facilmente assorbibili e in dosi sufficienti riduce l\u2019appetito e favorisce la perdita di peso, mantenendo il corpo soddisfatto senza bisogno di spuntini frequenti.<\/p>\n<p><strong>Previene l&#8217;anemia da carenza di ferro<\/strong><\/p>\n<p>Molti dei sintomi dell&#8217;anemia sono causati da una riduzione dell&#8217;ossigenazione dei tessuti e degli organi vitali. Tra questi troviamo sonnolenza, mancanza di energia, fame d&#8217;aria e palpitazioni. Ferro, vitamina B12 e acido folico sono essenziali per la salute del sangue e il fegato di bovino ne \u00e8 ricco. In particolare il fegato contiene molto ferro eme biodisponibile.<\/p>\n<p><strong>Migliora il benessere<\/strong><\/p>\n<p>Il fegato di bovino allevato al pascolo \u00e8 un integratore alimentare che migliora la salute di pelle, unghie, capelli, articolazioni e sistema immunitario. Contiene sia la vitamina B-12, cruciale per la salute dei tessuti nervosi, il funzionamento del cervello e la produzione di globuli rossi, sia la vitamina A, essenziale per proteggere la vista. \u00c8 ricco di ferro, che riveste un ruolo importante nel nostro corpo aiutando a trasportare l\u2019ossigeno dai polmoni ai tessuti corporei per mantenerne le funzioni vitali. Infine il fegato di bovino allevato al pascolo contiene buone dosi di omega-6 e omega-3, tra gli acidi grassi pi\u00f9 importanti per lo sviluppo e la salute del cervello.<\/p>\n","protected":false},"excerpt":{"rendered":"<p>I nostri antenati, i nativi americani e gli antichi guaritori credevano che se una persona si nutriva degli organi di un animale sano, i suoi organi corrispondenti sarebbero risultati pi\u00f9 forti e in salute. Benefici del fegato grass-fed di bovino Tra tutte le interiore il fegato di bovini allevati a pascolo \u00e8 un vero concentrato [&hellip;]<\/p>\n","protected":false},"featured_media":66433,"template":"","meta":{"_acf_changed":false,"inline_featured_image":false},"product_brand":[],"product_cat":[174,202,175,203,195],"product_tag":[],"class_list":{"0":"post-23974","1":"product","2":"type-product","3":"status-publish","4":"has-post-thumbnail","6":"product_cat-ansia-e-stress","7":"product_cat-crescita-muscolare","8":"product_cat-energia-it-2","9":"product_cat-perdita-di-peso","10":"product_cat-stimolo-immunitario","12":"first","13":"instock","14":"taxable","15":"shipping-taxable","16":"purchasable","17":"product-type-simple"},"bundled_by":["23918"],"bundle_stock_status":"instock","bundle_stock_quantity":null,"bundle_virtual":false,"bundle_layout":"","bundle_add_to_cart_form_location":"","bundle_editable_in_cart":false,"bundle_sold_individually_context":"","bundle_item_grouping":"","bundle_min_size":"","bundle_max_size":"","bundle_price":[],"bundled_items":[],"bundle_sell_ids":[],"acf":[],"_links":{"self":[{"href":"https:\/\/nutriest.eu\/it\/wp-json\/wp\/v2\/product\/23974","targetHints":{"allow":["GET"]}}],"collection":[{"href":"https:\/\/nutriest.eu\/it\/wp-json\/wp\/v2\/product"}],"about":[{"href":"https:\/\/nutriest.eu\/it\/wp-json\/wp\/v2\/types\/product"}],"wp:featuredmedia":[{"embeddable":true,"href":"https:\/\/nutriest.eu\/it\/wp-json\/wp\/v2\/media\/66433"}],"wp:attachment":[{"href":"https:\/\/nutriest.eu\/it\/wp-json\/wp\/v2\/media?parent=23974"}],"wp:term":[{"taxonomy":"product_brand","embeddable":true,"href":"https:\/\/nutriest.eu\/it\/wp-json\/wp\/v2\/product_brand?post=23974"},{"taxonomy":"product_cat","embeddable":true,"href":"https:\/\/nutriest.eu\/it\/wp-json\/wp\/v2\/product_cat?post=23974"},{"taxonomy":"product_tag","embeddable":true,"href":"https:\/\/nutriest.eu\/it\/wp-json\/wp\/v2\/product_tag?post=23974"}],"curies":[{"name":"wp","href":"https:\/\/api.w.org\/{rel}","templated":true}]}}