{"id":23971,"date":"2023-04-10T12:07:00","date_gmt":"2023-04-10T09:07:00","guid":{"rendered":"https:\/\/nutriest.eu\/products\/collagene-di-bovino-idrolizzato-allevato-al-pascolo\/"},"modified":"2025-05-21T20:00:02","modified_gmt":"2025-05-21T17:00:02","slug":"collagene-idrolizzato-grass-fed","status":"publish","type":"product","link":"https:\/\/nutriest.eu\/it\/products\/collagene-idrolizzato-grass-fed\/","title":{"rendered":"Collagene idrolizzato grass-fed"},"content":{"rendered":"<p><strong>Il collagene \u00e8 la proteina pi\u00f9 abbondante negli esseri umani e nei mammiferi, e costituisce dal 25 % al 30 % delle proteine totali nel corpo.<\/strong><\/p>\n<h3>Benefici del collagene idrolizzato grass-fed di bovino<\/h3>\n<p>Il collagene di bovino \u00e8 principalmente di tipo I e III, due tipologie che hanno un ruolo importante nella crescita e guarigione di ossa, tendini, legamenti e pelle.<\/p>\n<p>Il collagene di bovino fornisce 18 aminoacidi di cui otto essenziali ed \u00e8 un&#8217;ottima fonte di glicina e prolina. La glicina \u00e8 un componente chiave per creare i filamenti di DNA e RNA per il buon funzionamento delle cellule corporee. La prolina aiuta il corpo a produrre da solo il proprio collagene. Inoltre il collagene bovino contiene sia glutammina, che aiuta a prevenire le infiammazioni intestinali, sia arginina, che migliora la performance atletica.<\/p>\n<p>Il collagene \u00e8 presente in cartilagini, ossa, vasi sanguigni, cornea, dischi intervertebrali, muscoli e nel tratto gastrointestinale. La sua produzione cala con l&#8217;et\u00e0 ed \u00e8 danneggiato dal fumo e altri stress ossidativi.<\/p>\n<p><strong>Ecco le pi\u00f9 importanti funzioni del collagene.<\/strong><\/p>\n<ul>\n<li>Rende la pelle resistente, coesa ed elastica.<\/li>\n<li>Riduce il dolore articolare e rafforza le ossa.<\/li>\n<li>Aiuta a prevenire la comparsa delle rughe.<\/li>\n<li>Migliora la salute intestinale.<\/li>\n<li>Aumenta la massa muscolare.<\/li>\n<\/ul>\n<p><strong>Migliora la salute della pelle<\/strong><\/p>\n<p>Il collagene \u00e8 il componente principale della pelle e la rafforza dandole elasticit\u00e0 e idratandola. Integrando il collagene aiuti il corpo a produrlo da solo stimolando la produzione di elastina e fibrillina.<\/p>\n<p><strong>Riduce i dolori articolari<\/strong><\/p>\n<p>Il collagene aiuta a mantenere le cartilagini in salute proteggendo le articolazioni. Il collagene bovino stimola la produzione di collagene e protegge le giunture riducendo il dolore e alleviando osteoartrite e artrite reumatoide.<\/p>\n<p><strong>Migliora il recupero<\/strong><\/p>\n<p>Gli aminoacidi contenuti nel collagene velocizzano il recupero atletico dopo l&#8217;allenamento. In particolare le proteine del collagene in polvere sono l&#8217;ideale dopo l&#8217;allenamento grazie al loro contenuto di aminoacidi che sostiene il fabbisogno proteico legato allo sforzo.<\/p>\n<p><strong>Aumenta la forza<\/strong><\/p>\n<p>Il collagene di bovino allevato al pascolo contiene glicina e arginina che favoriscono la sintesi della creatina. La creatina aiuta i muscoli a produrre energia nel sollevamento pesi e negli esercizi ad alta intensit\u00e0.<\/p>\n<p><strong>Migliora la qualit\u00e0 del sonno<\/strong><\/p>\n<p>A nessuno piace dormire male; e il collagene pu\u00f2 aiutare a dormire meglio. La glicina, tra gli aminoacidi pi\u00f9 abbondanti nel collagene, ha un effetto calmante sul cervello aiutandoti ad addormentarti prima e a dormire pi\u00f9 a lungo.<\/p>\n","protected":false},"excerpt":{"rendered":"<p>Il collagene \u00e8 la proteina pi\u00f9 abbondante negli esseri umani e nei mammiferi, e costituisce dal 25 % al 30 % delle proteine totali nel corpo. Benefici del collagene idrolizzato grass-fed di bovino Il collagene di bovino \u00e8 principalmente di tipo I e III, due tipologie che hanno un ruolo importante nella crescita e guarigione [&hellip;]<\/p>\n","protected":false},"featured_media":68632,"template":"","meta":{"_acf_changed":false,"inline_featured_image":false},"product_brand":[],"product_cat":[202,191],"product_tag":[],"class_list":{"0":"post-23971","1":"product","2":"type-product","3":"status-publish","4":"has-post-thumbnail","6":"product_cat-crescita-muscolare","7":"product_cat-dolore-articolare","9":"first","10":"instock","11":"taxable","12":"shipping-taxable","13":"purchasable","14":"product-type-simple"},"bundled_by":["23918"],"bundle_stock_status":"instock","bundle_stock_quantity":null,"bundle_virtual":false,"bundle_layout":"","bundle_add_to_cart_form_location":"","bundle_editable_in_cart":false,"bundle_sold_individually_context":"","bundle_item_grouping":"","bundle_min_size":"","bundle_max_size":"","bundle_price":[],"bundled_items":[],"bundle_sell_ids":[],"acf":[],"_links":{"self":[{"href":"https:\/\/nutriest.eu\/it\/wp-json\/wp\/v2\/product\/23971","targetHints":{"allow":["GET"]}}],"collection":[{"href":"https:\/\/nutriest.eu\/it\/wp-json\/wp\/v2\/product"}],"about":[{"href":"https:\/\/nutriest.eu\/it\/wp-json\/wp\/v2\/types\/product"}],"wp:featuredmedia":[{"embeddable":true,"href":"https:\/\/nutriest.eu\/it\/wp-json\/wp\/v2\/media\/68632"}],"wp:attachment":[{"href":"https:\/\/nutriest.eu\/it\/wp-json\/wp\/v2\/media?parent=23971"}],"wp:term":[{"taxonomy":"product_brand","embeddable":true,"href":"https:\/\/nutriest.eu\/it\/wp-json\/wp\/v2\/product_brand?post=23971"},{"taxonomy":"product_cat","embeddable":true,"href":"https:\/\/nutriest.eu\/it\/wp-json\/wp\/v2\/product_cat?post=23971"},{"taxonomy":"product_tag","embeddable":true,"href":"https:\/\/nutriest.eu\/it\/wp-json\/wp\/v2\/product_tag?post=23971"}],"curies":[{"name":"wp","href":"https:\/\/api.w.org\/{rel}","templated":true}]}}