{"id":23968,"date":"2023-04-10T12:08:48","date_gmt":"2023-04-10T09:08:48","guid":{"rendered":"https:\/\/nutriest.eu\/products\/integratore-di-cuore-essiccato-di-bovino-allevato-al-pascolo\/"},"modified":"2025-05-21T20:49:45","modified_gmt":"2025-05-21T17:49:45","slug":"integratore-di-cuore-grass-fed-biologico","status":"publish","type":"product","link":"https:\/\/nutriest.eu\/it\/products\/integratore-di-cuore-grass-fed-biologico\/","title":{"rendered":"Cuore grass-fed"},"content":{"rendered":"<p><strong>I nostri antenati, i nativi americani e gli antichi guaritori credevano che se una persona si nutriva degli organi di un animale sano, i suoi organi corrispondenti sarebbero risultati pi\u00f9 forti e in salute.<\/strong><\/p>\n<h3>Benefici dell&#8217;integratore di cuore grass-fed di bovino<\/h3>\n<p>Il cuore di bovino allevato al pascolo \u00e8 un&#8217;ottima fonte di ferro, zinco, selenio e vitamine B; ma il principio nutritivo pi\u00f9 significativo del cuore \u00e8 il coenzima Q10. Il coenzima Q10 \u00e8 10 volte pi\u00f9 potente della vitamina E, il che lo rende uno dei pi\u00f9 forti antiossidanti disponibili. \u00c8 cruciale per la produzione di energia e per prevenire lo stress ossidativo. Il cuore contiene il doppio del collagene e dell&#8217;elastina rispetto alla carne normale; quindi \u00e8 ricco di aminoacidi come la glicina e la prolina, essenziali per la salute di tessuti connettivi, articolazioni e intestinale. La glicina aiuta i muscoli a crescere e ricostruirsi aumentando la produzione di creatina e regolando la secrezione dell&#8217;ormone della crescita da parte dell&#8217;ipofisi. Un aminoacido essenziale per la salute e il funzionamento del sistema nervoso.<\/p>\n<p><strong>Sostiene la salute cardiovascolare<\/strong><\/p>\n<p>Per mantenere il cuore sano servono i giusti principi nutritivi.<br \/>\nStudi scientifici mostrano come integrare il coenzima Q10 pu\u00f2 risultare utile nel trattamento di patologie cardiovascolari, migliorando la risposta alla sintomatologia dell&#8217;insufficienza cardiaca. Il nostro cuore di bovino \u00e8 ricco di coenzima Q10 per mantenere sani i vasi sanguigni fornendo loro cellule ed energia.<\/p>\n<p><strong>Riduce le infiammazioni<\/strong><\/p>\n<p>La maggior parte del coenzima Q10 antinfiammatorio si trova nel cuore. Si tratta di un antiossidante che limita lo stress ossidativo che pu\u00f2 danneggiare le cellule, provocare risposte immunitarie indesiderate e generare infiammazioni.<br \/>\nLe infiammazioni croniche sono un meccanismo alla base di molte patologie come quelle cardiache, l&#8217;obesit\u00e0, il diabete di tipo 2, la cataratta, l&#8217;Alzheimer, il Parkinson e i tumori. Integrando il coenzima Q10 si pu\u00f2 migliorare l&#8217;efficienza dei mitocondri, limitare i danni da ossidazione e controllare le infiammazioni.<\/p>\n","protected":false},"excerpt":{"rendered":"<p>I nostri antenati, i nativi americani e gli antichi guaritori credevano che se una persona si nutriva degli organi di un animale sano, i suoi organi corrispondenti sarebbero risultati pi\u00f9 forti e in salute. Benefici dell&#8217;integratore di cuore grass-fed di bovino Il cuore di bovino allevato al pascolo \u00e8 un&#8217;ottima fonte di ferro, zinco, selenio [&hellip;]<\/p>\n","protected":false},"featured_media":66519,"template":"","meta":{"_acf_changed":false,"inline_featured_image":false},"product_brand":[],"product_cat":[175],"product_tag":[],"class_list":{"0":"post-23968","1":"product","2":"type-product","3":"status-publish","4":"has-post-thumbnail","6":"product_cat-energia-it-2","8":"first","9":"instock","10":"taxable","11":"shipping-taxable","12":"purchasable","13":"product-type-simple"},"bundled_by":[],"bundle_stock_status":"instock","bundle_stock_quantity":null,"bundle_virtual":false,"bundle_layout":"","bundle_add_to_cart_form_location":"","bundle_editable_in_cart":false,"bundle_sold_individually_context":"","bundle_item_grouping":"","bundle_min_size":"","bundle_max_size":"","bundle_price":[],"bundled_items":[],"bundle_sell_ids":[],"acf":[],"_links":{"self":[{"href":"https:\/\/nutriest.eu\/it\/wp-json\/wp\/v2\/product\/23968","targetHints":{"allow":["GET"]}}],"collection":[{"href":"https:\/\/nutriest.eu\/it\/wp-json\/wp\/v2\/product"}],"about":[{"href":"https:\/\/nutriest.eu\/it\/wp-json\/wp\/v2\/types\/product"}],"wp:featuredmedia":[{"embeddable":true,"href":"https:\/\/nutriest.eu\/it\/wp-json\/wp\/v2\/media\/66519"}],"wp:attachment":[{"href":"https:\/\/nutriest.eu\/it\/wp-json\/wp\/v2\/media?parent=23968"}],"wp:term":[{"taxonomy":"product_brand","embeddable":true,"href":"https:\/\/nutriest.eu\/it\/wp-json\/wp\/v2\/product_brand?post=23968"},{"taxonomy":"product_cat","embeddable":true,"href":"https:\/\/nutriest.eu\/it\/wp-json\/wp\/v2\/product_cat?post=23968"},{"taxonomy":"product_tag","embeddable":true,"href":"https:\/\/nutriest.eu\/it\/wp-json\/wp\/v2\/product_tag?post=23968"}],"curies":[{"name":"wp","href":"https:\/\/api.w.org\/{rel}","templated":true}]}}