{"id":23965,"date":"2023-04-10T12:11:57","date_gmt":"2023-04-10T09:11:57","guid":{"rendered":"https:\/\/nutriest.eu\/products\/estratto-di-colostro-di-bovino-allevato-al-pascolo\/"},"modified":"2025-10-23T18:36:39","modified_gmt":"2025-10-23T15:36:39","slug":"estratto-di-colostro-grass-fed-biologico","status":"publish","type":"product","link":"https:\/\/nutriest.eu\/it\/products\/estratto-di-colostro-grass-fed-biologico\/","title":{"rendered":"Colostro grass-fed"},"content":{"rendered":"<p>I neonati ricevono il colostro dalla madre nelle prime 48 ore dal parto. Un <strong>elisir della vita<\/strong> che non solo fornisce principi nutritivi e anticorpi naturali molto concentrati ma \u00e8 il fondamento del sistema immunitario di tutta la vita. Il colostro grass-fed di bovino non fa eccezione.<\/p>\n<p>Il colostro \u00e8 popolare anche tra gli atleti per la sua capacit\u00e0 di favorire il consumo di grassi, l&#8217;aumento della massa muscolare magra e un miglioramento della performance.<\/p>\n<p>Il colostro di bovini allevati al pascolo \u00e8 molto nutritivo e offre benefici salutari unici. \u00c8 ricco di immunoglobuline, fattori di crescita, vitamine, aminoacidi ed enzimi digestivi che stimolano la crescita cellulare e il recupero fisico.<\/p>\n<h3>Benefici del colostro grass-fed di bovino<\/h3>\n<p><strong>Migliora il sistema immunitario<\/strong><\/p>\n<p>Il nostro colostro di bovino \u00e8 ricco di fattori immunitari come anticorpi e immunoglobuline che aiutano a prevenire le infezioni batteriche dell&#8217;apparato digerente. Gli anticorpi sono proteine che combattono virus e batteri. L&#8217;alta concentrazione di immunoglobuline A e G sono il motivo principale degli effetti benefici sulla salute del sistema immunitario e digestivo.<\/p>\n<p><strong>Ripara le cellule per una crescita sana<\/strong><\/p>\n<p>Il colostro di bovino contiene due fattori importanti di crescita alfa e beta. Il pi\u00f9 abbondante \u00e8 il fattore di crescita dell&#8217;epidermide (EGF), cruciale per la salute della pelle e la guarigione delle ferite. Il secondo \u00e8 costituito dai fattori di crescita insulino-simili 1 e 2 che hanno un ruolo importante nella crescita dei muscoli, nella riparazione di cartilagini, muscoli e ossa, e nella rigenerazione cellulare. I professionisti sanitari usano il colostro per sostenere anche la salute delle articolazioni combattendo infiammazioni e rigidit\u00e0. Gli effetti rigenerativi del colostro di bovino sulle cellule corporee ne favoriscono l&#8217;elasticit\u00e0 e la vitalit\u00e0.<\/p>\n<p><strong>Migliora la salute intestinale<\/strong><\/p>\n<p>Il colostro di bovino allevato al pascolo stimola la crescita delle cellule intestinali, rafforza le pareti dell&#8217;intestino e ne previene la permeabilit\u00e0. Questi effetti benefici sono probabilmente collegati ai polipeptidi di prolina, alla lattoferrina e ad altri fattori di crescita. La lattoferrina aiuta a legare il ferro ed ha un ruolo importante nel sistema immunitario con propriet\u00e0 antimicrobiche, antivirali e antinfiammatorie.<\/p>\n","protected":false},"excerpt":{"rendered":"<p>I neonati ricevono il colostro dalla madre nelle prime 48 ore dal parto. Un elisir della vita che non solo fornisce principi nutritivi e anticorpi naturali molto concentrati ma \u00e8 il fondamento del sistema immunitario di tutta la vita. Il colostro grass-fed di bovino non fa eccezione. Il colostro \u00e8 popolare anche tra gli atleti [&hellip;]<\/p>\n","protected":false},"featured_media":39524,"template":"","meta":{"_acf_changed":false,"inline_featured_image":false},"product_brand":[],"product_cat":[195],"product_tag":[],"class_list":{"0":"post-23965","1":"product","2":"type-product","3":"status-publish","4":"has-post-thumbnail","6":"product_cat-stimolo-immunitario","8":"first","9":"instock","10":"taxable","11":"shipping-taxable","12":"purchasable","13":"product-type-simple"},"bundled_by":[],"bundle_stock_status":"instock","bundle_stock_quantity":null,"bundle_virtual":false,"bundle_layout":"","bundle_add_to_cart_form_location":"","bundle_editable_in_cart":false,"bundle_sold_individually_context":"","bundle_item_grouping":"","bundle_min_size":"","bundle_max_size":"","bundle_price":[],"bundled_items":[],"bundle_sell_ids":[],"acf":[],"_links":{"self":[{"href":"https:\/\/nutriest.eu\/it\/wp-json\/wp\/v2\/product\/23965","targetHints":{"allow":["GET"]}}],"collection":[{"href":"https:\/\/nutriest.eu\/it\/wp-json\/wp\/v2\/product"}],"about":[{"href":"https:\/\/nutriest.eu\/it\/wp-json\/wp\/v2\/types\/product"}],"wp:featuredmedia":[{"embeddable":true,"href":"https:\/\/nutriest.eu\/it\/wp-json\/wp\/v2\/media\/39524"}],"wp:attachment":[{"href":"https:\/\/nutriest.eu\/it\/wp-json\/wp\/v2\/media?parent=23965"}],"wp:term":[{"taxonomy":"product_brand","embeddable":true,"href":"https:\/\/nutriest.eu\/it\/wp-json\/wp\/v2\/product_brand?post=23965"},{"taxonomy":"product_cat","embeddable":true,"href":"https:\/\/nutriest.eu\/it\/wp-json\/wp\/v2\/product_cat?post=23965"},{"taxonomy":"product_tag","embeddable":true,"href":"https:\/\/nutriest.eu\/it\/wp-json\/wp\/v2\/product_tag?post=23965"}],"curies":[{"name":"wp","href":"https:\/\/api.w.org\/{rel}","templated":true}]}}