{"id":23941,"date":"2023-04-10T12:22:25","date_gmt":"2023-04-10T09:22:25","guid":{"rendered":"https:\/\/nutriest.eu\/products\/integratore-di-pancreas-essiccato-da-bovino-allevato-al-pascolo\/"},"modified":"2025-05-21T20:46:31","modified_gmt":"2025-05-21T17:46:31","slug":"integratore-di-pancreas-grass-fed","status":"publish","type":"product","link":"https:\/\/nutriest.eu\/it\/products\/integratore-di-pancreas-grass-fed\/","title":{"rendered":"Pancreas grass-fed"},"content":{"rendered":"<p><strong>I nostri antenati, i nativi americani e gli antichi guaritori credevano che se una persona si nutriva degli organi di un animale sano, i suoi organi corrispondenti sarebbero risultati pi\u00f9 forti e in salute.<\/strong><\/p>\n<h3>Benefici dell&#8217;integratore di pancreas grass-fed di bovino<\/h3>\n<p><strong>Aiuta la digestione e l&#8217;assorbimento dei principi nutritivi<\/strong><\/p>\n<p>Gli enzimi pancreatici aiutano a decomporre i grassi, le proteine e i carboidrati. Le amilasi sono degli enzimi prodotti dal pancreas che trasformano i carboidrati del cibo in zuccheri semplici che il corpo pu\u00f2 usare per produrre energia. Il pancreas produce anche le lipasi che trasformano i grassi in acidi grassi. Gli zuccheri e gli acidi grassi possono poi essere assorbiti dall&#8217;intestino tenue. In carenza di amilasi si va incontro alla diarrea causata dai carboidrati non digeriti.<\/p>\n<p><strong>Aiuta contro le allergie alimentari<\/strong><\/p>\n<p>Il pancreas di bovino produce anche la proteasi, un enzima che decompone le proteine e aiuta a mantenere l&#8217;intestino libero dai parassiti come batteri, lieviti e protozoi. Una carenza di proteasi pu\u00f2 causare allergie o la formazione di sostanza tossiche legate all&#8217;incompleta digestione delle proteine.<\/p>\n<p>Il pancreas di bovino allevato al pascolo \u00e8 ricco di\u00a0<strong>vitamine B<\/strong> come <strong>B12<\/strong>, <strong>riboflavina<\/strong>, <strong>niacina<\/strong> e <strong>acido<\/strong> <strong>pentatonico<\/strong>, e minerali biodisponibili come <strong>selenio<\/strong>, <strong>ferro<\/strong>, <strong>fosforo<\/strong> e <strong>zinco<\/strong>. La vitamina B12 \u00e8 vitale per il funzionamento del cervello e del sistema nervoso, ed \u00e8 coinvolta nella formazione dei globuli rossi e nella creazione del DNA. Il selenio \u00e8 un minerale essenziale importante in molti processi corporei come le funzioni cognitive, il sistema immunitario, la fertilit\u00e0 maschile e femminile, e per metabolizzare gli ormoni della tiroide. Le vitamine B sono importanti per il funzionamento delle cellule corporee perch\u00e9 aiutano il corpo a convertire il cibo in energia, a creare nuove cellule sanguigne e a mantenere la salute della pelle, delle cellule celebrali e di altri tessuti corporei.<\/p>\n","protected":false},"excerpt":{"rendered":"<p>I nostri antenati, i nativi americani e gli antichi guaritori credevano che se una persona si nutriva degli organi di un animale sano, i suoi organi corrispondenti sarebbero risultati pi\u00f9 forti e in salute. Benefici dell&#8217;integratore di pancreas grass-fed di bovino Aiuta la digestione e l&#8217;assorbimento dei principi nutritivi Gli enzimi pancreatici aiutano a decomporre [&hellip;]<\/p>\n","protected":false},"featured_media":23942,"template":"","meta":{"_acf_changed":false,"inline_featured_image":false},"product_brand":[],"product_cat":[198,189],"product_tag":[],"class_list":{"0":"post-23941","1":"product","2":"type-product","3":"status-publish","4":"has-post-thumbnail","6":"product_cat-allergie","7":"product_cat-digestione-e-salute-intestinale","9":"first","10":"instock","11":"taxable","12":"shipping-taxable","13":"purchasable","14":"product-type-simple"},"bundled_by":["23920"],"bundle_stock_status":"instock","bundle_stock_quantity":null,"bundle_virtual":false,"bundle_layout":"","bundle_add_to_cart_form_location":"","bundle_editable_in_cart":false,"bundle_sold_individually_context":"","bundle_item_grouping":"","bundle_min_size":"","bundle_max_size":"","bundle_price":[],"bundled_items":[],"bundle_sell_ids":[],"acf":[],"_links":{"self":[{"href":"https:\/\/nutriest.eu\/it\/wp-json\/wp\/v2\/product\/23941","targetHints":{"allow":["GET"]}}],"collection":[{"href":"https:\/\/nutriest.eu\/it\/wp-json\/wp\/v2\/product"}],"about":[{"href":"https:\/\/nutriest.eu\/it\/wp-json\/wp\/v2\/types\/product"}],"wp:featuredmedia":[{"embeddable":true,"href":"https:\/\/nutriest.eu\/it\/wp-json\/wp\/v2\/media\/23942"}],"wp:attachment":[{"href":"https:\/\/nutriest.eu\/it\/wp-json\/wp\/v2\/media?parent=23941"}],"wp:term":[{"taxonomy":"product_brand","embeddable":true,"href":"https:\/\/nutriest.eu\/it\/wp-json\/wp\/v2\/product_brand?post=23941"},{"taxonomy":"product_cat","embeddable":true,"href":"https:\/\/nutriest.eu\/it\/wp-json\/wp\/v2\/product_cat?post=23941"},{"taxonomy":"product_tag","embeddable":true,"href":"https:\/\/nutriest.eu\/it\/wp-json\/wp\/v2\/product_tag?post=23941"}],"curies":[{"name":"wp","href":"https:\/\/api.w.org\/{rel}","templated":true}]}}