{"id":23913,"date":"2024-05-13T11:53:34","date_gmt":"2024-05-13T08:53:34","guid":{"rendered":"https:\/\/nutriest.eu\/products\/collagene-marino-idrolizzato-pescato-in-natura\/"},"modified":"2025-05-21T20:01:25","modified_gmt":"2025-05-21T17:01:25","slug":"collagene-marino-idrolizzato","status":"publish","type":"product","link":"https:\/\/nutriest.eu\/it\/products\/collagene-marino-idrolizzato\/","title":{"rendered":"Collagene marino idrolizzato"},"content":{"rendered":"<p>Il collagene marino \u00e8 una proteina vitale negli umani e nei mammiferi che costituisce una porzione significativa delle proteine totali nel corpo, tra il 25 % e il 35 %. Il nostro collagene di pesce pescato in natura \u00e8 composto principalmente dal collagene di tipo I, noto perch\u00e9 migliora l&#8217;elasticit\u00e0 della pelle, riduce la comparsa delle rughe, sostiene la salute delle articolazioni e rafforza ossa, tendini e legamenti. Inoltre contribuisce alla salute dell&#8217;intestino e aiuta a combattere le infiammazioni. \u00c8 anche ricco di aminoacidi essenziali come la glicina e la prolina, cruciali per il benessere della pelle e generale, migliorando salute e vitalit\u00e0.<\/p>\n<h2>I benefici del collagene<\/h2>\n<h3>Sostiene la salute della pelle<\/h3>\n<p>Tra i principali vantaggi del collagene marino troviamo il suo ruolo nel migliorare la salute della pelle. Un adeguato apporto di collagene di tipo I rende pi\u00f9 tonica e liscia la pelle aiutando il rinnovamento delle cellule. Studi clinici hanno mostrato come nei pazienti con una dieta integrata da collagene marino la comparsa delle rughe era ridotta e la pelle era pi\u00f9 tonica e idratata. La produzione di questa proteina si riduce naturalmente con l&#8217;et\u00e0, ma integrarla con la dieta aiuta a rinnovare la pelle.<\/p>\n<p>Ricerche sui topi hanno mostrato come un apporto di collagene marino aiuta a mantenere lo spessore dell&#8217;epidermide stimolando i fibroblasti, le cellule della pelle che producono collagene e altre fibre; e le ricerche in campo umano sembrano confermare tale effetto.<\/p>\n<h3><strong>Favorisce la salute del cervello<\/strong><\/h3>\n<p>La glicina costituisce circa il 20 % degli aminoacidi nel collagene. Aiuta a migliorare la qualit\u00e0 del sonno e inibisce il sovraccarico del cervello aiutando la mente a rimanere calma e concentrata.<\/p>\n<h3><strong>Favorisce la salute intestinale<\/strong><\/h3>\n<p>Lo stress e una dieta povera possono danneggiare i delicati tessuti intestinali portando a disturbi come la sindrome dell&#8217;intestino permeabile, dove particelle aliene sono in grado di entrare nel flusso sanguigno danneggiando il corpo e aumentando il rischio di infiammazioni e patologie autoimmuni. Non solo il collagene marino \u00e8 facilmente digeribile, ma aiuta a sostenere l&#8217;intestino con i suoi aminoacidi.<\/p>\n<p>Due tra questi, glicina e glutammina, sono d&#8217;aiuto giocando un ruolo nel sostegno dei tessuti del tratto digerente. La glicina in particolare riduce le infiammazioni.<\/p>\n<h3><strong>Favorisce il recupero delle ferite e riduce le cicatrici<\/strong><\/h3>\n<p>Integrare l&#8217;apporto di collagene aiuta a recuperare pi\u00f9 facilmente in caso di ferite perch\u00e9 \u00e8 il principale componente della pelle ed \u00e8 necessario per rigenerarla in caso di ferite, rash e scottature.<\/p>\n<h3><strong>Migliora la qualit\u00e0 del sonno<\/strong><\/h3>\n<p>L&#8217;aminoacido pi\u00f9 abbondante nel collagene marino \u00e8 la glicina. Le ricerche mostrano che l&#8217;ingestione di glicina prima di dormire rende pi\u00f9 soddisfatti della qualit\u00e0 del proprio riposo, suggerendo che la glicina aiuti anche a regolare la temperatura corpora, cruciale per un sonno di qualit\u00e0. Picchi e carenza di zuccheri possono anche interferire con il riposo notturno e il collagene marino, con i suoi 10 grammi di proteine per porzione, aiuta a tenere il livello di zuccheri a bada.<\/p>\n<h3><strong>Sostiene gli effetti dell&#8217;allenamento<\/strong><\/h3>\n<p>Il collagene \u00e8 un concentrato di aminoacidi come la glicina che aiuta il corpo a produrre creatina, che a suo volta sostiene la performance atletica e lo sviluppo muscolare. A questo si aggiunge la prolina che funge da antiossidante e aiuta a gestire il danno cellulare che pu\u00f2 causare la spossatezza dopo l&#8217;esercizio fisico.<\/p>\n<h3><strong>Rafforza le ossa<\/strong><\/h3>\n<p>Anche se il collagene marino non contiene i minerali normalmente associati alla salute delle ossa, gli studi dimostrano che i suoi peptidi aiutano ad assorbire il calcio e altri minerali essenziali per rafforzare le ossa. L&#8217;assorbimento \u00e8 associato anche all&#8217;attivit\u00e0 degli osteoblasti, cellule responsabili della mineralizzazione delle ossa. Inoltre gli integratori di collagene marino possono rendere le articolazioni pi\u00f9 mobili e flessibili riducendo i dolori e la rigidit\u00e0 articolare.<\/p>\n","protected":false},"excerpt":{"rendered":"<p>Il collagene marino \u00e8 una proteina vitale negli umani e nei mammiferi che costituisce una porzione significativa delle proteine totali nel corpo, tra il 25 % e il 35 %. Il nostro collagene di pesce pescato in natura \u00e8 composto principalmente dal collagene di tipo I, noto perch\u00e9 migliora l&#8217;elasticit\u00e0 della pelle, riduce la comparsa [&hellip;]<\/p>\n","protected":false},"featured_media":68642,"template":"","meta":{"_acf_changed":false,"inline_featured_image":false},"product_brand":[],"product_cat":[191],"product_tag":[],"class_list":{"0":"post-23913","1":"product","2":"type-product","3":"status-publish","4":"has-post-thumbnail","6":"product_cat-dolore-articolare","8":"first","9":"instock","10":"taxable","11":"shipping-taxable","12":"purchasable","13":"product-type-simple"},"bundled_by":[],"bundle_stock_status":"instock","bundle_stock_quantity":null,"bundle_virtual":false,"bundle_layout":"","bundle_add_to_cart_form_location":"","bundle_editable_in_cart":false,"bundle_sold_individually_context":"","bundle_item_grouping":"","bundle_min_size":"","bundle_max_size":"","bundle_price":[],"bundled_items":[],"bundle_sell_ids":[],"acf":[],"_links":{"self":[{"href":"https:\/\/nutriest.eu\/it\/wp-json\/wp\/v2\/product\/23913","targetHints":{"allow":["GET"]}}],"collection":[{"href":"https:\/\/nutriest.eu\/it\/wp-json\/wp\/v2\/product"}],"about":[{"href":"https:\/\/nutriest.eu\/it\/wp-json\/wp\/v2\/types\/product"}],"wp:featuredmedia":[{"embeddable":true,"href":"https:\/\/nutriest.eu\/it\/wp-json\/wp\/v2\/media\/68642"}],"wp:attachment":[{"href":"https:\/\/nutriest.eu\/it\/wp-json\/wp\/v2\/media?parent=23913"}],"wp:term":[{"taxonomy":"product_brand","embeddable":true,"href":"https:\/\/nutriest.eu\/it\/wp-json\/wp\/v2\/product_brand?post=23913"},{"taxonomy":"product_cat","embeddable":true,"href":"https:\/\/nutriest.eu\/it\/wp-json\/wp\/v2\/product_cat?post=23913"},{"taxonomy":"product_tag","embeddable":true,"href":"https:\/\/nutriest.eu\/it\/wp-json\/wp\/v2\/product_tag?post=23913"}],"curies":[{"name":"wp","href":"https:\/\/api.w.org\/{rel}","templated":true}]}}