{"id":23893,"date":"2024-10-13T23:52:37","date_gmt":"2024-10-13T20:52:37","guid":{"rendered":"https:\/\/nutriest.eu\/products\/integratore-di-sangue-essiccato-di-bovino-allevato-al-pascolo\/"},"modified":"2025-05-21T20:44:47","modified_gmt":"2025-05-21T17:44:47","slug":"integratore-di-sangue-essiccato-grass-fed","status":"publish","type":"product","link":"https:\/\/nutriest.eu\/it\/products\/integratore-di-sangue-essiccato-grass-fed\/","title":{"rendered":"Sangue essiccato grass-fed"},"content":{"rendered":"<p class=\"p1\">Il sangue essiccato grass-fed di bovino allevato al pascolo \u00e8 un cibo ricco di principi nutritivi che fornisce molte vitamine e minerali essenziali. Il nostro integratore di sangue di bovino \u00e8 una delle migliori fonti di ferro eme facilmente assorbibile e contiene anche quantit\u00e0 significative di vitamina B12, acido folico, rame, selenio e altri minerali che contribuiscono a mantenerci in salute.<\/p>\n<p class=\"p2\">Il sangue bovino, e in generale il sangue del bestiame, ha rivestito un ruolo importante in varie culture per le sue propriet\u00e0 nutritive e medicinali. \u00c8 una ricca fonte di proteine di qualit\u00e0 che forniscono aminoacidi essenziali che permettono ai muscoli di crescere e ricostruirsi contribuendo al funzionamento complessivo del corpo. \u00c8 da sempre una fonte vitale di ferro eme, in particolare in quelle regioni e comunit\u00e0 dove la carne rossa \u00e8 scarsa. Si tratta di un tipo di ferro molto biodisponibile che aiuta a prevenire e curare anemia e carenza di ferro in generale. Il sangue bovino \u00e8 da sempre usato in tutto il mondo in vari piatti tradizionali come salsicce al sangue (la morcilla in Spagna, il sanguinaccio in Italia e il blutwurst in Germania) e zuppe (la dinuguan filippina). Si tratta di piatti culturalmente significativi usati per non sprecare nessuna parte dell&#8217;animale. In alcune culture si credeva che il sangue bovino avesse propriet\u00e0 medicamentose che miglioravano la forza e la vitalit\u00e0. Era tra i rimedi tradizionali per curare patologie come l&#8217;anemia e promuovere il recupero dei malati.<\/p>\n<p class=\"p2\">Nel corso della storia il sangue bovino si \u00e8 guadagnato un posto grazie al suo valore nutrizionale, in particolare la ricchezza di ferro eme e proteine. \u00c8 entrato nelle diete tradizionali, \u00e8 stato usato nella medicina popolare e ha rivestito un ruolo in vari rituali. Poi l&#8217;uso \u00e8 cambiato nel corso dei secoli trovando applicazione in agricoltura, manifattura e nella moderna ricerca scientifica.<\/p>\n<h3>Benefici dell&#8217;integratore di sangue essiccato grass-fed di bovino<\/h3>\n<p class=\"p2\">Il ferro \u00e8 il principale componente benefico del sangue di bovino. Un minerale essenziale per molte funzioni del corpo. Ecco i benefici principali del ferro.<\/p>\n<p class=\"p2\"><b>1. Trasporto dell&#8217;ossigeno<\/b><\/p>\n<ul class=\"ul1\">\n<li class=\"li2\"><b>Produzione di emoglobina <\/b>&#8211; Il ferro \u00e8 un componente cruciale dell&#8217;emoglobina, la proteina che nei globuli rossi trasporta l&#8217;ossigeno dai polmoni al resto del corpo. Un apporto adeguato di ferro assicura che organi e tessuti ricevano abbastanza ossigeno per funzionare al meglio.<\/li>\n<\/ul>\n<p class=\"p2\"><b>2. Metabolismo energetico<\/b><\/p>\n<ul class=\"ul1\">\n<li class=\"li2\"><b>Produzione di energia <\/b>&#8211; Il ferro \u00e8 coinvolto nella produzione di adenosintrifosfato (ATP), il principale vettore di trasporto energetico alle cellule. Cruciale per una buona performance fisica e per rimanere energici.<\/li>\n<\/ul>\n<p class=\"p2\"><b>3. Funzione immunitaria<\/b><\/p>\n<ul class=\"ul1\">\n<li class=\"li2\"><b>Sostegno al sistema immunitario<\/b> &#8211; Il ferro \u00e8 importante per lo sviluppo e il funzionamento delle cellule immunitarie, in particolare i linfociti. Un buon apporto di ferro aiuta il corpo a combattere le infezioni e sostiene un&#8217;ottima risposta immunitaria.<\/li>\n<\/ul>\n<p class=\"p2\"><b>4. Funzioni cognitive<\/b><\/p>\n<ul class=\"ul1\">\n<li class=\"li2\"><b>Salute del cervello <\/b>&#8211; Il ferro \u00e8 essenziale per lo sviluppo cognitivo e il funzionamento del cervello. Aiuta a produrre neurotrasmettitori come dopamina e serotonina, importanti per regolare l&#8217;umore e per i processi cognitivi.<\/li>\n<\/ul>\n<p class=\"p2\"><b>5. Performance fisica<\/b><\/p>\n<ul class=\"ul1\">\n<li class=\"li2\"><b>Funzionamento dei muscoli<\/b> &#8211; Il ferro \u00e8 necessario per la produzione di mioglobina, una proteina che fornisce ossigeno ai muscoli. Un buon apporto di ferro migliora la forza e la resistenza influenzando la performance atletica.<\/li>\n<\/ul>\n<p class=\"p2\"><b>6. Regolazione della temperatura<\/b><\/p>\n<ul class=\"ul1\">\n<li class=\"li2\"><b>Controllo della temperatura corporea<\/b> &#8211; Il ferro \u00e8 coinvolto nel mantenere la temperatura corporea. Aiuta il corpo ad adattarsi alle variazioni climatiche contribuendo in modo significativo a processi metabolici.<\/li>\n<\/ul>\n<p class=\"p2\"><b>7. Salute in gravidanza<\/b><\/p>\n<ul class=\"ul1\">\n<li class=\"li2\"><b>Sviluppo del feto<\/b> &#8211; Durante la gravidanza la domanda di ferro aumenta per sostenere la crescita del feto e della placenta. Il ferro \u00e8 cruciale per prevenire l&#8217;anemia nelle donne gravide e per assicurare che il feto si sviluppi e cresca al meglio.<\/li>\n<\/ul>\n<p class=\"p2\"><b>8. Prevenzione dell&#8217;anemia da carenza di ferro<\/b><\/p>\n<ul class=\"ul1\">\n<li class=\"li2\"><b>Prevenzione dell&#8217;anemia<\/b> &#8211; La carenza di ferro pu\u00f2 portare all&#8217;anemia, caratterizzata da senso di fatica, debolezza e cute pallida. Mantenere un apporto adeguato di ferro previene l&#8217;anemia e i sintomi associati.<\/li>\n<\/ul>\n<p class=\"p2\"><b>9. Salute di capelli, pelle e unghie<\/b><\/p>\n<ul class=\"ul1\">\n<li class=\"li2\"><b>Ossigenazione dei tessuti<\/b> &#8211; Il ferro sostiene la salute di capelli, pelle e unghie assicurando che questi tessuti ricevano ossigeno e principi nutritivi sufficienti per crescere e guarire.<\/li>\n<\/ul>\n<p class=\"p2\"><b>10. Migliora l&#8217;umore e le funzioni cognitive<\/b><\/p>\n<ul class=\"ul1\">\n<li class=\"li2\"><b>Sintesi di neurotrasmettitori<\/b> &#8211; Il ferro \u00e8 necessario per sintetizzare alcuni neurotrasmettitori che regolano l&#8217;umore. Un adeguato apporto di ferro previene gli sbalzi d&#8217;umore, l&#8217;irritabilit\u00e0 e il declino cognitivo.<\/li>\n<\/ul>\n<p class=\"p2\">Il ferro \u00e8 essenziale per trasportare l&#8217;ossigeno nel sangue, sostenere il sistema immunitario e produrre energia. Ha anche un ruolo significativo nelle funzioni cognitive, nella performance atletica e nel benessere generale. Mantenere un apporto di ferro adeguato \u00e8 cruciale per prevenire l&#8217;anemia e assicurare che i vari sistemi corporei operino al meglio.<\/p>\n","protected":false},"excerpt":{"rendered":"<p>Il sangue essiccato grass-fed di bovino allevato al pascolo \u00e8 un cibo ricco di principi nutritivi che fornisce molte vitamine e minerali essenziali. Il nostro integratore di sangue di bovino \u00e8 una delle migliori fonti di ferro eme facilmente assorbibile e contiene anche quantit\u00e0 significative di vitamina B12, acido folico, rame, selenio e altri minerali [&hellip;]<\/p>\n","protected":false},"featured_media":66469,"template":"","meta":{"_acf_changed":false,"inline_featured_image":false},"product_brand":[],"product_cat":[187,175,186],"product_tag":[],"class_list":{"0":"post-23893","1":"product","2":"type-product","3":"status-publish","4":"has-post-thumbnail","6":"product_cat-carenza-di-ferro","7":"product_cat-energia-it-2","8":"product_cat-gravidanza-e-fertilita","10":"first","11":"instock","12":"taxable","13":"shipping-taxable","14":"purchasable","15":"product-type-simple"},"bundled_by":[],"bundle_stock_status":"instock","bundle_stock_quantity":null,"bundle_virtual":false,"bundle_layout":"","bundle_add_to_cart_form_location":"","bundle_editable_in_cart":false,"bundle_sold_individually_context":"","bundle_item_grouping":"","bundle_min_size":"","bundle_max_size":"","bundle_price":[],"bundled_items":[],"bundle_sell_ids":[],"acf":[],"_links":{"self":[{"href":"https:\/\/nutriest.eu\/it\/wp-json\/wp\/v2\/product\/23893","targetHints":{"allow":["GET"]}}],"collection":[{"href":"https:\/\/nutriest.eu\/it\/wp-json\/wp\/v2\/product"}],"about":[{"href":"https:\/\/nutriest.eu\/it\/wp-json\/wp\/v2\/types\/product"}],"wp:featuredmedia":[{"embeddable":true,"href":"https:\/\/nutriest.eu\/it\/wp-json\/wp\/v2\/media\/66469"}],"wp:attachment":[{"href":"https:\/\/nutriest.eu\/it\/wp-json\/wp\/v2\/media?parent=23893"}],"wp:term":[{"taxonomy":"product_brand","embeddable":true,"href":"https:\/\/nutriest.eu\/it\/wp-json\/wp\/v2\/product_brand?post=23893"},{"taxonomy":"product_cat","embeddable":true,"href":"https:\/\/nutriest.eu\/it\/wp-json\/wp\/v2\/product_cat?post=23893"},{"taxonomy":"product_tag","embeddable":true,"href":"https:\/\/nutriest.eu\/it\/wp-json\/wp\/v2\/product_tag?post=23893"}],"curies":[{"name":"wp","href":"https:\/\/api.w.org\/{rel}","templated":true}]}}