{"id":23880,"date":"2023-02-08T14:19:28","date_gmt":"2023-02-08T12:19:28","guid":{"rendered":"https:\/\/nutriest.eu\/informativa-sulla-privacy\/"},"modified":"2023-02-08T14:19:28","modified_gmt":"2023-02-08T12:19:28","slug":"informativa-sulla-privacy","status":"publish","type":"page","link":"https:\/\/nutriest.eu\/it\/informativa-sulla-privacy\/","title":{"rendered":"Informativa sulla privacy"},"content":{"rendered":"<ol>\n<li><b>Disposizioni generali<\/b><\/li>\n<\/ol>\n<p>1.1. La presente informativa sulla privacy regola i principi con cui raccogliamo, trattiamo e registriamo i dati personali. I dati personali sono trattati e registrati da Healthy Life O\u00dc che \u00e8 il titolare del trattamento dei dati personali (in seguito semplicemente titolare).<\/p>\n<p>1.2. Ai fini della presente informativa sulla privacy, per interessato si intende il cliente o un&#8217;altra persona fisica i cui dati personali sono trattati dal titolare.<\/p>\n<p>1.3. Ai fini della presente informativa sulla privacy, per cliente si intende chiunque acquisti beni o servizi sul sito web del titolare.<\/p>\n<p>1.4. Il titolare rispetta i principi pertinenti il trattamento dei dati personali previsti dalla normativa e tratta i dati personali in maniera lecita, corretta e sicura. Il titolare \u00e8 in grado di dichiarare che i dati personali sono stati trattati conformemente a quanto previsto dalla normativa.<\/p>\n<ol>\n<li><b>Raccolta, trattamento e registrazione dei dati personali<\/b><\/li>\n<\/ol>\n<p>2.1. I dati personali raccolti, trattati e registrati dal titolare sono raccolti elettronicamente, principalmente tramite il sito web e via email.<\/p>\n<p>2.2. Condividendo i propri dati personali, gli interessati riconoscono il diritto del titolare di raccogliere, organizzare, usare e amministrare per le finalit\u00e0 definite nella presente informativa sulla privacy i dati personali che gli interessati condividono con il titolare direttamente o indirettamente quando acquistano beni e servizi sul sito web.<\/p>\n<p>2.3. L&#8217;interessato \u00e8 responsabile dell&#8217;accuratezza, correttezza e integrit\u00e0 dei dati forniti. L&#8217;invio consapevole di dati falsi viola l&#8217;informativa sulla privacy. L&#8217;interessato \u00e8 tenuto a comunicare immediatamente al titolare ogni modifica ai dati inviati.<\/p>\n<p>2.4. Il titolare non \u00e8 responsabile dei danni e delle perdite cagionati all&#8217;interessato o a terzi a seguito dell&#8217;invio di dati falsi al titolare.<\/p>\n<ol>\n<li><b>Trattamento dei dati personali dei clienti<\/b><\/li>\n<\/ol>\n<p>3.1. Il titolare pu\u00f2 trattare i dati personali dell&#8217;interessato seguenti:<\/p>\n<p>3.1.1. nome e cognome;<\/p>\n<p>3.1.2. data di nascita;<\/p>\n<p>3.1.3. numero di telefono;<\/p>\n<p>3.1.4. indirizzo email;<\/p>\n<p>3.1.5. indirizzo di spedizione;<\/p>\n<p>3.1.6. numero di conto corrente;<\/p>\n<p>3.1.7. informazioni della carta di pagamento.<\/p>\n<p>3.2. Il titolare ha il diritto di raccogliere dati sul cliente disponibili in archivi pubblici.<\/p>\n<p>3.3. La base giuridica per il trattamento dei dati personali di cui all&#8217;articolo 6, paragrafo 1, lettere a), b), c) ed f), del regolamento (UE) 2016\/679, regolamento generale sulla protezione dei dati:<\/p>\n<p>(a) l&#8217;interessato ha espresso il consenso al trattamento dei propri dati personali per una o pi\u00f9 specifiche finalit\u00e0;<\/p>\n<p>(b) il trattamento \u00e8 necessario all&#8217;esecuzione di un contratto di cui l&#8217;interessato \u00e8 parte o all&#8217;esecuzione di misure precontrattuali adottate su richiesta dello stesso;<\/p>\n<p>(c) il trattamento \u00e8 necessario per adempiere un obbligo legale al quale \u00e8 soggetto il titolare del trattamento;<\/p>\n<p>(f) il trattamento \u00e8 necessario per il perseguimento del legittimo interesse del titolare del trattamento o di terzi, a condizione che non prevalgano gli interessi o i diritti e le libert\u00e0 fondamentali dell&#8217;interessato che richiedono la protezione dei dati personali, in particolare se l&#8217;interessato \u00e8 un minore.<\/p>\n<p>3.4. Trattamento dei dati personali in base alla finalit\u00e0 del trattamento.<\/p>\n<p>3.4.1. Finalit\u00e0 del trattamento: sicurezza<\/p>\n<p>Il periodo massimo di registrazione dei dati personali: conforme a quanto specificato dalla normativa<\/p>\n<p>3.4.2. Finalit\u00e0 del trattamento: elaborazione degli ordini<\/p>\n<p>Periodo massimo di registrazione dei dati personali: cinque anni<\/p>\n<p>3.4.3. Finalit\u00e0 del trattamento: garantire il funzionamento dei servizi del negozio online<\/p>\n<p>Periodo massimo di registrazione dei dati personali: cinque anni<\/p>\n<p>3.4.4. Finalit\u00e0 del trattamento: gestione dei clienti<\/p>\n<p>Periodo massimo di registrazione dei dati personali: cinque anni<\/p>\n<p>3.4.5. Finalit\u00e0 del trattamento: attivit\u00e0 finanziarie e contabilit\u00e0<\/p>\n<p>Periodo massimo di registrazione dei dati personali: conforme a quanto specificato dalla normativa<\/p>\n<p>3.4.6. Finalit\u00e0 del trattamento: marketing<\/p>\n<p>Periodo massimo di registrazione dei dati personali: cinque anni<\/p>\n<p>3.5. Il titolare ha il diritto di condividere i dati personali dei clienti con terzi come responsabili del trattamento, contabili, societ\u00e0 di trasporto e consegna, e societ\u00e0 che forniscono servizi di logistica. Il titolare \u00e8 responsabile del trattamento dei dati personali. Il titolare trasmette anche i dati personali necessari a effettuare i pagamenti al responsabile del trattamento Maksekeskus AS.<\/p>\n<p>3.6. Il titolare tratta e registra i dati personali dell&#8217;interessato mettendo in atto misure tecniche e organizzative adeguate per garantire che i dati personali siano protetti da distruzione, alterazione e diffusione accidentali o illegali, e da ogni altro trattamento illegale.<\/p>\n<p>3.7. Il titolare registra i dati dell&#8217;interessato in base alla finalit\u00e0 del trattamento ma per non pi\u00f9 di cinque anni.<\/p>\n<ol>\n<li><b>Diritti dell&#8217;interessato<\/b><\/li>\n<\/ol>\n<p>4.1. L&#8217;interessato ha diritto di accedere ed esaminare i suoi dati personali.<\/p>\n<p>4.2. L&#8217;interessato ha diritto di ottenere informazioni sul trattamento dei suoi dati personali.<\/p>\n<p>4.3. L&#8217;interessato ha diritto di modificare e rettificare dati inesatti.<\/p>\n<p>4.4. Se il titolare tratta i dati personali dell&#8217;interessato a seguito del consenso espresso da quest&#8217;ultimo, l&#8217;interessato ha il diritto di revocare tale consenso in qualsiasi momento.<\/p>\n<p>4.5. Per esercitare i propri diritti, l&#8217;interessato pu\u00f2 contattare l&#8217;assistenza clienti del negozio online scrivendo all&#8217;indirizzo info@nutriest.eu<\/p>\n<p>4.6. Per proteggere i propri dati, l&#8217;interessato pu\u00f2 inviare un reclamo all&#8217;Ispettorato della protezione dei dati (Data Protection Inspectorate).<\/p>\n<ol>\n<li><b>Disposizioni finali<\/b><\/li>\n<\/ol>\n<p>5.1. Le presenti condizioni contrattuali in materia di protezione dei dati sono state preparate in conformit\u00e0 al regolamento (UE) 2016\/679 del Parlamento europeo e del Consiglio, del 27 aprile 2016, relativo alla protezione delle persone fisiche con riguardo al trattamento dei dati personali, nonch\u00e9 alla libera circolazione di tali dati e che abroga la direttiva 95\/46\/CE (regolamento generale sulla protezione dei dati), al Personal Data Protection Act della Repubblica di Estonia e alla normativa della Repubblica di Estonia e dell&#8217;Unione europea.<\/p>\n<p>5.2. Il titolare ha il diritto di modificare le condizioni contrattuali in materia di protezione dei dati in parte o completamente comunicandolo all&#8217;interessato tramite www.nutriest.eu<\/p>\n","protected":false},"excerpt":{"rendered":"<p>Disposizioni generali 1.1. La presente informativa sulla privacy regola i principi con cui raccogliamo, trattiamo e registriamo i dati personali. I dati personali sono trattati e registrati da Healthy Life O\u00dc che \u00e8 il titolare del trattamento dei dati personali (in seguito semplicemente titolare). 1.2. Ai fini della presente informativa sulla privacy, per interessato si [&hellip;]<\/p>\n","protected":false},"author":1,"featured_media":0,"parent":0,"menu_order":23,"comment_status":"closed","ping_status":"closed","template":"","meta":{"_acf_changed":false,"inline_featured_image":false,"footnotes":""},"class_list":["post-23880","page","type-page","status-publish","hentry"],"acf":[],"_links":{"self":[{"href":"https:\/\/nutriest.eu\/it\/wp-json\/wp\/v2\/pages\/23880","targetHints":{"allow":["GET"]}}],"collection":[{"href":"https:\/\/nutriest.eu\/it\/wp-json\/wp\/v2\/pages"}],"about":[{"href":"https:\/\/nutriest.eu\/it\/wp-json\/wp\/v2\/types\/page"}],"author":[{"embeddable":true,"href":"https:\/\/nutriest.eu\/it\/wp-json\/wp\/v2\/users\/1"}],"replies":[{"embeddable":true,"href":"https:\/\/nutriest.eu\/it\/wp-json\/wp\/v2\/comments?post=23880"}],"version-history":[{"count":0,"href":"https:\/\/nutriest.eu\/it\/wp-json\/wp\/v2\/pages\/23880\/revisions"}],"wp:attachment":[{"href":"https:\/\/nutriest.eu\/it\/wp-json\/wp\/v2\/media?parent=23880"}],"curies":[{"name":"wp","href":"https:\/\/api.w.org\/{rel}","templated":true}]}}