{"id":23859,"date":"2023-02-09T09:10:24","date_gmt":"2023-02-09T07:10:24","guid":{"rendered":"https:\/\/nutriest.eu\/informazioni-sulla-spedizione\/"},"modified":"2023-02-09T09:10:24","modified_gmt":"2023-02-09T07:10:24","slug":"informazioni-sulla-spedizione","status":"publish","type":"page","link":"https:\/\/nutriest.eu\/it\/informazioni-sulla-spedizione\/","title":{"rendered":"Informazioni sulla spedizione"},"content":{"rendered":"<p><strong>Spediamo all&#8217;estero.<\/strong><\/p>\n<p>L&#8217;ordine verr\u00e0 spedito dall&#8217;<strong>Estonia (Unione europea).\u00a0<\/strong><\/p>\n<p><strong>La spedizione \u00e8 gratuita per gli ordini sopra i 150 \u20ac in Unione europea e sopra i 200 \u20ac nel Regno Unito. Ci sono alcune localit\u00e0 europee (ad esempio le isole Canarie) dove la spedizione gratuita non \u00e8 disponibile.<\/strong><\/p>\n<p>Quando riceviamo un ordine ci impegniamo perch\u00e9 venga imballato con cura e spedito entro un giorno lavorativo. Invieremo via email le informazioni per tracciare il pacco non appena lascia il nostro negozio.<\/p>\n<p><strong>I nostri partner per le spedizioni:<br \/>\n<img loading=\"lazy\" decoding=\"async\" class=\"alignnone size-full wp-image-710\" src=\"https:\/\/nutriest.eu\/wp-content\/uploads\/2023\/05\/shipping-partners.webp\" alt=\"\" width=\"3158\" height=\"431\" \/><br \/>\n<\/strong><\/p>\n","protected":false},"excerpt":{"rendered":"<p>Spediamo all&#8217;estero. L&#8217;ordine verr\u00e0 spedito dall&#8217;Estonia (Unione europea).\u00a0 La spedizione \u00e8 gratuita per gli ordini sopra i 150 \u20ac in Unione europea e sopra i 200 \u20ac nel Regno Unito. Ci sono alcune localit\u00e0 europee (ad esempio le isole Canarie) dove la spedizione gratuita non \u00e8 disponibile. Quando riceviamo un ordine ci impegniamo perch\u00e9 venga [&hellip;]<\/p>\n","protected":false},"author":1,"featured_media":0,"parent":0,"menu_order":24,"comment_status":"closed","ping_status":"closed","template":"","meta":{"_acf_changed":false,"inline_featured_image":false,"footnotes":""},"class_list":["post-23859","page","type-page","status-publish","hentry"],"acf":[],"_links":{"self":[{"href":"https:\/\/nutriest.eu\/it\/wp-json\/wp\/v2\/pages\/23859","targetHints":{"allow":["GET"]}}],"collection":[{"href":"https:\/\/nutriest.eu\/it\/wp-json\/wp\/v2\/pages"}],"about":[{"href":"https:\/\/nutriest.eu\/it\/wp-json\/wp\/v2\/types\/page"}],"author":[{"embeddable":true,"href":"https:\/\/nutriest.eu\/it\/wp-json\/wp\/v2\/users\/1"}],"replies":[{"embeddable":true,"href":"https:\/\/nutriest.eu\/it\/wp-json\/wp\/v2\/comments?post=23859"}],"version-history":[{"count":0,"href":"https:\/\/nutriest.eu\/it\/wp-json\/wp\/v2\/pages\/23859\/revisions"}],"wp:attachment":[{"href":"https:\/\/nutriest.eu\/it\/wp-json\/wp\/v2\/media?parent=23859"}],"curies":[{"name":"wp","href":"https:\/\/api.w.org\/{rel}","templated":true}]}}