{"id":14967,"date":"2023-02-20T15:14:23","date_gmt":"2023-02-20T13:14:23","guid":{"rendered":"https:\/\/nutriest.eu\/products\/suplemento-de-higado-desecado-de-ternera-alimentada-con-pasto\/"},"modified":"2025-05-16T10:21:52","modified_gmt":"2025-05-16T07:21:52","slug":"suplemento-de-higado-desecado-de-ternera-alimentada-con-pasto","status":"publish","type":"product","link":"https:\/\/nutriest.eu\/es\/productos\/suplemento-de-higado-desecado-de-ternera-alimentada-con-pasto\/","title":{"rendered":"Suplemento de h\u00edgado de ternera disecado alimentada con pasto"},"content":{"rendered":"<div>\n<p><strong>Los pueblos tradicionales, los nativos americanos y los primeros curanderos ancestrales cre\u00edan que comer los \u00f3rganos de un animal sano fortalecer\u00eda y apoyar\u00eda la salud del \u00f3rgano correspondiente del individuo.<\/strong><\/p>\n<\/div>\n<div><strong>Una gran cantidad de nutrientes:<\/strong> el h\u00edgado de ternera alimentada con pasto es la v\u00edscera con mayor nutritiva. El tejido hep\u00e1tico est\u00e1 repleto de vitaminas, minerales, enzimas, coenzimas, prote\u00ednas y grasas. El h\u00edgado de ternera es una fuente enriquecida de vitamina A preformada, conocida como retinol, y nuestras c\u00e1psulas de v\u00edsceras contienen vitaminas liposolubles igualmente importantes, como D3, E y K2. Tiene una rica cantidad de vitamina B12 biodisponible y otras vitaminas del complejo B como B1, B2, B3, B6 y folato. Tambi\u00e9n es una fuente importante de colina y contiene una variedad de minerales f\u00e1cilmente absorbibles, como hierro, zinc, selenio, cobre, f\u00f3sforo, potasio, magnesio y manganeso.<\/p>\n<p><strong>Beneficios para la salud del h\u00edgado de ternera disecado:<\/strong><\/p>\n<ul>\n<li><strong>Favorece la salud del cerebro, el coraz\u00f3n y el h\u00edgado.<\/strong><\/li>\n<li><strong>Para unas articulaciones fuertes, tejido conectivo y col\u00e1geno sanos.<\/strong><\/li>\n<li><strong>Para una piel, enc\u00edas, dientes y cabello sanos.<\/strong><\/li>\n<li><strong>Favorece la energ\u00eda, el metabolismo, el estado de \u00e1nimo y la metilaci\u00f3n.<\/strong><\/li>\n<li><strong>Favorece un sistema inmunitario fuerte.<\/strong><\/li>\n<\/ul>\n<p><strong>Promueve la p\u00e9rdida de peso<\/strong><\/p>\n<p>Practicar h\u00e1bitos alimenticios m\u00e1s saludables y absorber una cantidad adecuada de nutrientes esenciales son vitales para superar la obesidad.<br \/>\nEl h\u00edgado de ternera es la fuente m\u00e1s concentrada de casi todos los nutrientes, incluidas vitaminas importantes, minerales y amino\u00e1cidos esenciales.<br \/>\nObtener suficientes minerales y vitaminas de mejor calidad y altamente absorbibles reduce los antojos y favorece la p\u00e9rdida de peso.<br \/>\nAseg\u00farate de que est\u00e1s recibiendo suficientes nutrientes esenciales, para que tu cuerpo est\u00e9 satisfecho y reduzcas los refrigerios excesivos.<\/p>\n<p><strong>Mejora tu bienestar<\/strong><\/p>\n<p>El h\u00edgado de ternera alimentada con pasto es un suplemento diet\u00e9tico integral que mejora la salud de tu piel, u\u00f1as, cabello, articulaciones y sistema inmunol\u00f3gico. La vitamina B-12 es crucial para la salud del tejido nervioso, la funcionalidad del cerebro y la producci\u00f3n de gl\u00f3bulos rojos. El hierro desempe\u00f1a muchas funciones importantes en el cuerpo. Participa principalmente en la transferencia de ox\u00edgeno desde los pulmones a los tejidos corporales para mantener las funciones b\u00e1sicas de la vida. La vitamina A es esencial para preservar la vista. Adem\u00e1s, el h\u00edgado de ternera alimentada con pasto tiene una proporci\u00f3n favorable de omega-6 a omega-3. Estos \u00e1cidos grasos esenciales desempe\u00f1an un papel clave en el desarrollo del cerebro y la salud mental.<\/p>\n","protected":false},"excerpt":{"rendered":"<p>Los pueblos tradicionales, los nativos americanos y los primeros curanderos ancestrales cre\u00edan que comer los \u00f3rganos de un animal sano fortalecer\u00eda y apoyar\u00eda la salud del \u00f3rgano correspondiente del individuo. Una gran cantidad de nutrientes: el h\u00edgado de ternera alimentada con pasto es la v\u00edscera con mayor nutritiva. El tejido hep\u00e1tico est\u00e1 repleto de vitaminas, [&hellip;]<\/p>\n","protected":false},"featured_media":66434,"template":"","meta":{"_acf_changed":false,"inline_featured_image":false},"product_brand":[],"product_cat":[153,159,143,160,154],"product_tag":[],"class_list":{"0":"post-14967","1":"product","2":"type-product","3":"status-publish","4":"has-post-thumbnail","6":"product_cat-ansiedad-y-estres","7":"product_cat-crecimiento-muscular","8":"product_cat-energia","9":"product_cat-perdida-de-peso","10":"product_cat-refuerzo-inmunitario","12":"first","13":"instock","14":"taxable","15":"shipping-taxable","16":"purchasable","17":"product-type-simple"},"bundled_by":["14852"],"bundle_stock_status":"instock","bundle_stock_quantity":null,"bundle_virtual":false,"bundle_layout":"","bundle_add_to_cart_form_location":"","bundle_editable_in_cart":false,"bundle_sold_individually_context":"","bundle_item_grouping":"","bundle_min_size":"","bundle_max_size":"","bundle_price":[],"bundled_items":[],"bundle_sell_ids":[],"acf":[],"_links":{"self":[{"href":"https:\/\/nutriest.eu\/es\/wp-json\/wp\/v2\/product\/14967","targetHints":{"allow":["GET"]}}],"collection":[{"href":"https:\/\/nutriest.eu\/es\/wp-json\/wp\/v2\/product"}],"about":[{"href":"https:\/\/nutriest.eu\/es\/wp-json\/wp\/v2\/types\/product"}],"wp:featuredmedia":[{"embeddable":true,"href":"https:\/\/nutriest.eu\/es\/wp-json\/wp\/v2\/media\/66434"}],"wp:attachment":[{"href":"https:\/\/nutriest.eu\/es\/wp-json\/wp\/v2\/media?parent=14967"}],"wp:term":[{"taxonomy":"product_brand","embeddable":true,"href":"https:\/\/nutriest.eu\/es\/wp-json\/wp\/v2\/product_brand?post=14967"},{"taxonomy":"product_cat","embeddable":true,"href":"https:\/\/nutriest.eu\/es\/wp-json\/wp\/v2\/product_cat?post=14967"},{"taxonomy":"product_tag","embeddable":true,"href":"https:\/\/nutriest.eu\/es\/wp-json\/wp\/v2\/product_tag?post=14967"}],"curies":[{"name":"wp","href":"https:\/\/api.w.org\/{rel}","templated":true}]}}