{"id":14964,"date":"2023-02-20T15:14:23","date_gmt":"2023-02-20T13:14:23","guid":{"rendered":"https:\/\/nutriest.eu\/products\/suplemento-de-rinon-desecado-de-ternera-alimentada-con-pasto\/"},"modified":"2025-03-16T17:19:57","modified_gmt":"2025-03-16T15:19:57","slug":"suplemento-de-rinon-desecado-de-ternera-alimentada-con-pasto","status":"publish","type":"product","link":"https:\/\/nutriest.eu\/es\/productos\/suplemento-de-rinon-desecado-de-ternera-alimentada-con-pasto\/","title":{"rendered":"Suplemento de ri\u00f1\u00f3n disecado de ternera alimentada con pasto"},"content":{"rendered":"<p><strong>Los pueblos tradicionales, los nativos americanos y los primeros curanderos ancestrales cre\u00edan que comer los \u00f3rganos de un animal sano fortalecer\u00eda y apoyar\u00eda la salud del \u00f3rgano correspondiente del individuo.<\/strong><\/p>\n<p>Se cre\u00eda que comer los ri\u00f1ones de un animal sano aliviaba las dolencias urinarias, aumentaba la vitalidad y favorec\u00eda la salud general de los ri\u00f1ones.<\/p>\n<p>El ri\u00f1\u00f3n de ternera alimentada con pasto es especialmente rico en vitamina B12, selenio, hierro, cobre, f\u00f3sforo y zinc. La vitamina B12 es crucial para el funcionamiento normal del cerebro y el sistema nervioso. Tambi\u00e9n interviene en la formaci\u00f3n de gl\u00f3bulos rojos y ayuda a crear y regular el ADN. El metabolismo de todas las c\u00e9lulas del cuerpo depende de la vitamina B12. El selenio es un mineral esencial, importante para muchos procesos corporales, como la funci\u00f3n cognitiva, un sistema inmunitario sano y la fertilidad, tanto en el hombre como en la mujer. El selenio tambi\u00e9n contribuye al metabolismo de la hormona tiroidea. El hierro ayuda a formar y oxigenar nuestras c\u00e9lulas sangu\u00edneas y la hemoglobina. La funci\u00f3n principal de la hemoglobina es transportar ox\u00edgeno de los pulmones a los tejidos corporales para mantener las funciones vitales b\u00e1sicas. El hierro desempe\u00f1a un papel vital en el proceso por el que las c\u00e9lulas producen energ\u00eda.<\/p>\n<p class=\"_3tkn1 _208Ie blog-post-header-three-font blog-post-header-three-color _2QAo- _25MYV _1Fao9 ljrnk public-DraftStyleDefault-block-depth0 public-DraftStyleDefault-text-ltr\"><strong>Ayuda a reducir la intolerancia a la histamina<\/strong><\/p>\n<p class=\"_3tkn1 _208Ie blog-post-header-three-font blog-post-header-three-color _2QAo- _25MYV _1Fao9 ljrnk public-DraftStyleDefault-block-depth0 public-DraftStyleDefault-text-ltr\">El ri\u00f1\u00f3n de ternera tiene un alto contenido en DAO (diaminooxidasa). La DAO es una de las enzimas que descomponen la histamina.<\/p>\n<p class=\"_3tkn1 _208Ie blog-post-header-three-font blog-post-header-three-color _2QAo- _25MYV _1Fao9 ljrnk public-DraftStyleDefault-block-depth0 public-DraftStyleDefault-text-ltr\">Uso sugerido:<\/p>\n<ul>\n<li>T\u00f3malo diez minutos antes de los alimentos ricos en histamina<\/li>\n<li>1-3 c\u00e1psulas por comida o seg\u00fan las indicaciones de un profesional sanitario<\/li>\n<\/ul>\n","protected":false},"excerpt":{"rendered":"<p>Los pueblos tradicionales, los nativos americanos y los primeros curanderos ancestrales cre\u00edan que comer los \u00f3rganos de un animal sano fortalecer\u00eda y apoyar\u00eda la salud del \u00f3rgano correspondiente del individuo. Se cre\u00eda que comer los ri\u00f1ones de un animal sano aliviaba las dolencias urinarias, aumentaba la vitalidad y favorec\u00eda la salud general de los ri\u00f1ones. [&hellip;]<\/p>\n","protected":false},"featured_media":66444,"template":"","meta":{"_acf_changed":false,"inline_featured_image":false},"product_brand":[],"product_cat":[151,154],"product_tag":[],"class_list":{"0":"post-14964","1":"product","2":"type-product","3":"status-publish","4":"has-post-thumbnail","6":"product_cat-alergias","7":"product_cat-refuerzo-inmunitario","9":"first","10":"instock","11":"taxable","12":"shipping-taxable","13":"purchasable","14":"product-type-simple"},"bundled_by":[],"bundle_stock_status":"instock","bundle_stock_quantity":null,"bundle_virtual":false,"bundle_layout":"","bundle_add_to_cart_form_location":"","bundle_editable_in_cart":false,"bundle_sold_individually_context":"","bundle_item_grouping":"","bundle_min_size":"","bundle_max_size":"","bundle_price":[],"bundled_items":[],"bundle_sell_ids":[],"acf":[],"_links":{"self":[{"href":"https:\/\/nutriest.eu\/es\/wp-json\/wp\/v2\/product\/14964","targetHints":{"allow":["GET"]}}],"collection":[{"href":"https:\/\/nutriest.eu\/es\/wp-json\/wp\/v2\/product"}],"about":[{"href":"https:\/\/nutriest.eu\/es\/wp-json\/wp\/v2\/types\/product"}],"wp:featuredmedia":[{"embeddable":true,"href":"https:\/\/nutriest.eu\/es\/wp-json\/wp\/v2\/media\/66444"}],"wp:attachment":[{"href":"https:\/\/nutriest.eu\/es\/wp-json\/wp\/v2\/media?parent=14964"}],"wp:term":[{"taxonomy":"product_brand","embeddable":true,"href":"https:\/\/nutriest.eu\/es\/wp-json\/wp\/v2\/product_brand?post=14964"},{"taxonomy":"product_cat","embeddable":true,"href":"https:\/\/nutriest.eu\/es\/wp-json\/wp\/v2\/product_cat?post=14964"},{"taxonomy":"product_tag","embeddable":true,"href":"https:\/\/nutriest.eu\/es\/wp-json\/wp\/v2\/product_tag?post=14964"}],"curies":[{"name":"wp","href":"https:\/\/api.w.org\/{rel}","templated":true}]}}