{"id":14961,"date":"2023-04-05T16:49:35","date_gmt":"2023-04-05T13:49:35","guid":{"rendered":"https:\/\/nutriest.eu\/products\/suplemento-de-testiculos-desecados-de-ternera-alimentada-con-pasto\/"},"modified":"2025-05-16T10:21:16","modified_gmt":"2025-05-16T07:21:16","slug":"suplemento-de-testiculos-desecados-de-ternera-alimentada-con-pasto","status":"publish","type":"product","link":"https:\/\/nutriest.eu\/es\/productos\/suplemento-de-testiculos-desecados-de-ternera-alimentada-con-pasto\/","title":{"rendered":"Suplemento de test\u00edculos disecados de ternera alimentada con pasto"},"content":{"rendered":"<p><strong>Los pueblos tradicionales, los nativos americanos y los primeros curanderos ancestrales cre\u00edan que comer los \u00f3rganos de un animal sano fortalecer\u00eda y apoyar\u00eda la salud del \u00f3rgano correspondiente del individuo.<br \/>\n<\/strong><\/p>\n<p class=\"p1\"><span class=\"s1\">Los test\u00edculos de toro alimentado con pasto est\u00e1n repletos de vitaminas, minerales y prote\u00ednas. Contienen un buen surtido de minerales, como <strong>potasio<\/strong>, <strong>hierro<\/strong>, <strong>f\u00f3sforo<\/strong>, que ayuda a la formaci\u00f3n de huesos y dientes, y <strong>zinc<\/strong>, que favorece el sistema inmunitario. <strong>Tener niveles adecuados de zinc<\/strong> se considera una piedra angular de la <strong>salud sexual masculina<\/strong>. Tambi\u00e9n es necesario para la actividad de <strong>m\u00e1s de trescientas enzimas<\/strong> que ayudan en el metabolismo, la digesti\u00f3n, la funci\u00f3n nerviosa y muchos otros procesos.<\/span><\/p>\n<p><span class=\"s1\"><strong>La funci\u00f3n principal de los test\u00edculos es producir testosterona.<\/strong> Los test\u00edculos de toro alimentada con pasto producen muchas enzimas, hormonas y precursores \u00fanicos que nutren y favorecen la salud testicular y la producci\u00f3n de esperma. Tambi\u00e9n producen muchas otras enzimas y precursores necesarios para la producci\u00f3n de testosterona y otras hormonas masculinas.<\/span><\/p>\n<p><span class=\"ILfuVd\"><span class=\"hgKElc\"><b>El consumo de test\u00edculos de toro alimentada con pasto ayuda al crecimiento y la fuerza muscular<\/b>. La testosterona se une a los receptores de la superficie de las c\u00e9lulas musculares y estimula la s\u00edntesis de prote\u00ednas para construir el m\u00fasculo tras el entrenamiento de resistencia. Adem\u00e1s, aumenta los niveles de la hormona del crecimiento que el cuerpo produce en respuesta al ejercicio.<\/span><\/span><\/p>\n","protected":false},"excerpt":{"rendered":"<p>Los pueblos tradicionales, los nativos americanos y los primeros curanderos ancestrales cre\u00edan que comer los \u00f3rganos de un animal sano fortalecer\u00eda y apoyar\u00eda la salud del \u00f3rgano correspondiente del individuo. Los test\u00edculos de toro alimentado con pasto est\u00e1n repletos de vitaminas, minerales y prote\u00ednas. Contienen un buen surtido de minerales, como potasio, hierro, f\u00f3sforo, que [&hellip;]<\/p>\n","protected":false},"featured_media":14962,"template":"","meta":{"_acf_changed":false,"inline_featured_image":false},"product_brand":[],"product_cat":[159,163,143],"product_tag":[],"class_list":{"0":"post-14961","1":"product","2":"type-product","3":"status-publish","4":"has-post-thumbnail","6":"product_cat-crecimiento-muscular","7":"product_cat-embarazo-y-fertilidad","8":"product_cat-energia","10":"first","11":"instock","12":"sale","13":"taxable","14":"shipping-taxable","15":"purchasable","16":"product-type-simple"},"bundled_by":["22074"],"bundle_stock_status":"instock","bundle_stock_quantity":null,"bundle_virtual":false,"bundle_layout":"","bundle_add_to_cart_form_location":"","bundle_editable_in_cart":false,"bundle_sold_individually_context":"","bundle_item_grouping":"","bundle_min_size":"","bundle_max_size":"","bundle_price":[],"bundled_items":[],"bundle_sell_ids":[],"acf":[],"_links":{"self":[{"href":"https:\/\/nutriest.eu\/es\/wp-json\/wp\/v2\/product\/14961","targetHints":{"allow":["GET"]}}],"collection":[{"href":"https:\/\/nutriest.eu\/es\/wp-json\/wp\/v2\/product"}],"about":[{"href":"https:\/\/nutriest.eu\/es\/wp-json\/wp\/v2\/types\/product"}],"wp:featuredmedia":[{"embeddable":true,"href":"https:\/\/nutriest.eu\/es\/wp-json\/wp\/v2\/media\/14962"}],"wp:attachment":[{"href":"https:\/\/nutriest.eu\/es\/wp-json\/wp\/v2\/media?parent=14961"}],"wp:term":[{"taxonomy":"product_brand","embeddable":true,"href":"https:\/\/nutriest.eu\/es\/wp-json\/wp\/v2\/product_brand?post=14961"},{"taxonomy":"product_cat","embeddable":true,"href":"https:\/\/nutriest.eu\/es\/wp-json\/wp\/v2\/product_cat?post=14961"},{"taxonomy":"product_tag","embeddable":true,"href":"https:\/\/nutriest.eu\/es\/wp-json\/wp\/v2\/product_tag?post=14961"}],"curies":[{"name":"wp","href":"https:\/\/api.w.org\/{rel}","templated":true}]}}