{"id":14958,"date":"2023-04-10T12:01:11","date_gmt":"2023-04-10T09:01:11","guid":{"rendered":"https:\/\/nutriest.eu\/products\/suplemento-de-tiroides-desecada-de-ternera-alimentada-con-pasto\/"},"modified":"2025-11-20T18:20:09","modified_gmt":"2025-11-20T16:20:09","slug":"suplemento-de-tiroides-desecada-de-ternera-alimentada-con-pasto","status":"publish","type":"product","link":"https:\/\/nutriest.eu\/es\/productos\/suplemento-de-tiroides-desecada-de-ternera-alimentada-con-pasto\/","title":{"rendered":"suplemento de ternera natural disecada alimentada con pasto para la tiroides"},"content":{"rendered":"<p><strong>Los pueblos tradicionales, los nativos americanos y los primeros curanderos ancestrales cre\u00edan que comer \u00f3rganos de un animal sano fortalecer\u00eda y apoyar\u00eda la salud del \u00f3rgano correspondiente del individuo.<\/strong><\/p>\n<p class=\"p1\">La tiroides (con h\u00edgado) de ternera alimentada con pasto es un suplemento diet\u00e9tico integral que contiene vitaminas, minerales, cofactores y enzimas para ayudar, nutrir y apoyar la salud de la tiroides. La tiroides es una gl\u00e1ndula hormonal vital. Desempe\u00f1a un papel fundamental en el metabolismo, el crecimiento, la reparaci\u00f3n celular y el desarrollo del cuerpo humano. Los nutrientes que tambi\u00e9n son estupendos para tu tiroides son el yodo, el selenio y el zinc.<\/p>\n<p><strong>Toda la gl\u00e1ndula tiroides:<\/strong> a diferencia de algunos suplementos tiroideos que utilizan hormonas tiroideas aisladas, nuestro producto contiene toda la gl\u00e1ndula tiroides. Esto significa que obtienes un espectro completo de hormonas tiroideas, incluidas la T3 y la T4, para mejorar la salud de tu tiroides.<\/p>\n<p><strong>Ayuda a controlar el peso:<\/strong> mantener un peso saludable puede ser un reto para las personas con problemas de tiroides. Nuestro suplemento puede ayudar a controlar el peso favoreciendo el buen funcionamiento de la tiroides, ayud\u00e1ndote a alcanzar tus objetivos de forma f\u00edsica y bienestar.<\/p>\n<p><strong>Mejor estado de \u00e1nimo y energ\u00eda:<\/strong> una tiroides sana es esencial para el bienestar emocional y unos niveles de energ\u00eda sostenidos. Los usuarios a menudo informan de una mejora del estado de \u00e1nimo y un aumento de la vitalidad al incorporar nuestro suplemento a su rutina diaria.<\/p>\n<p><em>Como con cualquier suplemento, es esencial que consultes con un profesional sanitario antes de a\u00f1adirlo a tu r\u00e9gimen, especialmente si padeces afecciones tiroideas o est\u00e1s tomando medicaci\u00f3n.<\/em><\/p>\n","protected":false},"excerpt":{"rendered":"<p>Los pueblos tradicionales, los nativos americanos y los primeros curanderos ancestrales cre\u00edan que comer \u00f3rganos de un animal sano fortalecer\u00eda y apoyar\u00eda la salud del \u00f3rgano correspondiente del individuo. La tiroides (con h\u00edgado) de ternera alimentada con pasto es un suplemento diet\u00e9tico integral que contiene vitaminas, minerales, cofactores y enzimas para ayudar, nutrir y apoyar [&hellip;]<\/p>\n","protected":false},"featured_media":14959,"template":"","meta":{"_acf_changed":false,"inline_featured_image":false},"product_brand":[],"product_cat":[153,143,160],"product_tag":[],"class_list":{"0":"post-14958","1":"product","2":"type-product","3":"status-publish","4":"has-post-thumbnail","6":"product_cat-ansiedad-y-estres","7":"product_cat-energia","8":"product_cat-perdida-de-peso","10":"first","11":"instock","12":"taxable","13":"shipping-taxable","14":"purchasable","15":"product-type-simple"},"bundled_by":[],"bundle_stock_status":"instock","bundle_stock_quantity":0,"bundle_virtual":false,"bundle_layout":"","bundle_add_to_cart_form_location":"","bundle_editable_in_cart":false,"bundle_sold_individually_context":"","bundle_item_grouping":"","bundle_min_size":"","bundle_max_size":"","bundle_price":[],"bundled_items":[],"bundle_sell_ids":[],"acf":[],"_links":{"self":[{"href":"https:\/\/nutriest.eu\/es\/wp-json\/wp\/v2\/product\/14958","targetHints":{"allow":["GET"]}}],"collection":[{"href":"https:\/\/nutriest.eu\/es\/wp-json\/wp\/v2\/product"}],"about":[{"href":"https:\/\/nutriest.eu\/es\/wp-json\/wp\/v2\/types\/product"}],"wp:featuredmedia":[{"embeddable":true,"href":"https:\/\/nutriest.eu\/es\/wp-json\/wp\/v2\/media\/14959"}],"wp:attachment":[{"href":"https:\/\/nutriest.eu\/es\/wp-json\/wp\/v2\/media?parent=14958"}],"wp:term":[{"taxonomy":"product_brand","embeddable":true,"href":"https:\/\/nutriest.eu\/es\/wp-json\/wp\/v2\/product_brand?post=14958"},{"taxonomy":"product_cat","embeddable":true,"href":"https:\/\/nutriest.eu\/es\/wp-json\/wp\/v2\/product_cat?post=14958"},{"taxonomy":"product_tag","embeddable":true,"href":"https:\/\/nutriest.eu\/es\/wp-json\/wp\/v2\/product_tag?post=14958"}],"curies":[{"name":"wp","href":"https:\/\/api.w.org\/{rel}","templated":true}]}}