{"id":14955,"date":"2023-04-10T12:02:24","date_gmt":"2023-04-10T09:02:24","guid":{"rendered":"https:\/\/nutriest.eu\/products\/visceras-desecadas-de-ternera-alimentada-con-pasto-con-calostro-y-ostras\/"},"modified":"2025-03-16T17:20:16","modified_gmt":"2025-03-16T15:20:16","slug":"visceras-desecadas-de-ternera-alimentada-con-pasto-con-calostro-y-ostras","status":"publish","type":"product","link":"https:\/\/nutriest.eu\/es\/productos\/visceras-desecadas-de-ternera-alimentada-con-pasto-con-calostro-y-ostras\/","title":{"rendered":"V\u00edsceras disecadas de ternera alimentada con pasto con calostro y ostras"},"content":{"rendered":"<p><strong>Los pueblos tradicionales, los nativos americanos y los primeros curanderos ancestrales cre\u00edan que comer los \u00f3rganos de un animal sano fortalecer\u00eda y apoyar\u00eda la salud del \u00f3rgano correspondiente del individuo.<br \/>\n<\/strong><\/p>\n<p class=\"p1\"><span class=\"s1\">Las ostras son realmente una perla en nuestra dieta. Son uno de los alimentos m\u00e1s nutritivos que podemos comer y aportan casi todos los nutrientes esenciales. Son un afrodis\u00edaco natural y se utilizan mucho para aumentar el deseo sexual al potenciar la dopamina, una hormona que aumenta la libido tanto en hombres como en mujeres. Tienen abundantes vitaminas y minerales, como la <b>vitamina B12<\/b>, la <b>vitamina D<\/b>, el <b>zinc<\/b>, el <b>yodo<\/b> y el <b>selenio<\/b>.<\/span><\/p>\n<p class=\"p1\"><span class=\"s1\">Los reci\u00e9n nacidos reciben el calostro de sus madres durante las primeras 24-48 horas tras el nacimiento, y este \u00ab<b>elixir de vida<\/b>\u00bb no solo proporciona nutrientes y anticuerpos producidos de manera natural en una forma altamente concentrada, sino que tambi\u00e9n crea la base de la inmunidad para toda la vida. El calostro bovino alimentado con pasto es altamente nutritivo y ofrece beneficios \u00fanicos para la salud. Est\u00e1 repleto de <b>inmunoglobulinas<\/b>, <b>factores de crecimiento<\/b>, <b>nutrientes<\/b> y <b>enzimas digestivas<\/b> que estimulan el crecimiento celular, la curaci\u00f3n y la restauraci\u00f3n.<\/span><\/p>\n<p class=\"p1\">Los \u00f3rganos de ternera alimentada con pasto proporcionan una amplia variedad de nutrientes importantes para el desarrollo sano del feto. Son ricos en vitaminas biodisponibles como <strong>B12<\/strong>, <strong>A<\/strong>, <strong>B2<\/strong>, <strong>B3<\/strong>, <strong>B5<\/strong>, <strong>B6<\/strong>, <strong>folato<\/strong> y varios minerales como <strong>hierro hemo<\/strong>, <strong>selenio<\/strong>, <strong>zinc<\/strong>, <strong>cobre<\/strong>, <strong>potasio<\/strong> y <strong>magnesio<\/strong>. El <strong>folato<\/strong> desempe\u00f1a un papel clave en el crecimiento y desarrollo del feto. Es necesario para la divisi\u00f3n celular, tambi\u00e9n contribuye al crecimiento del tejido materno durante el embarazo, al metabolismo saludable de la homociste\u00edna y a la s\u00edntesis de amino\u00e1cidos. Es necesario en la producci\u00f3n de gl\u00f3bulos rojos y ayuda a que el tubo neural de tu beb\u00e9 desarrolle su cerebro y m\u00e9dula espinal. <strong>Tener niveles \u00f3ptimos de folato es importante tanto antes como durante el embarazo.<\/strong> La suplementaci\u00f3n antes y durante el embarazo reduce significativamente el riesgo de defectos del tubo neural, como la espina b\u00edfida y la anencefalia. Ten en cuenta que los \u00f3rganos de ternera aportan folato natural, no \u00e1cido f\u00f3lico sint\u00e9tico, que difiere estructuralmente y tiene efectos biol\u00f3gicos distintos en el organismo.<\/p>\n<p class=\"p1\"><strong>Favorece un embarazo sano y la fertilidad<\/strong><\/p>\n<p class=\"p1\">Mantener una buena alimentaci\u00f3n durante el embarazo es vital para la salud de tu cuerpo y del beb\u00e9. Las necesidades de macro y micronutrientes aumentan durante el embarazo para mantener la homeostasis materna y favorecer el crecimiento y desarrollo del feto. Durante el embarazo, se necesita m\u00e1s hierro para suministrar m\u00e1s sangre y ox\u00edgeno al feto en crecimiento y a la placenta. El selenio es necesario para el funcionamiento normal de la fertilidad masculina y femenina. Adem\u00e1s, el selenio contribuye al metabolismo de las hormonas tiroideas y protege contra los defectos cong\u00e9nitos y los abortos espont\u00e1neos. Por supuesto, todos los nutrientes son importantes, pero estos seis desempe\u00f1an un papel clave en el crecimiento y desarrollo de tu beb\u00e9 durante el embarazo:<\/p>\n<ul>\n<li><strong>Folato<\/strong> &#8211; las mejores fuentes son los h\u00edgados animales. Por ejemplo, h\u00edgado de pato, ganso, ternera y bacalao. Recomendamos el folato alimentario natural, no el \u00e1cido f\u00f3lico sint\u00e9tico.<\/li>\n<li><strong>Hierro<\/strong> &#8211; el mejor tipo de hierro es el hierro hemo, que solo se encuentra en productos animales. Principalmente en la carne y en \u00f3rganos como el bazo y el h\u00edgado.<\/li>\n<li><strong>Calcio<\/strong> &#8211; es el mineral m\u00e1s abundante en el organismo y resulta esencial para muchos mecanismos y reacciones diversos, como la contracci\u00f3n muscular, la formaci\u00f3n \u00f3sea y el funcionamiento enzim\u00e1tico y hormonal. Intenta obtener el calcio de fuentes alimentarias naturales. Se encuentra sobre todo en la leche y los productos l\u00e1cteos.<\/li>\n<li><strong>Vitamina D3<\/strong> &#8211; que t\u00e9cnicamente es una hormona m\u00e1s que una vitamina, es un nutriente crucial. Es necesaria para un sistema inmunitario sano, para la correcta absorci\u00f3n del calcio y tiene diversas funciones neuroprotectoras. La vitamina D3 se obtiene de la luz solar y de los alimentos de origen animal (como el aceite de h\u00edgado de bacalao y el pescado azul).<\/li>\n<li><strong>DHA<\/strong> (tambi\u00e9n conocido como omega-3): es esencial para el crecimiento y desarrollo del cerebro en los beb\u00e9s. Tambi\u00e9n es necesario para el mantenimiento de la funci\u00f3n cerebral normal en los adultos. Los omegas se encuentran sobre todo en pescados como la sardina, el arenque, la caballa y el h\u00edgado de bacalao. Tambi\u00e9n en los aceites de pescado como el\u00a0 de sardina y el\u00a0 de h\u00edgado de bacalao.<\/li>\n<li><strong>Yodo<\/strong>: es necesario para la producci\u00f3n de hormonas tiroideas maternas y fetales que regulan el desarrollo del cerebro y el sistema nervioso del feto. Se encuentra en las algas marinas, el alga <em>kelp<\/em>, tambi\u00e9n en el h\u00edgado de bacalao y en la leche.<\/li>\n<\/ul>\n","protected":false},"excerpt":{"rendered":"<p>Los pueblos tradicionales, los nativos americanos y los primeros curanderos ancestrales cre\u00edan que comer los \u00f3rganos de un animal sano fortalecer\u00eda y apoyar\u00eda la salud del \u00f3rgano correspondiente del individuo. Las ostras son realmente una perla en nuestra dieta. Son uno de los alimentos m\u00e1s nutritivos que podemos comer y aportan casi todos los nutrientes [&hellip;]<\/p>\n","protected":false},"featured_media":66481,"template":"","meta":{"_acf_changed":false,"inline_featured_image":false},"product_brand":[],"product_cat":[163],"product_tag":[],"class_list":{"0":"post-14955","1":"product","2":"type-product","3":"status-publish","4":"has-post-thumbnail","6":"product_cat-embarazo-y-fertilidad","8":"first","9":"instock","10":"taxable","11":"shipping-taxable","12":"purchasable","13":"product-type-simple"},"bundled_by":["22075"],"bundle_stock_status":"instock","bundle_stock_quantity":null,"bundle_virtual":false,"bundle_layout":"","bundle_add_to_cart_form_location":"","bundle_editable_in_cart":false,"bundle_sold_individually_context":"","bundle_item_grouping":"","bundle_min_size":"","bundle_max_size":"","bundle_price":[],"bundled_items":[],"bundle_sell_ids":[],"acf":[],"_links":{"self":[{"href":"https:\/\/nutriest.eu\/es\/wp-json\/wp\/v2\/product\/14955","targetHints":{"allow":["GET"]}}],"collection":[{"href":"https:\/\/nutriest.eu\/es\/wp-json\/wp\/v2\/product"}],"about":[{"href":"https:\/\/nutriest.eu\/es\/wp-json\/wp\/v2\/types\/product"}],"wp:featuredmedia":[{"embeddable":true,"href":"https:\/\/nutriest.eu\/es\/wp-json\/wp\/v2\/media\/66481"}],"wp:attachment":[{"href":"https:\/\/nutriest.eu\/es\/wp-json\/wp\/v2\/media?parent=14955"}],"wp:term":[{"taxonomy":"product_brand","embeddable":true,"href":"https:\/\/nutriest.eu\/es\/wp-json\/wp\/v2\/product_brand?post=14955"},{"taxonomy":"product_cat","embeddable":true,"href":"https:\/\/nutriest.eu\/es\/wp-json\/wp\/v2\/product_cat?post=14955"},{"taxonomy":"product_tag","embeddable":true,"href":"https:\/\/nutriest.eu\/es\/wp-json\/wp\/v2\/product_tag?post=14955"}],"curies":[{"name":"wp","href":"https:\/\/api.w.org\/{rel}","templated":true}]}}