{"id":14952,"date":"2023-04-10T12:03:16","date_gmt":"2023-04-10T09:03:16","guid":{"rendered":"https:\/\/nutriest.eu\/products\/suplemento-de-extracto-puro-de-ostra\/"},"modified":"2025-03-16T17:20:23","modified_gmt":"2025-03-16T15:20:23","slug":"suplemento-de-extracto-puro-de-ostra","status":"publish","type":"product","link":"https:\/\/nutriest.eu\/es\/productos\/suplemento-de-extracto-puro-de-ostra\/","title":{"rendered":"Suplemento de extracto puro de ostra"},"content":{"rendered":"<p class=\"p1\"><span class=\"s1\">Las ostras son realmente una perla en nuestra dieta. Son uno de los alimentos m\u00e1s nutritivos que podemos comer y aportan casi todos los nutrientes esenciales.\u00a0 Se comen desde hace siglos y se consideran un manjar en muchas partes del mundo. Son un afrodis\u00edaco natural y se utilizan mucho para aumentar el impulso y el deseo sexual al potenciar la dopamina, una hormona que aumenta la libido tanto en hombres como en mujeres.<\/span><\/p>\n<p class=\"p1\"><span class=\"s1\">Los impresionantes beneficios para la salud de las ostras proceden de su gran aporte de nutrientes esenciales como prote\u00ednas, minerales, vitaminas, \u00e1cidos grasos omega-3 y otros compuestos org\u00e1nicos. Son especialmente ricas en vitamina B12, vitamina D, zinc y yodo.<\/span><\/p>\n<p>Todos los oligoelementos de nuestro suplemento est\u00e1n presentes en concentraciones significativas pero equilibradas, lo que garantiza que todos funcionen en armon\u00eda, tal como pretende la naturaleza. Ninguno de los nutrientes presentes podr\u00eda alterar el equilibrio mineral y nutritivo natural de tu organismo.<\/p>\n<p class=\"p1\"><span class=\"s1\"><b>Salud cerebral mejorada<\/b><\/span><\/p>\n<p class=\"p1\"><span class=\"s1\">Las ostras contienen varias vitaminas y minerales esenciales para la salud cerebral. Entre ellos se encuentran los antioxidantes, los \u00e1cidos grasos, como el omega 3 y la vitamina B12. Todos estos nutrientes son importantes para la funci\u00f3n cognitiva y para prevenir el deterioro cerebral relacionado con la edad.<\/span><\/p>\n<p class=\"p1\"><span class=\"s1\"><b>Mejor salud de la piel<\/b><\/span><\/p>\n<p class=\"p1\"><span class=\"s1\">Las ostras son una buena fuente de zinc, un mineral esencial para la salud de la piel.\u00a0 Ayuda a promover la producci\u00f3n de col\u00e1geno, manteniendo la piel sana y con aspecto joven. Tambi\u00e9n a proteger contra el da\u00f1o solar y reducir la aparici\u00f3n de arrugas.<\/span><\/p>\n<p class=\"p1\"><span class=\"s1\"><b>Ayuda a regular los niveles de az\u00facar en sangre<\/b><\/span><\/p>\n<p class=\"p1\"><span class=\"s1\">Las ostras son una buena fuente de magnesio, un mineral que se ha demostrado que ayuda a regular los niveles de az\u00facar en sangre. El magnesio interviene en la absorci\u00f3n de la glucosa, lo que puede ayudar a mantener estables los niveles de az\u00facar en sangre y evitar los picos y las ca\u00eddas.<\/span><\/p>\n<p class=\"p1\"><span class=\"s1\"><b>Aumenta la circulaci\u00f3n sangu\u00ednea<\/b><\/span><\/p>\n<p class=\"p1\"><span class=\"s1\">Las ostras son una buena fuente de amino\u00e1cidos libres y hierro. El hierro en 100 mg de ostras puede oscilar en torno a los 6 mg. Es un componente clave en la formaci\u00f3n de hemoglobina y gl\u00f3bulos rojos en el organismo. La anemia, tambi\u00e9n conocida como carencia de hierro, puede provocar fatiga, disfunci\u00f3n cognitiva, dificultad respiratoria, trastornos estomacales y debilidad muscular general. Un suministro fresco de c\u00e9lulas sangu\u00edneas sanas en el sistema circulatorio garantiza que los sistemas org\u00e1nicos tengan altos niveles de sangre oxigenada para estimular su actividad. Esto asegura su funcionamiento eficaz y la mejora de la tasa metab\u00f3lica general del cuerpo.<\/span><\/p>\n<p class=\"p1\"><span class=\"s1\"><b>Salud sexual<\/b><\/span><\/p>\n<p class=\"p1\"><span class=\"s1\">\u00a1El zinc presente en las ostras es la raz\u00f3n por la que se consideran afrodis\u00edacas! Ayuda al cuerpo a producir testosterona, una hormona necesaria para regular la libido y la funci\u00f3n sexual de mujeres y hombres. <\/span><\/p>\n","protected":false},"excerpt":{"rendered":"<p>Las ostras son realmente una perla en nuestra dieta. Son uno de los alimentos m\u00e1s nutritivos que podemos comer y aportan casi todos los nutrientes esenciales.\u00a0 Se comen desde hace siglos y se consideran un manjar en muchas partes del mundo. Son un afrodis\u00edaco natural y se utilizan mucho para aumentar el impulso y el [&hellip;]<\/p>\n","protected":false},"featured_media":14953,"template":"","meta":{"_acf_changed":false,"inline_featured_image":false},"product_brand":[],"product_cat":[163,143,154],"product_tag":[],"class_list":{"0":"post-14952","1":"product","2":"type-product","3":"status-publish","4":"has-post-thumbnail","6":"product_cat-embarazo-y-fertilidad","7":"product_cat-energia","8":"product_cat-refuerzo-inmunitario","10":"first","11":"instock","12":"taxable","13":"shipping-taxable","14":"purchasable","15":"product-type-simple"},"bundled_by":["22074","22075"],"bundle_stock_status":"instock","bundle_stock_quantity":0,"bundle_virtual":false,"bundle_layout":"","bundle_add_to_cart_form_location":"","bundle_editable_in_cart":false,"bundle_sold_individually_context":"","bundle_item_grouping":"","bundle_min_size":"","bundle_max_size":"","bundle_price":[],"bundled_items":[],"bundle_sell_ids":[],"acf":[],"_links":{"self":[{"href":"https:\/\/nutriest.eu\/es\/wp-json\/wp\/v2\/product\/14952","targetHints":{"allow":["GET"]}}],"collection":[{"href":"https:\/\/nutriest.eu\/es\/wp-json\/wp\/v2\/product"}],"about":[{"href":"https:\/\/nutriest.eu\/es\/wp-json\/wp\/v2\/types\/product"}],"wp:featuredmedia":[{"embeddable":true,"href":"https:\/\/nutriest.eu\/es\/wp-json\/wp\/v2\/media\/14953"}],"wp:attachment":[{"href":"https:\/\/nutriest.eu\/es\/wp-json\/wp\/v2\/media?parent=14952"}],"wp:term":[{"taxonomy":"product_brand","embeddable":true,"href":"https:\/\/nutriest.eu\/es\/wp-json\/wp\/v2\/product_brand?post=14952"},{"taxonomy":"product_cat","embeddable":true,"href":"https:\/\/nutriest.eu\/es\/wp-json\/wp\/v2\/product_cat?post=14952"},{"taxonomy":"product_tag","embeddable":true,"href":"https:\/\/nutriest.eu\/es\/wp-json\/wp\/v2\/product_tag?post=14952"}],"curies":[{"name":"wp","href":"https:\/\/api.w.org\/{rel}","templated":true}]}}