{"id":14949,"date":"2023-04-10T12:04:46","date_gmt":"2023-04-10T09:04:46","guid":{"rendered":"https:\/\/nutriest.eu\/products\/proteina-de-suero-de-leche-en-polvo-ecologica\/"},"modified":"2026-01-23T20:19:07","modified_gmt":"2026-01-23T18:19:07","slug":"proteina-de-suero-de-leche-en-polvo-ecologica","status":"publish","type":"product","link":"https:\/\/nutriest.eu\/es\/productos\/proteina-de-suero-de-leche-en-polvo-ecologica\/","title":{"rendered":"Prote\u00edna de suero en polvo org\u00e1nica"},"content":{"rendered":"<div class=\"product-single__description rte\">\n<p><strong>Prote\u00edna de suero org\u00e1nica 100 % alimentada con pasto<\/strong> procedente de leche de vacas que pastan libremente en prados verdes nutricionalmente densos. Estas vacas criadas en pastos de granjas peque\u00f1as son m\u00e1s sanas y felices. Nuestro suero de leche o <em>whey<\/em> org\u00e1nico est\u00e1 m\u00ednimamente procesado y contiene m\u00e1s antioxidantes y otros nutrientes que los sueros de leche en polvo convencionales.<\/p>\n<p>Sin lecitina de soja, edulcorantes, conservantes ni rellenos a\u00f1adidos. A la mayor\u00eda de los sueros en polvo convencionales del mercado se les a\u00f1aden ingredientes artificiales poco saludables.<\/p>\n<p><strong>Beneficios para la salud de la prote\u00edna de suero de leche<\/strong><\/p>\n<ul>\n<li>Fortalece la musculatura<\/li>\n<li>Ayuda a la recuperaci\u00f3n<\/li>\n<li>Acelera la curaci\u00f3n de heridas<\/li>\n<li>Incremento nutricional<\/li>\n<li>Mejora la saciedad<\/li>\n<li>Incrementa la densidad mineral \u00f3sea<\/li>\n<li>Mejora la inmunidad<\/li>\n<\/ul>\n<p>La prote\u00edna de suero de leche se considera uno de los suplementos m\u00e1s importantes y eficaces en la nutrici\u00f3n deportiva. De hecho, es uno de los mejor estudiados del mundo.<\/p>\n<p>Independientemente de que seas atleta, culturista o aficionado ocasional al fitnes, una prote\u00edna en polvo de alta calidad deber\u00eda constituir la piedra angular de tu suplementaci\u00f3n. Se trata de una fuente de prote\u00ednas de calidad que el cuerpo humano absorbe y utiliza eficazmente.<\/p>\n<p>La prote\u00edna de suero de leche contiene los nueve amino\u00e1cidos esenciales, que se absorben r\u00e1pidamente. Puede ayudarte a aumentar la fuerza y ganar masa muscular mientras pierdes grasa corporal. Sin embargo, el suero de leche es algo m\u00e1s que prote\u00ednas. Contiene muchos otros nutrientes, algunos con potentes efectos biol\u00f3gicos.<\/p>\n<p>&nbsp;<\/p>\n<p><strong>Mejoraa el crecimiento muscular y el rendimiento del ejercicio<\/strong><\/p>\n<p>La suplementaci\u00f3n con prote\u00edna de <em>whey<\/em> junto con el entrenamiento de resistencia puede ayudar a mejorar la s\u00edntesis de prote\u00ednas musculares y aumentar la masa muscular magra y la fuerza.\t<\/p>\n<ul>\n<li>Aporta prote\u00ednas y todos los amino\u00e1cidos esenciales, que sirven como bloques de construcci\u00f3n para aumentar el crecimiento muscular.<\/li>\n<li>Aumenta la liberaci\u00f3n de hormonas anab\u00f3licas que pueden estimular el crecimiento muscular, como la insulina.<\/li>\n<li>Tiene un alto contenido en el amino\u00e1cido leucina, que se sabe que estimula la s\u00edntesis de prote\u00ednas musculares a nivel molecular.<\/li>\n<li>La prote\u00edna de suero de leche se absorbe y utiliza r\u00e1pidamente en comparaci\u00f3n con otros tipos de prote\u00ednas<\/li>\n<\/ul>\n<p>Se ha demostrado que la prote\u00edna de suero de leche es especialmente eficaz para aumentar el crecimiento muscular cuando se consume justo antes, despu\u00e9s o durante un entrenamiento.<\/p>\n<p><strong>La prote\u00edna de suero de leche mejora la saciedad y puede favorecer la p\u00e9rdida de peso<\/strong><\/p>\n<p>Se ha demostrado que la prote\u00edna favorece la p\u00e9rdida de peso al estimular el metabolismo y reducir el apetito. La prote\u00edna de suero de leche puede ayudar a aumentar la p\u00e9rdida de grasa, preservando al mismo tiempo la masa muscular magra.<\/p>\n<p><strong>Los suplementos de prote\u00edna de suero pueden ayudar a aumentar tu ingesta de prote\u00ednas y BCAA<\/strong><\/p>\n<p>Las prote\u00ednas son los componentes b\u00e1sicos del cuerpo humano. Se utilizan para fabricar varios elementos importantes, como tendones, \u00f3rganos y piel, as\u00ed como hormonas, enzimas y neurotransmisores. El suero de leche alimentado con pasto es especialmente rico en importantes amino\u00e1cidos de cadena ramificada (BCAA) como la leucina, la valina y la isoleucina, y tambi\u00e9n contiene una gran cantidad de ciste\u00edna. La leucina es el amino\u00e1cido m\u00e1s anab\u00f3lico \u2014que favorece el crecimiento\u2014, y la ciste\u00edna puede ayudar a aumentar los niveles de un potente antioxidante celular conocido como glutati\u00f3n.<\/p>\n<p><strong>Aumenta el sistema inmunitario y la resistencia a las infecciones<\/strong><\/p>\n<p>La prote\u00edna y los p\u00e9ptidos del suero de leche proporcionan apoyo probi\u00f3tico. Potencian la actividad antibacteriana de ciertas enzimas e incluso suprimen las bacterias da\u00f1inas que quieren colonizar tu intestino. Estos compuestos muestran resultados positivos en la protecci\u00f3n contra diversas infecciones y virus.<\/p>\n<p><strong>Inmunoglobulinas:<\/strong> estos componentes intervienen en m\u00faltiples funciones del sistema inmunitario, como la estimulaci\u00f3n de las c\u00e9lulas inmunitarias y la neutralizaci\u00f3n de virus y bacterias.<\/p>\n<p><strong>Lactoferrina:<\/strong> ayuda a regular la absorci\u00f3n del hierro en el intestino. Tambi\u00e9n protege contra las infecciones de bacterias, virus y hongos, priv\u00e1ndoles de nutrientes e inhibiendo su crecimiento.<\/p>\n<p><strong>Beta-lactoglobulina:<\/strong> la beta-lactoglobulina act\u00faa como un compuesto que aporta amino\u00e1cidos a la funci\u00f3n del sistema inmunitario.<\/p>\n<p><strong>\u00c1cido si\u00e1lico:<\/strong> este compuesto reduce el riesgo de algunos tipos de infecciones intestinales como E. Coli y H. Pylori. Adem\u00e1s, se sugiere que el \u00e1cido si\u00e1lico tiene efectos prebi\u00f3ticos, estimulando el crecimiento de bifidobacterias y lactobacilos, a menudo denominados \u00abbacterias amistosas\u00bb.<\/p>\n<p><strong>Glutamina:<\/strong> es un componente b\u00e1sico de las prote\u00ednas y una parte fundamental del sistema inmunitario. Tambi\u00e9n es una importante fuente de combustible para las c\u00e9lulas inmunitarias, incluidos los gl\u00f3bulos blancos.<\/p>\n<p><strong>Selenio:<\/strong> micronutriente conocido por disminuir el estr\u00e9s oxidativo, lo que reduce la inflamaci\u00f3n y mejora la inmunidad.<\/div>\n","protected":false},"excerpt":{"rendered":"<p>Prote\u00edna de suero org\u00e1nica 100 % alimentada con pasto procedente de leche de vacas que pastan libremente en prados verdes nutricionalmente densos. Estas vacas criadas en pastos de granjas peque\u00f1as son m\u00e1s sanas y felices. Nuestro suero de leche o whey org\u00e1nico est\u00e1 m\u00ednimamente procesado y contiene m\u00e1s antioxidantes y otros nutrientes que los sueros [&hellip;]<\/p>\n","protected":false},"featured_media":68638,"template":"","meta":{"_acf_changed":false,"inline_featured_image":false},"product_brand":[],"product_cat":[159],"product_tag":[],"class_list":{"0":"post-14949","1":"product","2":"type-product","3":"status-publish","4":"has-post-thumbnail","6":"product_cat-crecimiento-muscular","8":"first","9":"instock","10":"taxable","11":"shipping-taxable","12":"purchasable","13":"product-type-simple"},"bundled_by":["22074"],"bundle_stock_status":"instock","bundle_stock_quantity":-8,"bundle_virtual":false,"bundle_layout":"","bundle_add_to_cart_form_location":"","bundle_editable_in_cart":false,"bundle_sold_individually_context":"","bundle_item_grouping":"","bundle_min_size":"","bundle_max_size":"","bundle_price":[],"bundled_items":[],"bundle_sell_ids":[],"acf":[],"_links":{"self":[{"href":"https:\/\/nutriest.eu\/es\/wp-json\/wp\/v2\/product\/14949","targetHints":{"allow":["GET"]}}],"collection":[{"href":"https:\/\/nutriest.eu\/es\/wp-json\/wp\/v2\/product"}],"about":[{"href":"https:\/\/nutriest.eu\/es\/wp-json\/wp\/v2\/types\/product"}],"wp:featuredmedia":[{"embeddable":true,"href":"https:\/\/nutriest.eu\/es\/wp-json\/wp\/v2\/media\/68638"}],"wp:attachment":[{"href":"https:\/\/nutriest.eu\/es\/wp-json\/wp\/v2\/media?parent=14949"}],"wp:term":[{"taxonomy":"product_brand","embeddable":true,"href":"https:\/\/nutriest.eu\/es\/wp-json\/wp\/v2\/product_brand?post=14949"},{"taxonomy":"product_cat","embeddable":true,"href":"https:\/\/nutriest.eu\/es\/wp-json\/wp\/v2\/product_cat?post=14949"},{"taxonomy":"product_tag","embeddable":true,"href":"https:\/\/nutriest.eu\/es\/wp-json\/wp\/v2\/product_tag?post=14949"}],"curies":[{"name":"wp","href":"https:\/\/api.w.org\/{rel}","templated":true}]}}