{"id":14945,"date":"2023-04-10T12:05:31","date_gmt":"2023-04-10T09:05:31","guid":{"rendered":"https:\/\/nutriest.eu\/products\/suplemento-de-bazo-desecado-de-ternera-alimentada-con-pasto\/"},"modified":"2025-05-16T10:19:55","modified_gmt":"2025-05-16T07:19:55","slug":"suplemento-de-bazo-desecado-de-ternera-alimentada-con-pasto","status":"publish","type":"product","link":"https:\/\/nutriest.eu\/es\/productos\/suplemento-de-bazo-desecado-de-ternera-alimentada-con-pasto\/","title":{"rendered":"Suplemento de bazo disecado de ternera alimentada con pasto"},"content":{"rendered":"<p><strong>Los pueblos tradicionales, los nativos americanos y los primeros curanderos ancestrales cre\u00edan que comer los \u00f3rganos de un animal sano fortalecer\u00eda y apoyar\u00eda la salud del \u00f3rgano correspondiente del individuo.<\/strong><\/p>\n<p class=\"p1\">Se sabe que el bazo de ternera alimentado con pasto es una de las <strong>mejores fuentes de hierro hemo<\/strong>. Tambi\u00e9n aporta nutrientes altamente biodisponibles como vitamina B12, vitamina C, riboflavina, niacina, selenio, hierro, cobre, f\u00f3sforo, selenio y zinc. El hierro es un mineral esencial que tu cuerpo necesita para funcionar correctamente. Es de vital importancia consumir cantidades adecuadas en tu dieta diaria. El hierro hemo es una forma mejor de hierro que el hierro no hemo, ya que <strong>hasta el 40 % de \u00e9l es absorbido f\u00e1cilmente<\/strong> por tu organismo. El hierro contribuye a preservar muchas funciones vitales del organismo, como la energ\u00eda general y la concentraci\u00f3n, los procesos gastrointestinales, ayuda al sistema inmunitario y regula la temperatura. El hierro tambi\u00e9n interviene en la transferencia de ox\u00edgeno de los pulmones a los tejidos.<\/p>\n<p class=\"p1\">Tambi\u00e9n interviene en el metabolismo como componente de algunas prote\u00ednas y enzimas. Un gran n\u00famero de enzimas necesitan hierro como cofactor para realizar sus funciones. Entre las m\u00e1s importantes se encuentran las enzimas implicadas en la ruta metab\u00f3lica que convierte los nutrientes en energ\u00eda.<\/p>\n<p class=\"p1\"><strong>Previene la anemia ferrop\u00e9nica<\/strong><\/p>\n<p class=\"p1\">El hierro es un mineral vital para tu salud. Todas tus c\u00e9lulas contienen alguna forma de hierro, pero la mayor parte del hierro de tu cuerpo est\u00e1 en los gl\u00f3bulos rojos. Estos transportan ox\u00edgeno desde los pulmones a los \u00f3rganos y tejidos de todo el cuerpo. Los s\u00edntomas de la anemia ferrop\u00e9nica pueden incluir cansancio y falta de energ\u00eda, dificultad para respirar, latidos del coraz\u00f3n perceptibles (palpitaciones). El hierro en la dieta, la vitamina B-12 y el folato son esenciales para los gl\u00f3bulos rojos, de los que el bazo y el h\u00edgado de ternera tienen en abundancia.<\/p>\n<p class=\"p1\">Este poderoso mineral tambi\u00e9n es esencial para la funci\u00f3n cognitiva, incluida la memoria, la resoluci\u00f3n de problemas, la concentraci\u00f3n y el aprendizaje. Tu cerebro rendir\u00e1 al m\u00e1ximo si tu cuerpo tiene suficiente hierro en su organismo.<\/p>\n","protected":false},"excerpt":{"rendered":"<p>Los pueblos tradicionales, los nativos americanos y los primeros curanderos ancestrales cre\u00edan que comer los \u00f3rganos de un animal sano fortalecer\u00eda y apoyar\u00eda la salud del \u00f3rgano correspondiente del individuo. Se sabe que el bazo de ternera alimentado con pasto es una de las mejores fuentes de hierro hemo. Tambi\u00e9n aporta nutrientes altamente biodisponibles como [&hellip;]<\/p>\n","protected":false},"featured_media":14946,"template":"","meta":{"_acf_changed":false,"inline_featured_image":false},"product_brand":[],"product_cat":[162,163,143],"product_tag":[],"class_list":{"0":"post-14945","1":"product","2":"type-product","3":"status-publish","4":"has-post-thumbnail","6":"product_cat-deficiencia-de-hierro","7":"product_cat-embarazo-y-fertilidad","8":"product_cat-energia","10":"first","11":"instock","12":"taxable","13":"shipping-taxable","14":"purchasable","15":"product-type-simple"},"bundled_by":["22075"],"bundle_stock_status":"instock","bundle_stock_quantity":null,"bundle_virtual":false,"bundle_layout":"","bundle_add_to_cart_form_location":"","bundle_editable_in_cart":false,"bundle_sold_individually_context":"","bundle_item_grouping":"","bundle_min_size":"","bundle_max_size":"","bundle_price":[],"bundled_items":[],"bundle_sell_ids":[],"acf":[],"_links":{"self":[{"href":"https:\/\/nutriest.eu\/es\/wp-json\/wp\/v2\/product\/14945","targetHints":{"allow":["GET"]}}],"collection":[{"href":"https:\/\/nutriest.eu\/es\/wp-json\/wp\/v2\/product"}],"about":[{"href":"https:\/\/nutriest.eu\/es\/wp-json\/wp\/v2\/types\/product"}],"wp:featuredmedia":[{"embeddable":true,"href":"https:\/\/nutriest.eu\/es\/wp-json\/wp\/v2\/media\/14946"}],"wp:attachment":[{"href":"https:\/\/nutriest.eu\/es\/wp-json\/wp\/v2\/media?parent=14945"}],"wp:term":[{"taxonomy":"product_brand","embeddable":true,"href":"https:\/\/nutriest.eu\/es\/wp-json\/wp\/v2\/product_brand?post=14945"},{"taxonomy":"product_cat","embeddable":true,"href":"https:\/\/nutriest.eu\/es\/wp-json\/wp\/v2\/product_cat?post=14945"},{"taxonomy":"product_tag","embeddable":true,"href":"https:\/\/nutriest.eu\/es\/wp-json\/wp\/v2\/product_tag?post=14945"}],"curies":[{"name":"wp","href":"https:\/\/api.w.org\/{rel}","templated":true}]}}