{"id":14939,"date":"2023-04-10T12:06:09","date_gmt":"2023-04-10T09:06:09","guid":{"rendered":"https:\/\/nutriest.eu\/products\/complejo-de-visceras-desecadas-de-ternera-alimentada-con-pasto\/"},"modified":"2025-03-16T17:20:41","modified_gmt":"2025-03-16T15:20:41","slug":"complejo-de-visceras-desecadas-de-ternera-alimentada-con-pasto","status":"publish","type":"product","link":"https:\/\/nutriest.eu\/es\/productos\/complejo-de-visceras-desecadas-de-ternera-alimentada-con-pasto\/","title":{"rendered":"COMPLEJO SUPREMO DE V\u00cdSCERAS DE TERNERA disecadas de libre pastoreo"},"content":{"rendered":"<p><strong>Los pueblos tradicionales, los nativos americanos y los primeros curanderos ancestrales cre\u00edan que comer los \u00f3rganos de un animal sano fortalecer\u00eda y apoyar\u00eda la salud del \u00f3rgano correspondiente del individuo.<\/strong><\/p>\n<p class=\"p1\">Las v\u00edsceras de ternera alimentada con pasto son una fuente concentrada de casi todos los nutrientes, incluidas importantes vitaminas, minerales, grasas saludables y amino\u00e1cidos esenciales. Proporcionan una rica cantidad de vitaminas biodisponibles del <strong>complejo B<\/strong>, como <strong>B1<\/strong>, <strong>B2<\/strong>, <strong>B3<\/strong>, <strong>B6<\/strong>, <strong>B12<\/strong> y <strong>folato<\/strong>. Los \u00f3rganos de ternera son tambi\u00e9n una fuente importante de colina y contienen una variedad de minerales f\u00e1cilmente absorbibles, como <strong>hierro<\/strong>, <strong>zinc<\/strong>, <strong>selenio<\/strong>, <strong>cobre<\/strong>, <strong>f\u00f3sforo<\/strong>, <strong>potasio<\/strong>, <strong>magnesio<\/strong> y <strong>manganeso<\/strong>. Cada \u00f3rgano a\u00f1ade su perfil nutritivo \u00fanico y el conjunto forma una relaci\u00f3n din\u00e1mica. El complejo de v\u00edsceras equilibra y maximiza tanto el contenido como la disponibilidad de nutrientes para conseguir la mayor nutrici\u00f3n y absorci\u00f3n posibles. Obtener formas de nutrientes suficientes, de mejor calidad y altamente absorbibles es vital para la salud f\u00edsica y mental.<\/p>\n<p><strong>Beneficios para la salud de los \u00f3rganos de ternera disecados:<\/strong><\/p>\n<ul>\n<li><strong>Favorece la salud del cerebro, el coraz\u00f3n y el h\u00edgado.<\/strong><\/li>\n<li><strong>Para unas articulaciones fuertes, tejido conectivo y col\u00e1geno sano.<\/strong><\/li>\n<li><strong>Para una piel, enc\u00edas, dientes y cabello sanos.<\/strong><\/li>\n<li><strong>Favorece la energ\u00eda, el metabolismo, el estado de \u00e1nimo y la metilaci\u00f3n.<\/strong><\/li>\n<li><strong>Favorece un sistema inmunitario fuerte.<\/strong><\/li>\n<\/ul>\n<p><strong>Promueve la p\u00e9rdida de peso <\/strong>Practicar h\u00e1bitos alimenticios m\u00e1s saludables y absorber una cantidad adecuada de nutrientes esenciales es vital para superar la obesidad. Los \u00f3rganos de ternera son la fuente m\u00e1s concentrada de casi todos los nutrientes, incluidas importantes vitaminas, minerales y amino\u00e1cidos esenciales. Obtener suficientes minerales y vitaminas de mejor calidad y altamente absorbibles reduce los antojos y promueve la p\u00e9rdida de peso. Aseg\u00farate de que est\u00e1s recibiendo suficientes nutrientes esenciales, para que tu cuerpo est\u00e9 satisfecho y reduzcas los refrigerios excesivos. <strong>Alivia la ansiedad y la depresi\u00f3n<\/strong> El complejo de \u00f3rganos de ternera alimentada con pasto es muy rico en vitaminas B. Las vitaminas B son un grupo de ocho nutrientes diferentes que trabajan juntos para gestionar muchos procesos en el cuerpo, incluidos los niveles de estr\u00e9s. Un <a class=\u00abjs-no-transition\u00bb title=\u00abEstudio sobre suplementos m\u00e1s nutritivos para la ansiedad\u00bb href=\u00abhttps:\/\/content.sciendo.com\/view\/journals\/jbcr\/10\/2\/article-p140.xml\u00bb target=\u00ab_blank\u00bb rel=\u00abnoopener\u00bb>estudio de 2017<\/a> descubri\u00f3 que las personas con niveles m\u00e1s bajos de vitamina B-12 en sangre eran m\u00e1s propensas a sufrir depresi\u00f3n o ansiedad. La vitamina B-12 y otras vitaminas B desempe\u00f1an un papel en la producci\u00f3n de sustancias qu\u00edmicas cerebrales que afectan al estado de \u00e1nimo y a otras funciones cerebrales. <strong>Aumenta los niveles de energ\u00eda<\/strong> El complejo de \u00f3rganos de ternera alimentada con pasto es rico en hierro hemo, vitamina B12, \u00e1cido f\u00f3lico y coq10, nutrientes que ayudan a aumentar tus niveles de energ\u00eda y a mantener el estado de alerta y la concentraci\u00f3n durante todo el d\u00eda.<\/p>\n","protected":false},"excerpt":{"rendered":"<p>Los pueblos tradicionales, los nativos americanos y los primeros curanderos ancestrales cre\u00edan que comer los \u00f3rganos de un animal sano fortalecer\u00eda y apoyar\u00eda la salud del \u00f3rgano correspondiente del individuo. Las v\u00edsceras de ternera alimentada con pasto son una fuente concentrada de casi todos los nutrientes, incluidas importantes vitaminas, minerales, grasas saludables y amino\u00e1cidos esenciales. [&hellip;]<\/p>\n","protected":false},"featured_media":66439,"template":"","meta":{"_acf_changed":false,"inline_featured_image":false},"product_brand":[],"product_cat":[153,143,160,154],"product_tag":[],"class_list":{"0":"post-14939","1":"product","2":"type-product","3":"status-publish","4":"has-post-thumbnail","6":"product_cat-ansiedad-y-estres","7":"product_cat-energia","8":"product_cat-perdida-de-peso","9":"product_cat-refuerzo-inmunitario","11":"first","12":"instock","13":"taxable","14":"shipping-taxable","15":"purchasable","16":"product-type-simple"},"bundled_by":["14852"],"bundle_stock_status":"instock","bundle_stock_quantity":null,"bundle_virtual":false,"bundle_layout":"","bundle_add_to_cart_form_location":"","bundle_editable_in_cart":false,"bundle_sold_individually_context":"","bundle_item_grouping":"","bundle_min_size":"","bundle_max_size":"","bundle_price":[],"bundled_items":[],"bundle_sell_ids":[],"acf":[],"_links":{"self":[{"href":"https:\/\/nutriest.eu\/es\/wp-json\/wp\/v2\/product\/14939","targetHints":{"allow":["GET"]}}],"collection":[{"href":"https:\/\/nutriest.eu\/es\/wp-json\/wp\/v2\/product"}],"about":[{"href":"https:\/\/nutriest.eu\/es\/wp-json\/wp\/v2\/types\/product"}],"wp:featuredmedia":[{"embeddable":true,"href":"https:\/\/nutriest.eu\/es\/wp-json\/wp\/v2\/media\/66439"}],"wp:attachment":[{"href":"https:\/\/nutriest.eu\/es\/wp-json\/wp\/v2\/media?parent=14939"}],"wp:term":[{"taxonomy":"product_brand","embeddable":true,"href":"https:\/\/nutriest.eu\/es\/wp-json\/wp\/v2\/product_brand?post=14939"},{"taxonomy":"product_cat","embeddable":true,"href":"https:\/\/nutriest.eu\/es\/wp-json\/wp\/v2\/product_cat?post=14939"},{"taxonomy":"product_tag","embeddable":true,"href":"https:\/\/nutriest.eu\/es\/wp-json\/wp\/v2\/product_tag?post=14939"}],"curies":[{"name":"wp","href":"https:\/\/api.w.org\/{rel}","templated":true}]}}