{"id":14936,"date":"2023-04-10T12:07:00","date_gmt":"2023-04-10T09:07:00","guid":{"rendered":"https:\/\/nutriest.eu\/products\/peptidos-de-colageno-de-ternera-alimentada-con-pasto-hidrolizados\/"},"modified":"2025-03-16T17:21:04","modified_gmt":"2025-03-16T15:21:04","slug":"peptidos-de-colageno-de-ternera-alimentada-con-pasto-hidrolizados","status":"publish","type":"product","link":"https:\/\/nutriest.eu\/es\/productos\/peptidos-de-colageno-de-ternera-alimentada-con-pasto-hidrolizados\/","title":{"rendered":"P\u00e9ptidos de col\u00e1geno hidrolizados de ternera alimentada con pasto"},"content":{"rendered":"<p class=\"p1\"><strong><span class=\"s1\">El col\u00e1geno es la prote\u00edna m\u00e1s abundante en los seres humanos y otros mam\u00edferos, constituyendo entre el 25 y el 35\u202f% del contenido proteico total de tu cuerpo.<\/span><\/strong><\/p>\n<p class=\"p1\"><span class=\"s1\">El col\u00e1geno bovino est\u00e1 formado principalmente por col\u00e1geno de tipo 1 y de tipo 3, dos tipos de col\u00e1geno que desempe\u00f1an un papel fundamental en el crecimiento y la reparaci\u00f3n de huesos, tendones, ligamentos y piel.<\/span><\/p>\n<p class=\"p1\"><span class=\"s1\">El col\u00e1geno bovino aporta 18 amino\u00e1cidos, incluidos 8 amino\u00e1cidos esenciales. Es una gran fuente de glicina y prolina. La glicina es un componente clave en la creaci\u00f3n de las cadenas de ADN y ARN. La construcci\u00f3n de cadenas sanas de ADN y ARN es necesaria para proporcionar la base de las c\u00e9lulas corporales funcionales. La prolina contribuye a la capacidad del organismo para producir col\u00e1geno por s\u00ed mismo. El col\u00e1geno bovino tambi\u00e9n contiene glutamina, \u00fatil para prevenir la inflamaci\u00f3n intestinal, y arginina, que ayuda a mejorar el rendimiento atl\u00e9tico.<\/span><\/p>\n<p class=\"p1\"><span class=\"s1\">El col\u00e1geno tambi\u00e9n se encuentra en los cart\u00edlagos, los huesos, los vasos sangu\u00edneos, la c\u00f3rnea del ojo, los discos intervertebrales, los m\u00fasculos y el tubo digestivo. La producci\u00f3n de col\u00e1geno disminuye con la edad, y la prote\u00edna puede resultar da\u00f1ada por el tabaco y otras formas de estr\u00e9s oxidativo.<\/span><\/p>\n<p class=\"p1\"><strong><span class=\"s1\">El col\u00e1geno tiene muchas funciones importantes, como:<\/span><\/strong><\/p>\n<ul class=\"ul1\">\n<li class=\"li1\"><span class=\"s1\">Proporcionar fuerza, estructura y elasticidad a la piel.<\/span><\/li>\n<li class=\"li1\"><span class=\"s1\">Aliviar los dolores articulares y fortalecer los huesos.<\/span><\/li>\n<li class=\"li1\"><span class=\"s1\">Ayudar en la reducci\u00f3n de arrugas<\/span><\/li>\n<li class=\"li1\"><span class=\"s1\">Mejorar la salud intestinal<\/span><\/li>\n<li class=\"li1\"><span class=\"s1\">Aumentar la masa muscular<\/span><\/li>\n<\/ul>\n<p class=\"p1\"><span class=\"s1\"><b>Mejora la salud de la piel<\/b><\/span><\/p>\n<p class=\"p1\"><span class=\"s1\">El col\u00e1geno es un componente fundamental de la piel. Interviene en su fortalecimiento y le proporciona elasticidad e hidrataci\u00f3n. Los suplementos de col\u00e1geno ayudan a tu cuerpo a producirlo por s\u00ed mismo, estimulando la producci\u00f3n de elastina y fibrilina.<\/span><\/p>\n<p class=\"p1\"><span class=\"s1\"><b>Reducci\u00f3n del dolor articular<\/b><\/span><\/p>\n<p class=\"p1\"><span class=\"s1\">El col\u00e1geno ayuda a mantener la salud del cart\u00edlago, que es un tejido que protege las articulaciones. El col\u00e1geno bovino estimula la producci\u00f3n de cart\u00edlago, que protege tus articulaciones y reduce el dolor articular, alivia la artrosis y la artritis reumatoide.<\/span><\/p>\n<p class=\"p1\"><span class=\"s1\"><b>Mejor recuperaci\u00f3n<\/b><\/span><\/p>\n<p class=\"p1\"><span class=\"s1\">Los amino\u00e1cidos del col\u00e1geno pueden ayudar a acelerar la recuperaci\u00f3n atl\u00e9tica cuando se toman despu\u00e9s de un entrenamiento. La prote\u00edna de col\u00e1geno en polvo es ideal para despu\u00e9s del entrenamiento debido a su alto contenido en amino\u00e1cidos, que satisfacen las necesidades proteicas del cuerpo durante y despu\u00e9s del ejercicio.<\/span><\/p>\n<p class=\"p1\"><span class=\"s1\"><b>Aumento de la fuerza<\/b><\/span><\/p>\n<p class=\"p1\"><span class=\"s1\">El col\u00e1geno de ternera alimentado con pasto contiene glicina y arginina, que favorecen la s\u00edntesis de creatina. Ayuda a tus m\u00fasculos a producir energ\u00eda durante el levantamiento de pesas o el ejercicio de alta intensidad.<\/span><\/p>\n<p class=\"p1\"><span class=\"s1\"><b>Mejora la calidad del sue\u00f1o<\/b><\/span><\/p>\n<p class=\"p1\"><span class=\"s1\">A nadie le gustan las noches sin dormir El col\u00e1geno puede ayudarte a tener un sue\u00f1o m\u00e1s profundo. La glicina, el amino\u00e1cido m\u00e1s abundante en el col\u00e1geno, tiene un efecto calmante sobre tu cerebro y podr\u00eda ayudarte a conciliar el sue\u00f1o y a permanecer dormido m\u00e1s f\u00e1cilmente.<\/span><\/p>\n","protected":false},"excerpt":{"rendered":"<p>El col\u00e1geno es la prote\u00edna m\u00e1s abundante en los seres humanos y otros mam\u00edferos, constituyendo entre el 25 y el 35\u202f% del contenido proteico total de tu cuerpo. El col\u00e1geno bovino est\u00e1 formado principalmente por col\u00e1geno de tipo 1 y de tipo 3, dos tipos de col\u00e1geno que desempe\u00f1an un papel fundamental en el crecimiento [&hellip;]<\/p>\n","protected":false},"featured_media":68633,"template":"","meta":{"_acf_changed":false,"inline_featured_image":false},"product_brand":[],"product_cat":[159,137],"product_tag":[],"class_list":{"0":"post-14936","1":"product","2":"type-product","3":"status-publish","4":"has-post-thumbnail","6":"product_cat-crecimiento-muscular","7":"product_cat-dolor-articular","9":"first","10":"instock","11":"taxable","12":"shipping-taxable","13":"purchasable","14":"product-type-simple"},"bundled_by":["14852"],"bundle_stock_status":"instock","bundle_stock_quantity":null,"bundle_virtual":false,"bundle_layout":"","bundle_add_to_cart_form_location":"","bundle_editable_in_cart":false,"bundle_sold_individually_context":"","bundle_item_grouping":"","bundle_min_size":"","bundle_max_size":"","bundle_price":[],"bundled_items":[],"bundle_sell_ids":[],"acf":[],"_links":{"self":[{"href":"https:\/\/nutriest.eu\/es\/wp-json\/wp\/v2\/product\/14936","targetHints":{"allow":["GET"]}}],"collection":[{"href":"https:\/\/nutriest.eu\/es\/wp-json\/wp\/v2\/product"}],"about":[{"href":"https:\/\/nutriest.eu\/es\/wp-json\/wp\/v2\/types\/product"}],"wp:featuredmedia":[{"embeddable":true,"href":"https:\/\/nutriest.eu\/es\/wp-json\/wp\/v2\/media\/68633"}],"wp:attachment":[{"href":"https:\/\/nutriest.eu\/es\/wp-json\/wp\/v2\/media?parent=14936"}],"wp:term":[{"taxonomy":"product_brand","embeddable":true,"href":"https:\/\/nutriest.eu\/es\/wp-json\/wp\/v2\/product_brand?post=14936"},{"taxonomy":"product_cat","embeddable":true,"href":"https:\/\/nutriest.eu\/es\/wp-json\/wp\/v2\/product_cat?post=14936"},{"taxonomy":"product_tag","embeddable":true,"href":"https:\/\/nutriest.eu\/es\/wp-json\/wp\/v2\/product_tag?post=14936"}],"curies":[{"name":"wp","href":"https:\/\/api.w.org\/{rel}","templated":true}]}}