{"id":14933,"date":"2023-04-10T12:10:02","date_gmt":"2023-04-10T09:10:02","guid":{"rendered":"https:\/\/nutriest.eu\/products\/complejo-de-visceras-desecadas-de-ternera-ecologica-alimentada-con-pasto-en-polvo\/"},"modified":"2025-03-16T17:21:33","modified_gmt":"2025-03-16T15:21:33","slug":"complejo-de-visceras-desecadas-de-ternera-ecologica-alimentada-con-pasto-en-polvo","status":"publish","type":"product","link":"https:\/\/nutriest.eu\/es\/productos\/complejo-de-visceras-desecadas-de-ternera-ecologica-alimentada-con-pasto-en-polvo\/","title":{"rendered":"Complejo en polvo de v\u00edsceras disecadas de ternera org\u00e1nica alimentada con pasto"},"content":{"rendered":"<p><strong>Los pueblos tradicionales, los nativos americanos y los primeros curanderos ancestrales cre\u00edan que comer los \u00f3rganos de un animal sano fortalecer\u00eda y apoyar\u00eda la salud del \u00f3rgano correspondiente del individuo.<\/strong><\/p>\n<p>Los \u00f3rganos de ternera alimentada con pasto son innegablemente superalimentos. Proporcionan una amplia variedad de nutrientes altamente biodisponibles. Son ricos en vitaminas como B12, A, E, D3, K2 y CoQ10, diversos minerales como hierro, selenio, zinc, cobre, potasio, magnesio y \u00e1cidos grasos omega-3 y omega-6 en equilibrio ideal. La combinaci\u00f3n sin\u00e9rgica de \u00f3rganos ampl\u00eda el espectro de nutrientes y ayuda a su absorci\u00f3n. Cada \u00f3rgano a\u00f1ade su perfil nutritivo \u00fanico y el conjunto forma una relaci\u00f3n din\u00e1mica. Las mezclas de \u00f3rganos equilibran y maximizan tanto el contenido como la disponibilidad de nutrientes para obtener el mayor valor nutritivo posible. Las v\u00edsceras de animales org\u00e1nicos sanos refuerzan la salud de tus \u00f3rganos respectivos, as\u00ed como el bienestar y la vitalidad generales de todo tu cuerpo.<\/span><\/p>\n<p><strong>Beneficios para la salud de las v\u00edsceras de ternera disecadas:<\/strong><\/p>\n<ul>\n<li><strong>Apoya la salud del cerebro, el coraz\u00f3n y el h\u00edgado.<\/strong><\/li>\n<li><strong>Para unas articulaciones fuertes, un tejido conjuntivo y un col\u00e1geno sano.<\/strong><\/li>\n<li><strong>Piel, enc\u00edas, dientes y cabello sanos.<\/strong><\/li>\n<li><strong>Mejora la energ\u00eda, el metabolismo, el estado de \u00e1nimo y la metilaci\u00f3n.<\/strong><\/li>\n<li><strong><strong>Apoya un sistema inmunitario fuerte.<\/strong><\/strong><\/li>\n<\/ul>\n<p><strong>Promueve la p\u00e9rdida de peso<\/strong><\/p>\n<p>Practicar h\u00e1bitos alimentarios m\u00e1s sanos y absorber una cantidad adecuada de nutrientes esenciales son vitales para superar la obesidad.<br \/>\nLos \u00f3rganos de ternera son la fuente m\u00e1s concentrada de casi todos los nutrientes, incluidas importantes vitaminas, minerales y amino\u00e1cidos esenciales.<br \/>\nConseguir formas suficientes, de mejor calidad y altamente absorbibles de minerales y vitaminas reduce los antojos y favorece la p\u00e9rdida de peso.<br \/>\nAseg\u00farate de ingerir suficientes nutrientes esenciales, para que tu cuerpo est\u00e9 satisfecho y as\u00ed poder reducir el picoteo excesivo.<\/p>\n<p><b><br \/>\nAlivia la ansiedad y la depresi\u00f3n<\/b>.<\/p>\n<p>El complejo de v\u00edsceras de ternera alimentada con pasto es muy rico en vitaminas del grupo B. Estas son un grupo de ocho nutrientes diferentes que trabajan juntos para controlar muchos procesos del organismo, incluidos los niveles de estr\u00e9s.<b><br \/>\n<\/b>Un <a class=\"js-no-transition\" title=\"Anxiety study nutriest supplements\" href=\"https:\/\/content.sciendo.com\/view\/journals\/jbcr\/10\/2\/article-p140.xml\" target=\"_blank\" rel=\"noopener\">estudio de 2017<\/a> descubri\u00f3 que las personas que ten\u00edan niveles sangu\u00edneos m\u00e1s bajos de vitamina B-12 eran m\u00e1s propensas a sufrir depresi\u00f3n o ansiedad.<br \/>\nLa vitamina B-12 y otras del grupo B intervienen en la producci\u00f3n de sustancias qu\u00edmicas cerebrales que afectan al estado de \u00e1nimo y a otras funciones cerebrales.<br \/>\n<b><br \/>\nAumenta los niveles de energ\u00eda<br \/>\n<\/b><br \/>\nEl complejo de v\u00edsceras de ternera alimentada con pasto es rico en hemo-hierro, vitamina B12, folato y coq10, nutrientes que contribuyen a aumentar tus niveles de energ\u00eda y a mantener tu estado de alerta y concentraci\u00f3n a lo largo del d\u00eda.<\/p>\n","protected":false},"excerpt":{"rendered":"<p>Los pueblos tradicionales, los nativos americanos y los primeros curanderos ancestrales cre\u00edan que comer los \u00f3rganos de un animal sano fortalecer\u00eda y apoyar\u00eda la salud del \u00f3rgano correspondiente del individuo. Los \u00f3rganos de ternera alimentada con pasto son innegablemente superalimentos. Proporcionan una amplia variedad de nutrientes altamente biodisponibles. Son ricos en vitaminas como B12, A, [&hellip;]<\/p>\n","protected":false},"featured_media":21602,"template":"","meta":{"_acf_changed":false,"inline_featured_image":false},"product_brand":[],"product_cat":[143,154],"product_tag":[],"class_list":{"0":"post-14933","1":"product","2":"type-product","3":"status-publish","4":"has-post-thumbnail","6":"product_cat-energia","7":"product_cat-refuerzo-inmunitario","9":"first","10":"instock","11":"taxable","12":"shipping-taxable","13":"purchasable","14":"product-type-simple"},"bundled_by":[],"bundle_stock_status":"instock","bundle_stock_quantity":null,"bundle_virtual":false,"bundle_layout":"","bundle_add_to_cart_form_location":"","bundle_editable_in_cart":false,"bundle_sold_individually_context":"","bundle_item_grouping":"","bundle_min_size":"","bundle_max_size":"","bundle_price":[],"bundled_items":[],"bundle_sell_ids":[],"acf":[],"_links":{"self":[{"href":"https:\/\/nutriest.eu\/es\/wp-json\/wp\/v2\/product\/14933","targetHints":{"allow":["GET"]}}],"collection":[{"href":"https:\/\/nutriest.eu\/es\/wp-json\/wp\/v2\/product"}],"about":[{"href":"https:\/\/nutriest.eu\/es\/wp-json\/wp\/v2\/types\/product"}],"wp:featuredmedia":[{"embeddable":true,"href":"https:\/\/nutriest.eu\/es\/wp-json\/wp\/v2\/media\/21602"}],"wp:attachment":[{"href":"https:\/\/nutriest.eu\/es\/wp-json\/wp\/v2\/media?parent=14933"}],"wp:term":[{"taxonomy":"product_brand","embeddable":true,"href":"https:\/\/nutriest.eu\/es\/wp-json\/wp\/v2\/product_brand?post=14933"},{"taxonomy":"product_cat","embeddable":true,"href":"https:\/\/nutriest.eu\/es\/wp-json\/wp\/v2\/product_cat?post=14933"},{"taxonomy":"product_tag","embeddable":true,"href":"https:\/\/nutriest.eu\/es\/wp-json\/wp\/v2\/product_tag?post=14933"}],"curies":[{"name":"wp","href":"https:\/\/api.w.org\/{rel}","templated":true}]}}