{"id":14930,"date":"2023-04-10T12:11:57","date_gmt":"2023-04-10T09:11:57","guid":{"rendered":"https:\/\/nutriest.eu\/products\/extracto-de-calostro-alimentado-con-pasto\/"},"modified":"2025-10-23T18:39:21","modified_gmt":"2025-10-23T15:39:21","slug":"extracto-de-calostro-alimentado-con-pasto","status":"publish","type":"product","link":"https:\/\/nutriest.eu\/es\/productos\/extracto-de-calostro-alimentado-con-pasto\/","title":{"rendered":"Extracto de Calostro Alimentado con Pasto"},"content":{"rendered":"<p>Los reci\u00e9n nacidos reciben calostro de sus madres durante las primeras 24-48 horas despu\u00e9s del nacimiento, y este &#8220;<strong>Elixir de la Vida<strong>&#8221; no s\u00f3lo proporciona nutrientes y anticuerpos producidos de forma natural en una forma altamente concentrada, sino que tambi\u00e9n crea la base de la inmunidad de por vida.<\/strong><\/strong><\/p>\n<p>El calostro tambi\u00e9n ha ganado popularidad entre los atletas debido a su capacidad para quemar grasa, aumentar la masa muscular magra y mejorar el rendimiento deportivo.<\/p>\n<p>El calostro bovino alimentado con pasto es altamente nutritivo y ofrece beneficios \u00fanicos para la salud. Est\u00e1 repleto de inmunoglobulinas, factores de crecimiento, vitaminas esenciales, amino\u00e1cidos y enzimas digestivas que estimulan el crecimiento celular, la curaci\u00f3n y la restauraci\u00f3n.<\/p>\n<h4>Refuerza la inmunidad<\/h4>\n<h4>El calostro es rico en factores inmunitarios como anticuerpos e inmunoglobulinas, incluidos los que ayudan a prevenir las infecciones bacterianas del aparato digestivo. Los anticuerpos son prote\u00ednas que combaten virus y bacterias. Las altas concentraciones de inmunoglobulina A e IgG son las principales razones del efecto beneficioso sobre la salud inmunitaria y digestiva.<\/h4>\n<h4>Reparaci\u00f3n celular y envejecimiento saludable<\/h4>\n<h4>El calostro contiene dos importantes factores de crecimiento transformadores alfa y beta. El factor de crecimiento epitelial (EGF) es m\u00e1s alto en el calostro horas despu\u00e9s del nacimiento y es crucial para la salud de la piel y la cicatrizaci\u00f3n de heridas. Tambi\u00e9n contiene factores de crecimiento similares a la insulina 1 y 2, que desempe\u00f1an importantes funciones en el crecimiento muscular, la reparaci\u00f3n de m\u00fasculos y cart\u00edlagos, y la cicatrizaci\u00f3n y regeneraci\u00f3n \u00f3sea. Los m\u00e9dicos tambi\u00e9n utilizan el calostro para mejorar la salud de las articulaciones, la inflamaci\u00f3n y la rigidez. Los efectos regeneradores del calostro en las c\u00e9lulas estructurales del organismo favorecen la elasticidad y vitalidad de la piel.<\/h4>\n<h4>Fortalece la salud intestinal<\/h4>\n<h4>El calostro alimentado con pasto estimula el crecimiento de las c\u00e9lulas intestinales, refuerza la pared intestinal y previene la permeabilidad intestinal que se produce en el s\u00edndrome del intestino permeable. Estos efectos beneficiosos se deben probablemente a los polip\u00e9ptidos ricos en prolina, la lactoferrina y los factores de crecimiento que contiene. La lactoferrina es una prote\u00edna que ayuda a fijar el hierro. Tambi\u00e9n desempe\u00f1a un papel importante en la funci\u00f3n inmunitaria y tiene propiedades antimicrobianas, antivirales y antiinflamatorias.<\/h4>\n<p>&nbsp;<\/p>\n","protected":false},"excerpt":{"rendered":"<h2><\/h2>\n<h3><\/h3>\n<p>&nbsp;<\/p>\n","protected":false},"featured_media":39525,"template":"","meta":{"_acf_changed":false,"inline_featured_image":false},"product_brand":[],"product_cat":[154],"product_tag":[],"class_list":{"0":"post-14930","1":"product","2":"type-product","3":"status-publish","4":"has-post-thumbnail","6":"product_cat-refuerzo-inmunitario","8":"first","9":"instock","10":"taxable","11":"shipping-taxable","12":"purchasable","13":"product-type-simple"},"bundled_by":[],"bundle_stock_status":"instock","bundle_stock_quantity":null,"bundle_virtual":false,"bundle_layout":"","bundle_add_to_cart_form_location":"","bundle_editable_in_cart":false,"bundle_sold_individually_context":"","bundle_item_grouping":"","bundle_min_size":"","bundle_max_size":"","bundle_price":[],"bundled_items":[],"bundle_sell_ids":[],"acf":[],"_links":{"self":[{"href":"https:\/\/nutriest.eu\/es\/wp-json\/wp\/v2\/product\/14930","targetHints":{"allow":["GET"]}}],"collection":[{"href":"https:\/\/nutriest.eu\/es\/wp-json\/wp\/v2\/product"}],"about":[{"href":"https:\/\/nutriest.eu\/es\/wp-json\/wp\/v2\/types\/product"}],"wp:featuredmedia":[{"embeddable":true,"href":"https:\/\/nutriest.eu\/es\/wp-json\/wp\/v2\/media\/39525"}],"wp:attachment":[{"href":"https:\/\/nutriest.eu\/es\/wp-json\/wp\/v2\/media?parent=14930"}],"wp:term":[{"taxonomy":"product_brand","embeddable":true,"href":"https:\/\/nutriest.eu\/es\/wp-json\/wp\/v2\/product_brand?post=14930"},{"taxonomy":"product_cat","embeddable":true,"href":"https:\/\/nutriest.eu\/es\/wp-json\/wp\/v2\/product_cat?post=14930"},{"taxonomy":"product_tag","embeddable":true,"href":"https:\/\/nutriest.eu\/es\/wp-json\/wp\/v2\/product_tag?post=14930"}],"curies":[{"name":"wp","href":"https:\/\/api.w.org\/{rel}","templated":true}]}}