{"id":14904,"date":"2023-04-10T12:07:46","date_gmt":"2023-04-10T09:07:46","guid":{"rendered":"https:\/\/nutriest.eu\/products\/gotas-minerales-del-oceano-profundo\/"},"modified":"2025-03-16T17:21:13","modified_gmt":"2025-03-16T15:21:13","slug":"gotas-minerales-del-oceano-profundo","status":"publish","type":"product","link":"https:\/\/nutriest.eu\/es\/productos\/gotas-minerales-del-oceano-profundo\/","title":{"rendered":"Gotas minerales Pure Deep Ocean"},"content":{"rendered":"<div class=\"product-single__description rte\">\n<p><b>El agua de las profundidades del oc\u00e9ano <\/b>contiene de forma natural m\u00e1s de setenta minerales y oligoelementos como magnesio, sodio, potasio, calcio, yodo, boro, hierro, zinc, selenio, cobre, molibdeno, manganeso, cromo, plata, azufre, f\u00f3sforo y muchos otros minerales esenciales y micro y macroelementos que son importantes para el funcionamiento del organismo. Estos minerales y oligoelementos naturales de las profundidades oce\u00e1nicas son altamente biodisponibles y el organismo los absorbe f\u00e1cilmente.<\/p>\n<p class=\"p1\"><b>Beneficios de los minerales del oc\u00e9ano profundo para la salud:<\/b><\/p>\n<ul>\n<li>Estimulan la formaci\u00f3n de col\u00e1geno<\/li>\n<li>Mejoran la hidrataci\u00f3n de la piel<\/li>\n<li>Dan estructura a nuestros \u00f3rganos, tejidos y huesos<\/li>\n<li>Ayudan a mantener el equilibrio de los l\u00edquidos<\/li>\n<li>Mantienen el equilibrio del pH<\/li>\n<li>Disminuye el riesgo de osteoporosis<\/li>\n<li>Mejoran el rendimiento f\u00edsico<\/li>\n<\/ul>\n<p class=\"p1\"><b>Beneficios del magnesio para la salud<\/b><\/p>\n<p class=\"p1\">El magnesio es el cuarto mineral m\u00e1s abundante en tu cuerpo. Es un cofactor en m\u00e1s de seiscientas reacciones celulares, que regulan diversas funciones bioqu\u00edmicas del organismo, como la s\u00edntesis de prote\u00ednas, la funci\u00f3n muscular y nerviosa, el control de la glucosa en sangre y el apoyo al sistema inmunitario. Los niveles bajos de magnesio se han relacionado con muchos resultados negativos para la salud, como debilidad, depresi\u00f3n, hipertensi\u00f3n y enfermedades cardiacas.<\/p>\n<p class=\"p1\"><b>Mantiene un ritmo cardiaco saludable<\/b><\/p>\n<p class=\"p1\">El magnesio ayuda a las c\u00e9lulas del m\u00fasculo cardiaco a relajarse, contrarrestando al calcio, que estimula las contracciones. Estos minerales compiten entre s\u00ed para garantizar que las c\u00e9lulas cardiacas se contraigan y relajen correctamente.<\/p>\n<p class=\"p1\"><b>Mejora de la calidad del sue\u00f1o<\/b><\/p>\n<p class=\"p1\">El sue\u00f1o deficiente es un importante problema de salud en todo el mundo. Tomar magnesio mejora la calidad del sue\u00f1o ayudando a relajar la mente y el cuerpo. Los estudios han descubierto que el magnesio puede regular la producci\u00f3n de melatonina, que es una hormona que gu\u00eda el ciclo de sue\u00f1o de tu cuerpo. Tambi\u00e9n se ha demostrado que el magnesio se une a los receptores gamma-aminobut\u00edricos (GABA). La hormona GABA ayuda a calmar la actividad nerviosa, que puede afectar al sue\u00f1o.<\/p>\n<p class=\"p1\"><b>El magnesio puede ayudar a prevenir las migra\u00f1as<\/b><\/p>\n<p class=\"p1\">Varios estudios han demostrado que unos niveles bajos de magnesio pueden causar migra\u00f1as. Esto se debe a que una deficiencia de magnesio puede afectar a los neurotransmisores y restringir la constricci\u00f3n de los vasos sangu\u00edneos, factores que los m\u00e9dicos relacionan con la migra\u00f1a. En un estudio de doce semanas, las personas con migra\u00f1as que tomaron un suplemento de magnesio de 600 mg experimentaron un 42\u202f% menos de migra\u00f1as que antes de tomar el mineral. Aumentar tu consumo de magnesio podr\u00eda ser una forma sencilla de combatir las migra\u00f1as.<\/p>\n<p class=\"p1\"><b>El magnesio combate la depresi\u00f3n y la ansiedad<\/b><\/p>\n<p class=\"p1\">El magnesio desempe\u00f1a un papel fundamental en la funci\u00f3n cerebral y el estado de \u00e1nimo, y unos niveles bajos est\u00e1n relacionados con un mayor riesgo de depresi\u00f3n y ansiedad. Un an\u00e1lisis realizado en m\u00e1s de 8.800 personas descubri\u00f3 que las personas menores de ssesenta y cinco a\u00f1os con la ingesta m\u00e1s baja de magnesio ten\u00edan un 22\u202f% m\u00e1s de riesgo de depresi\u00f3n. Algunos investigadores creen que el bajo contenido en magnesio de la alimentaci\u00f3n moderna puede ser la causa de muchos casos de depresi\u00f3n y enfermedades mentales.<\/p>\n<p class=\"p1\"><b>El magnesio mejora los s\u00edntomas del s\u00edndrome premenstrual<\/b><\/p>\n<p class=\"p1\">El s\u00edndrome premenstrual (SPM) es uno de los trastornos m\u00e1s frecuentes entre las mujeres en edad f\u00e9rtil. Sus s\u00edntomas incluyen retenci\u00f3n de l\u00edquidos, calambres abdominales, cansancio e irritabilidad. Se ha demostrado que el magnesio mejora el estado de \u00e1nimo, reduce la retenci\u00f3n de l\u00edquidos y otros s\u00edntomas en las mujeres con SPM.<\/p>\n<p class=\"p1\"><b>Beneficios antiinflamatorios<\/b><\/p>\n<p class=\"p1\">La baja ingesta de magnesio est\u00e1 relacionada con la inflamaci\u00f3n cr\u00f3nica, que es uno de los factores que impulsan el envejecimiento, la obesidad y las enfermedades cr\u00f3nicas. En un estudio, se observ\u00f3 que los ni\u00f1os con los niveles m\u00e1s bajos de magnesio en sangre ten\u00edan los niveles m\u00e1s altos del marcador inflamatorio PCR. Tambi\u00e9n ten\u00edan niveles m\u00e1s altos de az\u00facar, insulina y triglic\u00e9ridos en sangre. Los suplementos de magnesio pueden reducir la PCR y otros marcadores de inflamaci\u00f3n en los adultos mayores, las personas con sobrepeso y las que padecen prediabetes. Se ha demostrado que el magnesio reduce los marcadores inflamatorios y aporta otros beneficios.<\/p>\n<p class=\"p1\"><b>Reduce la resistencia a la insulina<\/b><\/p>\n<p class=\"p1\">La resistencia a la insulina es una de las principales causas del s\u00edndrome metab\u00f3lico y de la diabetes de tipo 2. Se caracteriza por un deterioro de la capacidad de las c\u00e9lulas musculares y hep\u00e1ticas para absorber adecuadamente el az\u00facar del torrente sangu\u00edneo. El magnesio desempe\u00f1a un papel importante en este proceso, y muchas personas con s\u00edndrome metab\u00f3lico son deficientes. Aumentar la ingesta de magnesio puede ayudar. Un estudio descubri\u00f3 que la suplementaci\u00f3n con este mineral reduc\u00eda la resistencia a la insulina y los niveles de az\u00facar en sangre, incluso en personas con niveles sangu\u00edneos normales.<\/p>\n<\/div>\n","protected":false},"excerpt":{"rendered":"<p><br data-mce-bogus=\"1\"><\/p>\n","protected":false},"featured_media":17919,"template":"","meta":{"_acf_changed":false,"inline_featured_image":false},"product_brand":[],"product_cat":[153,163,143,154],"product_tag":[],"class_list":{"0":"post-14904","1":"product","2":"type-product","3":"status-publish","4":"has-post-thumbnail","6":"product_cat-ansiedad-y-estres","7":"product_cat-embarazo-y-fertilidad","8":"product_cat-energia","9":"product_cat-refuerzo-inmunitario","11":"first","12":"instock","13":"taxable","14":"shipping-taxable","15":"purchasable","16":"product-type-simple"},"bundled_by":[],"bundle_stock_status":"instock","bundle_stock_quantity":0,"bundle_virtual":false,"bundle_layout":"","bundle_add_to_cart_form_location":"","bundle_editable_in_cart":false,"bundle_sold_individually_context":"","bundle_item_grouping":"","bundle_min_size":"","bundle_max_size":"","bundle_price":[],"bundled_items":[],"bundle_sell_ids":[],"acf":[],"_links":{"self":[{"href":"https:\/\/nutriest.eu\/es\/wp-json\/wp\/v2\/product\/14904","targetHints":{"allow":["GET"]}}],"collection":[{"href":"https:\/\/nutriest.eu\/es\/wp-json\/wp\/v2\/product"}],"about":[{"href":"https:\/\/nutriest.eu\/es\/wp-json\/wp\/v2\/types\/product"}],"wp:featuredmedia":[{"embeddable":true,"href":"https:\/\/nutriest.eu\/es\/wp-json\/wp\/v2\/media\/17919"}],"wp:attachment":[{"href":"https:\/\/nutriest.eu\/es\/wp-json\/wp\/v2\/media?parent=14904"}],"wp:term":[{"taxonomy":"product_brand","embeddable":true,"href":"https:\/\/nutriest.eu\/es\/wp-json\/wp\/v2\/product_brand?post=14904"},{"taxonomy":"product_cat","embeddable":true,"href":"https:\/\/nutriest.eu\/es\/wp-json\/wp\/v2\/product_cat?post=14904"},{"taxonomy":"product_tag","embeddable":true,"href":"https:\/\/nutriest.eu\/es\/wp-json\/wp\/v2\/product_tag?post=14904"}],"curies":[{"name":"wp","href":"https:\/\/api.w.org\/{rel}","templated":true}]}}