{"id":14901,"date":"2023-04-10T12:09:21","date_gmt":"2023-04-10T09:09:21","guid":{"rendered":"https:\/\/nutriest.eu\/products\/suplemento-de-pulmon-desecado-de-ternera-alimentada-con-pasto\/"},"modified":"2025-03-16T17:21:26","modified_gmt":"2025-03-16T15:21:26","slug":"suplemento-de-pulmon-desecado-de-ternera-alimentada-con-pasto","status":"publish","type":"product","link":"https:\/\/nutriest.eu\/es\/productos\/suplemento-de-pulmon-desecado-de-ternera-alimentada-con-pasto\/","title":{"rendered":"Suplemento de pulm\u00f3n disecado de ternera alimentada con pasto"},"content":{"rendered":"<p><strong>Los pueblos tradicionales, los nativos americanos y los primeros curanderos ancestrales cre\u00edan que comer los \u00f3rganos de un animal sano fortalecer\u00eda y apoyar\u00eda la salud del \u00f3rgano correspondiente del individuo.<\/strong><\/p>\n<p><span class=\"s1\">El pulm\u00f3n de ternera<\/span><span style=\"font-size: 1.4rem; letter-spacing: 0.03em;\"> alimentada con pasto est\u00e1 repleto de vitaminas y minerales. Es una gran fuente de vitamina B12. Tambi\u00e9n contiene minerales como hierro hemo, cobre y selenio. La vitamina B12 contribuye al funcionamiento normal del sistema nervioso y a la formaci\u00f3n de gl\u00f3bulos rojos y ayuda a reducir el cansancio y la fatiga. El selenio es un mineral esencial importante para muchos procesos corporales, como la funci\u00f3n cognitiva, un sistema inmunitario sano y la fertilidad, tanto en hombres como en mujeres. El selenio tambi\u00e9n contribuye al metabolismo de la hormona tiroidea. La vitamina A mantiene la vista y la piel sanas. El cobre contribuye al funcionamiento normal del sistema inmunitario y al transporte de hierro en el organismo.<\/span><\/p>\n<p class=\"p1\"><span class=\"s1\">El hierro hemo es una mejor forma de hierro en comparaci\u00f3n con el hierro no hemo, ya que <b>hasta el 40 % es absorbido f\u00e1cilmente<\/b> por tu organismo. El hierro contribuye a preservar muchas funciones vitales del organismo, como la energ\u00eda general y la concentraci\u00f3n, los procesos gastrointestinales, ayuda al sistema inmunitario y regula la temperatura. El hierro tambi\u00e9n interviene en la transferencia de ox\u00edgeno de los pulmones a los tejidos.<\/span><\/p>\n","protected":false},"excerpt":{"rendered":"<p>Los pueblos tradicionales, los nativos americanos y los primeros curanderos ancestrales cre\u00edan que comer los \u00f3rganos de un animal sano fortalecer\u00eda y apoyar\u00eda la salud del \u00f3rgano correspondiente del individuo. El pulm\u00f3n de ternera alimentada con pasto est\u00e1 repleto de vitaminas y minerales. Es una gran fuente de vitamina B12. Tambi\u00e9n contiene minerales como hierro [&hellip;]<\/p>\n","protected":false},"featured_media":14902,"template":"","meta":{"_acf_changed":false,"inline_featured_image":false},"product_brand":[],"product_cat":[162],"product_tag":[],"class_list":{"0":"post-14901","1":"product","2":"type-product","3":"status-publish","4":"has-post-thumbnail","6":"product_cat-deficiencia-de-hierro","8":"first","9":"instock","10":"taxable","11":"shipping-taxable","12":"purchasable","13":"product-type-simple"},"bundled_by":[],"bundle_stock_status":"instock","bundle_stock_quantity":null,"bundle_virtual":false,"bundle_layout":"","bundle_add_to_cart_form_location":"","bundle_editable_in_cart":false,"bundle_sold_individually_context":"","bundle_item_grouping":"","bundle_min_size":"","bundle_max_size":"","bundle_price":[],"bundled_items":[],"bundle_sell_ids":[],"acf":[],"_links":{"self":[{"href":"https:\/\/nutriest.eu\/es\/wp-json\/wp\/v2\/product\/14901","targetHints":{"allow":["GET"]}}],"collection":[{"href":"https:\/\/nutriest.eu\/es\/wp-json\/wp\/v2\/product"}],"about":[{"href":"https:\/\/nutriest.eu\/es\/wp-json\/wp\/v2\/types\/product"}],"wp:featuredmedia":[{"embeddable":true,"href":"https:\/\/nutriest.eu\/es\/wp-json\/wp\/v2\/media\/14902"}],"wp:attachment":[{"href":"https:\/\/nutriest.eu\/es\/wp-json\/wp\/v2\/media?parent=14901"}],"wp:term":[{"taxonomy":"product_brand","embeddable":true,"href":"https:\/\/nutriest.eu\/es\/wp-json\/wp\/v2\/product_brand?post=14901"},{"taxonomy":"product_cat","embeddable":true,"href":"https:\/\/nutriest.eu\/es\/wp-json\/wp\/v2\/product_cat?post=14901"},{"taxonomy":"product_tag","embeddable":true,"href":"https:\/\/nutriest.eu\/es\/wp-json\/wp\/v2\/product_tag?post=14901"}],"curies":[{"name":"wp","href":"https:\/\/api.w.org\/{rel}","templated":true}]}}