{"id":14898,"date":"2023-04-10T12:13:08","date_gmt":"2023-04-10T09:13:08","guid":{"rendered":"https:\/\/nutriest.eu\/products\/higado-desecado-en-polvo-de-ternera-ecologica-alimentada-con-pasto\/"},"modified":"2025-03-16T17:21:48","modified_gmt":"2025-03-16T15:21:48","slug":"higado-desecado-en-polvo-de-ternera-ecologica-alimentada-con-pasto","status":"publish","type":"product","link":"https:\/\/nutriest.eu\/es\/productos\/higado-desecado-en-polvo-de-ternera-ecologica-alimentada-con-pasto\/","title":{"rendered":"H\u00edgado disecado en polvo de ternera org\u00e1nica alimentada con pasto"},"content":{"rendered":"<p><strong>Los pueblos tradicionales, los nativos americanos y los primeros curanderos ancestrales cre\u00edan que comer los \u00f3rganos de un animal sano fortalecer\u00eda y apoyar\u00eda la salud del \u00f3rgano correspondiente del individuo.<\/strong><\/p>\n<p>Una gran cantidad de nutrientes: el h\u00edgado de ternera alimentada con pasto es el centro neur\u00e1lgico nutricional de la carne de \u00f3rganos. Est\u00e1 cargado de vitaminas, minerales, enzimas, coenzimas, prote\u00ednas y grasas. El h\u00edgado de ternera es una fuente enriquecida de vitamina A preformada, conocida como retinol, y contiene vitaminas liposolubles igualmente importantes, como D3, E y K2. Tiene una rica cantidad de vitamina B12 biodisponible y otras vitaminas del complejo B, como B1, B2, B3, B6 y folato. Tambi\u00e9n es una fuente importante de colina y contiene una variedad de minerales f\u00e1cilmente absorbibles, como hierro, zinc, selenio, cobre, f\u00f3sforo, potasio, magnesio y manganeso.<\/p>\n<p><strong>Beneficios del h\u00edgado de ternera disecado para la salud:<\/strong><\/p>\n<ul>\n<li><strong>Apoya la salud del cerebro, el coraz\u00f3n y el h\u00edgado.<\/strong><\/li>\n<li><strong>Para unas articulaciones fuertes, un tejido conjuntivo y un col\u00e1geno sano.<\/strong><\/li>\n<li><strong>Para una piel, enc\u00edas, dientes y cabello sanos.<\/strong><\/li>\n<li><strong>Apoya el metabolismo, el estado de \u00e1nimo y la metilaci\u00f3n.<\/strong><\/li>\n<li><strong>Apoya un sistema inmunitario fuerte<\/strong><\/li>\n<\/ul>\n<p><strong><br \/>\nFavorece la p\u00e9rdida de peso<\/strong><\/p>\n<p>Practicar h\u00e1bitos alimentarios m\u00e1s saludables y absorber una cantidad adecuada de nutrientes esenciales es vital para superar la obesidad.<br \/>\nEl h\u00edgado de ternera es la fuente m\u00e1s concentrada de casi todos los nutrientes, incluidas importantes vitaminas, minerales y amino\u00e1cidos esenciales.<br \/>\nConsumir suficientes formas de minerales y vitaminas de mejor calidad y altamente absorbibles reduce los antojos y favorece la p\u00e9rdida de peso.<br \/>\nAseg\u00farate de que recibes suficientes nutrientes esenciales, para que tu cuerpo est\u00e9 satisfecho y reduzcas el picoteo excesivo.<\/p>\n<p><strong>Previene la anemia ferrop\u00e9nica<\/strong><\/p>\n<p>Muchos de los s\u00edntomas de la anemia se deben a una disminuci\u00f3n del aporte de ox\u00edgeno a los tejidos y \u00f3rganos vitales del cuerpo. Los s\u00edntomas pueden incluir cansancio y falta de energ\u00eda, dificultad para respirar, latidos del coraz\u00f3n perceptibles (palpitaciones).<br \/>\nEl hierro, la vitamina B-12 y el folato son esenciales para los gl\u00f3bulos rojos, y el h\u00edgado de ternera los contiene en abundancia.<br \/>\nEl h\u00edgado de ternera contiene hierro hemo natural y altamente biodisponible.<\/p>\n<p>Mejora tu bienestar: el h\u00edgado de ternera alimentado con pasto mejora la salud de la piel, las u\u00f1as, el pelo, las articulaciones y el sistema inmunitario. La vitamina B-12 es crucial para la salud del tejido nervioso, la funcionalidad cerebral y la producci\u00f3n de gl\u00f3bulos rojos. El hierro desempe\u00f1a muchas funciones importantes en el organismo. Interviene principalmente en la transferencia de ox\u00edgeno de los pulmones a los tejidos corporales para mantener las funciones vitales b\u00e1sicas. La vitamina A es esencial para conservar la vista. Adem\u00e1s, el h\u00edgado de ternera alimentada con pasto tiene una proporci\u00f3n favorable de omega-6 y omega-3. Estos \u00e1cidos grasos esenciales desempe\u00f1an un papel clave en el desarrollo del cerebro y la salud mental.<\/p>\n","protected":false},"excerpt":{"rendered":"<p>Los pueblos tradicionales, los nativos americanos y los primeros curanderos ancestrales cre\u00edan que comer los \u00f3rganos de un animal sano fortalecer\u00eda y apoyar\u00eda la salud del \u00f3rgano correspondiente del individuo. Una gran cantidad de nutrientes: el h\u00edgado de ternera alimentada con pasto es el centro neur\u00e1lgico nutricional de la carne de \u00f3rganos. Est\u00e1 cargado de [&hellip;]<\/p>\n","protected":false},"featured_media":21597,"template":"","meta":{"_acf_changed":false,"inline_featured_image":false},"product_brand":[],"product_cat":[159,143,160,154],"product_tag":[],"class_list":{"0":"post-14898","1":"product","2":"type-product","3":"status-publish","4":"has-post-thumbnail","6":"product_cat-crecimiento-muscular","7":"product_cat-energia","8":"product_cat-perdida-de-peso","9":"product_cat-refuerzo-inmunitario","11":"first","12":"instock","13":"taxable","14":"shipping-taxable","15":"purchasable","16":"product-type-simple"},"bundled_by":[],"bundle_stock_status":"instock","bundle_stock_quantity":null,"bundle_virtual":false,"bundle_layout":"","bundle_add_to_cart_form_location":"","bundle_editable_in_cart":false,"bundle_sold_individually_context":"","bundle_item_grouping":"","bundle_min_size":"","bundle_max_size":"","bundle_price":[],"bundled_items":[],"bundle_sell_ids":[],"acf":[],"_links":{"self":[{"href":"https:\/\/nutriest.eu\/es\/wp-json\/wp\/v2\/product\/14898","targetHints":{"allow":["GET"]}}],"collection":[{"href":"https:\/\/nutriest.eu\/es\/wp-json\/wp\/v2\/product"}],"about":[{"href":"https:\/\/nutriest.eu\/es\/wp-json\/wp\/v2\/types\/product"}],"wp:featuredmedia":[{"embeddable":true,"href":"https:\/\/nutriest.eu\/es\/wp-json\/wp\/v2\/media\/21597"}],"wp:attachment":[{"href":"https:\/\/nutriest.eu\/es\/wp-json\/wp\/v2\/media?parent=14898"}],"wp:term":[{"taxonomy":"product_brand","embeddable":true,"href":"https:\/\/nutriest.eu\/es\/wp-json\/wp\/v2\/product_brand?post=14898"},{"taxonomy":"product_cat","embeddable":true,"href":"https:\/\/nutriest.eu\/es\/wp-json\/wp\/v2\/product_cat?post=14898"},{"taxonomy":"product_tag","embeddable":true,"href":"https:\/\/nutriest.eu\/es\/wp-json\/wp\/v2\/product_tag?post=14898"}],"curies":[{"name":"wp","href":"https:\/\/api.w.org\/{rel}","templated":true}]}}