{"id":14889,"date":"2023-04-10T12:22:25","date_gmt":"2023-04-10T09:22:25","guid":{"rendered":"https:\/\/nutriest.eu\/products\/suplemento-de-pancreas-desecado-de-ternera-alimentada-con-pasto\/"},"modified":"2025-03-16T17:22:07","modified_gmt":"2025-03-16T15:22:07","slug":"suplemento-de-pancreas-desecado-de-ternera-alimentada-con-pasto","status":"publish","type":"product","link":"https:\/\/nutriest.eu\/es\/productos\/suplemento-de-pancreas-desecado-de-ternera-alimentada-con-pasto\/","title":{"rendered":"Suplemento de P\u00e1ncreas Disecado de Ternera Alimentada con Pasto"},"content":{"rendered":"<p><strong>Los pueblos tradicionales, los nativos americanos y los primeros curanderos ancestrales cre\u00edan que comer los \u00f3rganos de un animal sano fortalecer\u00eda y apoyar\u00eda la salud del \u00f3rgano correspondiente del individuo.<\/strong><\/p>\n<p><strong>Ayuda a la digesti\u00f3n y la absorci\u00f3n de nutrientes<\/strong><\/p>\n<p>Las enzimas pancre\u00e1ticas ayudan a descomponer las grasas, las prote\u00ednas y los hidratos de carbono. La amilasa es una enzima, una prote\u00edna especial, producida por el p\u00e1ncreas, que descompone los hidratos de carbono de los alimentos en az\u00facares simples, que tu cuerpo puede utilizar para obtener energ\u00eda. El p\u00e1ncreas tambi\u00e9n produce lipasa para digerir las grasas y convertirlas en \u00e1cidos grasos. Estos az\u00facares y \u00e1cidos grasos pueden ser absorbidos por el intestino delgado. Si no tienes suficiente amilasa, puedes tener diarrea a causa de los hidratos de carbono no digeridos.<\/p>\n<p><strong>Ayuda con las alergias alimentarias<\/strong><\/p>\n<p>El p\u00e1ncreas tambi\u00e9n produce proteasa, que descompone las prote\u00ednas. Ayuda a mantener el intestino libre de par\u00e1sitos como bacterias, levaduras y protozoos. La falta de proteasa puede provocar alergias o la formaci\u00f3n de sustancias t\u00f3xicas debido a la digesti\u00f3n incompleta de las prote\u00ednas.<\/p>\n<p class=\"p1\">El p\u00e1ncreas de ternera alimentada con pasto tiene un alto contenido en <strong>vitaminas B<\/strong> como <strong>B12<\/strong>, <strong>riboflavina<\/strong>, <strong>niacina<\/strong>, <strong>\u00e1cido pantot\u00e9nico<\/strong> y minerales altamente biodisponibles como <strong>selenio<\/strong>, <strong>hierro<\/strong>, <strong>f\u00f3sforo<\/strong> y <strong>zinc<\/strong>. La vitamina B12 es vital para el funcionamiento normal del cerebro y del sistema nervioso. Tambi\u00e9n interviene en la formaci\u00f3n de gl\u00f3bulos rojos y ayuda a crear y regular el ADN. El selenio es un mineral esencial, importante para muchos procesos corporales, como la funci\u00f3n cognitiva, un sistema inmunitario sano y la fertilidad, tanto en hombres como en mujeres. El selenio tambi\u00e9n contribuye al metabolismo de la hormona tiroidea. Las vitaminas del grupo B son fundamentales para garantizar el buen funcionamiento de las c\u00e9lulas del organismo. Ayudan al cuerpo a convertir los alimentos en energ\u00eda, a crear nuevas c\u00e9lulas sangu\u00edneas y a mantener sanas las c\u00e9lulas de la piel, el cerebro y otros tejidos corporales.<\/p>\n","protected":false},"excerpt":{"rendered":"<p>Los pueblos tradicionales, los nativos americanos y los primeros curanderos ancestrales cre\u00edan que comer los \u00f3rganos de un animal sano fortalecer\u00eda y apoyar\u00eda la salud del \u00f3rgano correspondiente del individuo. Ayuda a la digesti\u00f3n y la absorci\u00f3n de nutrientes Las enzimas pancre\u00e1ticas ayudan a descomponer las grasas, las prote\u00ednas y los hidratos de carbono. La [&hellip;]<\/p>\n","protected":false},"featured_media":14890,"template":"","meta":{"_acf_changed":false,"inline_featured_image":false},"product_brand":[],"product_cat":[151,134],"product_tag":[],"class_list":{"0":"post-14889","1":"product","2":"type-product","3":"status-publish","4":"has-post-thumbnail","6":"product_cat-alergias","7":"product_cat-digestion-y-salud-intestinal","9":"first","10":"instock","11":"taxable","12":"shipping-taxable","13":"purchasable","14":"product-type-simple"},"bundled_by":["15832"],"bundle_stock_status":"instock","bundle_stock_quantity":null,"bundle_virtual":false,"bundle_layout":"","bundle_add_to_cart_form_location":"","bundle_editable_in_cart":false,"bundle_sold_individually_context":"","bundle_item_grouping":"","bundle_min_size":"","bundle_max_size":"","bundle_price":[],"bundled_items":[],"bundle_sell_ids":[],"acf":[],"_links":{"self":[{"href":"https:\/\/nutriest.eu\/es\/wp-json\/wp\/v2\/product\/14889","targetHints":{"allow":["GET"]}}],"collection":[{"href":"https:\/\/nutriest.eu\/es\/wp-json\/wp\/v2\/product"}],"about":[{"href":"https:\/\/nutriest.eu\/es\/wp-json\/wp\/v2\/types\/product"}],"wp:featuredmedia":[{"embeddable":true,"href":"https:\/\/nutriest.eu\/es\/wp-json\/wp\/v2\/media\/14890"}],"wp:attachment":[{"href":"https:\/\/nutriest.eu\/es\/wp-json\/wp\/v2\/media?parent=14889"}],"wp:term":[{"taxonomy":"product_brand","embeddable":true,"href":"https:\/\/nutriest.eu\/es\/wp-json\/wp\/v2\/product_brand?post=14889"},{"taxonomy":"product_cat","embeddable":true,"href":"https:\/\/nutriest.eu\/es\/wp-json\/wp\/v2\/product_cat?post=14889"},{"taxonomy":"product_tag","embeddable":true,"href":"https:\/\/nutriest.eu\/es\/wp-json\/wp\/v2\/product_tag?post=14889"}],"curies":[{"name":"wp","href":"https:\/\/api.w.org\/{rel}","templated":true}]}}