{"id":14885,"date":"2023-04-10T12:08:48","date_gmt":"2023-04-10T09:08:48","guid":{"rendered":"https:\/\/nutriest.eu\/products\/suplemento-de-corazon-de-ternera-alimentada-con-pasto-desecado\/"},"modified":"2025-03-16T17:21:20","modified_gmt":"2025-03-16T15:21:20","slug":"suplemento-de-corazon-de-ternera-alimentada-con-pasto-desecado","status":"publish","type":"product","link":"https:\/\/nutriest.eu\/es\/productos\/suplemento-de-corazon-de-ternera-alimentada-con-pasto-desecado\/","title":{"rendered":"Suplemento de coraz\u00f3n de ternera disecado alimentado con pasto"},"content":{"rendered":"<p><strong>Los pueblos tradicionales, los nativos americanos y los primeros curanderos ancestrales cre\u00edan que comer los \u00f3rganos de un animal sano fortalecer\u00eda y apoyar\u00eda la salud del \u00f3rgano correspondiente del individuo.<\/strong><\/p>\n<p>El coraz\u00f3n de ternera alimentado con pasto es una buena fuente de hierro, zinc, selenio y vitaminas del grupo B, pero donde realmente brilla es en su contenido de supernutriente CoQ10. La CoQ10 es 10 veces m\u00e1s potente que la vitamina E, lo que la convierte en uno de los antioxidantes m\u00e1s potentes que existen. Es vital para la producci\u00f3n de energ\u00eda y la prevenci\u00f3n del estr\u00e9s oxidativo. El coraz\u00f3n tambi\u00e9n contiene el doble de col\u00e1geno y elastina que la carne normal, lo que significa que es rico en los amino\u00e1cidos glicina y prolina, esenciales para la salud del tejido conjuntivo, las articulaciones y la digesti\u00f3n. La glicina tambi\u00e9n mejora la reparaci\u00f3n y el crecimiento muscular al aumentar los niveles de creatina y regular la secreci\u00f3n de la hormona del crecimiento humano por la gl\u00e1ndula pituitaria. Este maravilloso amino\u00e1cido tambi\u00e9n es fundamental para el funcionamiento saludable del sistema nervioso central.<\/p>\n<p><strong>Apoya la salud cardiovascular<\/strong><\/p>\n<p>Mantener sano el coraz\u00f3n es algo que puedes hacer con los nutrientes adecuados.<br \/>\nLos estudios demuestran que la suplementaci\u00f3n con CoQ10 natural podr\u00eda ser \u00fatil en el tratamiento y control de las enfermedades cardiovasculares, especialmente para mejorar los s\u00edntomas de la insuficiencia cardiaca. La CoQ10 mantiene sanos los vasos sangu\u00edneos al suministrar a las c\u00e9lulas cantidades extraordinarias de energ\u00eda para seguir funcionando d\u00eda y noche.<\/p>\n<p><strong>Reduce la inflamaci\u00f3n<\/strong><\/p>\n<p>La mayor parte de la CoQ10 antiinflamatoria del organismo se concentra en el coraz\u00f3n.<br \/>\nLos antioxidantes, como la CoQ10, limitan el estr\u00e9s oxidativo que, de otro modo, puede provocar da\u00f1os celulares, respuestas inmunitarias no deseadas e inflamaci\u00f3n.<br \/>\nSe sabe que la inflamaci\u00f3n cr\u00f3nica es el mecanismo subyacente de muchas enfermedades, como las cardiopat\u00edas, la obesidad, la diabetes de tipo 2, las cataratas, el Alzheimer, el Parkinson y el c\u00e1ncer. La suplementaci\u00f3n con CoQ10 puede mejorar las funciones mitocondriales, limitar el da\u00f1o oxidativo y controlar la inflamaci\u00f3n.<\/p>\n","protected":false},"excerpt":{"rendered":"<p>Los pueblos tradicionales, los nativos americanos y los primeros curanderos ancestrales cre\u00edan que comer los \u00f3rganos de un animal sano fortalecer\u00eda y apoyar\u00eda la salud del \u00f3rgano correspondiente del individuo. El coraz\u00f3n de ternera alimentado con pasto es una buena fuente de hierro, zinc, selenio y vitaminas del grupo B, pero donde realmente brilla es [&hellip;]<\/p>\n","protected":false},"featured_media":66520,"template":"","meta":{"_acf_changed":false,"inline_featured_image":false},"product_brand":[],"product_cat":[143],"product_tag":[],"class_list":{"0":"post-14885","1":"product","2":"type-product","3":"status-publish","4":"has-post-thumbnail","6":"product_cat-energia","8":"first","9":"instock","10":"taxable","11":"shipping-taxable","12":"purchasable","13":"product-type-simple"},"bundled_by":[],"bundle_stock_status":"instock","bundle_stock_quantity":null,"bundle_virtual":false,"bundle_layout":"","bundle_add_to_cart_form_location":"","bundle_editable_in_cart":false,"bundle_sold_individually_context":"","bundle_item_grouping":"","bundle_min_size":"","bundle_max_size":"","bundle_price":[],"bundled_items":[],"bundle_sell_ids":[],"acf":[],"_links":{"self":[{"href":"https:\/\/nutriest.eu\/es\/wp-json\/wp\/v2\/product\/14885","targetHints":{"allow":["GET"]}}],"collection":[{"href":"https:\/\/nutriest.eu\/es\/wp-json\/wp\/v2\/product"}],"about":[{"href":"https:\/\/nutriest.eu\/es\/wp-json\/wp\/v2\/types\/product"}],"wp:featuredmedia":[{"embeddable":true,"href":"https:\/\/nutriest.eu\/es\/wp-json\/wp\/v2\/media\/66520"}],"wp:attachment":[{"href":"https:\/\/nutriest.eu\/es\/wp-json\/wp\/v2\/media?parent=14885"}],"wp:term":[{"taxonomy":"product_brand","embeddable":true,"href":"https:\/\/nutriest.eu\/es\/wp-json\/wp\/v2\/product_brand?post=14885"},{"taxonomy":"product_cat","embeddable":true,"href":"https:\/\/nutriest.eu\/es\/wp-json\/wp\/v2\/product_cat?post=14885"},{"taxonomy":"product_tag","embeddable":true,"href":"https:\/\/nutriest.eu\/es\/wp-json\/wp\/v2\/product_tag?post=14885"}],"curies":[{"name":"wp","href":"https:\/\/api.w.org\/{rel}","templated":true}]}}