{"id":14879,"date":"2023-04-10T12:24:01","date_gmt":"2023-04-10T09:24:01","guid":{"rendered":"https:\/\/nutriest.eu\/products\/suplemento-de-visceras-desecadas-de-ternera-alimentada-con-pasto\/"},"modified":"2025-03-16T17:22:34","modified_gmt":"2025-03-16T15:22:34","slug":"suplemento-de-visceras-desecadas-de-ternera-alimentada-con-pasto","status":"publish","type":"product","link":"https:\/\/nutriest.eu\/es\/productos\/suplemento-de-visceras-desecadas-de-ternera-alimentada-con-pasto\/","title":{"rendered":"Suplemento de Complejo de \u00d3rganos de Ternera Disecada Alimentada con Pasto"},"content":{"rendered":"<p><strong>Los pueblos tradicionales, los nativos americanos y los primeros curanderos ancestrales cre\u00edan que comer los \u00f3rganos de un animal sano fortalecer\u00eda y apoyar\u00eda la salud del \u00f3rgano correspondiente del individuo.<\/strong><\/p>\n<p>Los \u00f3rganos de ternera alimentada con pasto son innegablemente superalimentos. Proporcionan una amplia variedad de nutrientes altamente biodisponibles. Son ricos en vitaminas como <strong>B12<\/strong>, <strong>A<\/strong>, <strong>E<\/strong>, <strong>D3<\/strong>, <strong>K2<\/strong> y <strong>CoQ10<\/strong>, varios minerales como <strong>hierro hemo<\/strong>, <strong>selenio<\/strong>, <strong>zinc<\/strong>, <strong>cobre<\/strong>, <strong>potasio<\/strong>, <strong>magnesio<\/strong>, <strong>omega-3<\/strong> y <strong>omega-6<\/strong> <strong>\u00e1cidos grasos<\/strong> en equilibrio ideal. La combinaci\u00f3n sin\u00e9rgica de \u00f3rganos ampl\u00eda el espectro de nutrientes y ayuda a la absorci\u00f3n. Cada \u00f3rgano a\u00f1ade su perfil nutritivo \u00fanico y el conjunto forma una relaci\u00f3n din\u00e1mica.<\/p>\n<p>Las mezclas de \u00f3rganos equilibran y maximizan tanto el contenido como la disponibilidad de nutrientes para obtener el mayor valor nutritivo posible. Los \u00f3rganos de animales org\u00e1nicos sanos refuerzan la salud de tus \u00f3rganos respectivos, as\u00ed como el bienestar y la vitalidad generales de todo tu cuerpo.<\/p>\n<p><strong>Beneficios para la salud de los \u00f3rganos de ternera disecados:<\/strong><\/p>\n<ul>\n<li><strong>Apoya la salud del cerebro, el coraz\u00f3n y el h\u00edgado.<\/strong><\/li>\n<li><strong>Para unas articulaciones fuertes, un tejido conjuntivo y un col\u00e1geno sano.<\/strong><\/li>\n<li><strong>Para una piel, enc\u00edas, dientes y cabello sanos.<\/strong><\/li>\n<li><strong>Apoya la energ\u00eda, el metabolismo, el estado de \u00e1nimo y la metilaci\u00f3n.<\/strong><\/li>\n<li><strong>Apoya un sistema inmunitario fuerte<\/strong><\/li>\n<li><strong>Promueve la p\u00e9rdida de peso<\/strong><\/li>\n<\/ul>\n<p>Practicar h\u00e1bitos alimentarios m\u00e1s sanos y absorber una cantidad adecuada de nutrientes esenciales es vital para superar la obesidad.<\/p>\n<p>Los \u00f3rganos de ternera son la fuente m\u00e1s concentrada de casi todos los nutrientes, incluidas importantes vitaminas, minerales y amino\u00e1cidos esenciales.<\/p>\n<p>Conseguir formas suficientes, de mejor calidad y altamente absorbibles de minerales y vitaminas reduce los antojos y favorece la p\u00e9rdida de peso.<\/p>\n<p>Aseg\u00farate de obtener suficientes nutrientes esenciales, para que tu cuerpo est\u00e9 satisfecho y reduzcas el picoteo excesivo.<\/p>\n<p><b>Alivio de la ansiedad y la depresi\u00f3n<\/b><\/p>\n<p>El complejo de \u00f3rganos de ternera alimentado con pasto es muy rico en vitaminas del grupo B. Las vitaminas B son un grupo de ocho nutrientes diferentes que trabajan juntos para controlar muchos procesos del organismo, incluidos los niveles de estr\u00e9s.<b><\/p>\n<p><\/b>Un <a class=\"js-no-transition\" title=\"Anxiety study nutriest supplements\" href=\"https:\/\/content.sciendo.com\/view\/journals\/jbcr\/10\/2\/article-p140.xml\" target=\"_blank\" rel=\"noopener\">estudio de 2017<\/a> descubri\u00f3 que las personas que ten\u00edan niveles sangu\u00edneos m\u00e1s bajos de vitamina B-12 eran m\u00e1s propensas a sufrir depresi\u00f3n o ansiedad.<\/p>\n<p>La vitamina B-12 y otras vitaminas del grupo B intervienen en la producci\u00f3n de sustancias qu\u00edmicas cerebrales que afectan al estado de \u00e1nimo y a otras funciones cerebrales.<\/p>\n<p><b><\/b><\/p>\n<p><b>Aumento de los niveles de energ\u00eda<\/b>.<\/p>\n<p><b><\/b>El complejo de \u00f3rganos de ternera alimentado con hierba es rico en hemo-hierro, vitamina B12, folato y coq10, nutrientes que ayudan a aumentar tus niveles de energ\u00eda y a mantener tu estado de alerta y concentraci\u00f3n durante todo el d\u00eda.<\/p>\n","protected":false},"excerpt":{"rendered":"<p>Los pueblos tradicionales, los nativos americanos y los primeros curanderos ancestrales cre\u00edan que comer los \u00f3rganos de un animal sano fortalecer\u00eda y apoyar\u00eda la salud del \u00f3rgano correspondiente del individuo. Los \u00f3rganos de ternera alimentada con pasto son innegablemente superalimentos. Proporcionan una amplia variedad de nutrientes altamente biodisponibles. Son ricos en vitaminas como B12, A, [&hellip;]<\/p>\n","protected":false},"featured_media":66493,"template":"","meta":{"_acf_changed":false,"inline_featured_image":false},"product_brand":[],"product_cat":[153,143,154],"product_tag":[],"class_list":{"0":"post-14879","1":"product","2":"type-product","3":"status-publish","4":"has-post-thumbnail","6":"product_cat-ansiedad-y-estres","7":"product_cat-energia","8":"product_cat-refuerzo-inmunitario","10":"first","11":"instock","12":"taxable","13":"shipping-taxable","14":"purchasable","15":"product-type-simple"},"bundled_by":[],"bundle_stock_status":"instock","bundle_stock_quantity":null,"bundle_virtual":false,"bundle_layout":"","bundle_add_to_cart_form_location":"","bundle_editable_in_cart":false,"bundle_sold_individually_context":"","bundle_item_grouping":"","bundle_min_size":"","bundle_max_size":"","bundle_price":[],"bundled_items":[],"bundle_sell_ids":[],"acf":[],"_links":{"self":[{"href":"https:\/\/nutriest.eu\/es\/wp-json\/wp\/v2\/product\/14879","targetHints":{"allow":["GET"]}}],"collection":[{"href":"https:\/\/nutriest.eu\/es\/wp-json\/wp\/v2\/product"}],"about":[{"href":"https:\/\/nutriest.eu\/es\/wp-json\/wp\/v2\/types\/product"}],"wp:featuredmedia":[{"embeddable":true,"href":"https:\/\/nutriest.eu\/es\/wp-json\/wp\/v2\/media\/66493"}],"wp:attachment":[{"href":"https:\/\/nutriest.eu\/es\/wp-json\/wp\/v2\/media?parent=14879"}],"wp:term":[{"taxonomy":"product_brand","embeddable":true,"href":"https:\/\/nutriest.eu\/es\/wp-json\/wp\/v2\/product_brand?post=14879"},{"taxonomy":"product_cat","embeddable":true,"href":"https:\/\/nutriest.eu\/es\/wp-json\/wp\/v2\/product_cat?post=14879"},{"taxonomy":"product_tag","embeddable":true,"href":"https:\/\/nutriest.eu\/es\/wp-json\/wp\/v2\/product_tag?post=14879"}],"curies":[{"name":"wp","href":"https:\/\/api.w.org\/{rel}","templated":true}]}}