{"id":14783,"date":"2024-05-13T11:53:34","date_gmt":"2024-05-13T08:53:34","guid":{"rendered":"https:\/\/nutriest.eu\/products\/peptidos-de-colageno-marino-de-pesca-salvaje\/"},"modified":"2025-03-16T17:24:33","modified_gmt":"2025-03-16T15:24:33","slug":"peptidos-de-colageno-marino-de-pesca-salvaje","status":"publish","type":"product","link":"https:\/\/nutriest.eu\/es\/productos\/peptidos-de-colageno-marino-de-pesca-salvaje\/","title":{"rendered":"P\u00e9ptidos de col\u00e1geno marino de pesca salvaje"},"content":{"rendered":"<p class=\"p1\"><span class=\"s1\">El col\u00e1geno, prote\u00edna vital en humanos y otros mam\u00edferos, constituye entre el 25 % y el 35 % de la prote\u00edna total de tu cuerpo. Nuestro col\u00e1geno de pescado marino, procedente de las profundidades oce\u00e1nicas, se compone principalmente de col\u00e1geno de tipo 1. Este tipo es bien conocido por su capacidad para mejorar la elasticidad de la piel, reducir la aparici\u00f3n de arrugas, favorecer la salud de las articulaciones y fortalecer huesos, tendones y ligamentos. Adem\u00e1s, contribuye a un intestino m\u00e1s sano y ayuda en la lucha contra la inflamaci\u00f3n. Nuestro col\u00e1geno de pescado marino tambi\u00e9n es rico en amino\u00e1cidos esenciales, como la glicina y la prolina, que son cruciales para la producci\u00f3n de col\u00e1geno y el bienestar celular general. Con sus numerosos beneficios, proporciona un enfoque hol\u00edstico para mejorar tu salud y vitalidad.<\/span><\/p>\n<p class=\"p4\"><span class=\"s1\"><b>Apoya la salud de la piel.<\/b><\/span><\/p>\n<p class=\"p4\"><span class=\"s1\">El poder del col\u00e1geno marino para mejorar la salud de la piel es uno de sus beneficios clave.<\/span> <span class=\"s1\">Aumentar los niveles de col\u00e1geno de tipo 1 puede ayudar a que tu piel tenga un aspecto m\u00e1s firme, aumentar la tersura y ayudar a que las c\u00e9lulas de la piel sigan renov\u00e1ndose y repar\u00e1ndose con normalidad. Los ensayos cl\u00ednicos han demostrado que los pacientes que toman suplementos de col\u00e1geno marino presentan una disminuci\u00f3n de las arrugas y una mejora de la hidrataci\u00f3n y firmeza de la piel. La producci\u00f3n de col\u00e1geno disminuye naturalmente a medida que envejecemos, pero la buena noticia es que tomar suplementos de col\u00e1geno ayuda a renovar la piel.<\/span><\/p>\n<p class=\"p4\"><span class=\"s1\">Las investigaciones con animales han descubierto que el consumo de col\u00e1geno marino ayuda a mantener el grosor de la dermis de los ratones al aumentar el n\u00famero y la actividad de los fibroblastos cut\u00e1neos, o c\u00e9lulas de la dermis que producen col\u00e1geno y otras fibras.<\/span><\/p>\n<p class=\"p4\"><span class=\"s1\"><b>Promueve la salud del cerebro. <\/b><\/span><\/p>\n<p class=\"p4\"><span class=\"s1\">La glicina constituye aproximadamente el 20\u202f% de los amino\u00e1cidos del col\u00e1geno. Puede ayudar a mejorar el sue\u00f1o y tiene funciones inhibidoras que act\u00faan contra la excitaci\u00f3n excesiva en el cerebro. Esto permite que tu mente se calme y se concentre.<\/span><\/p>\n<p class=\"p4\"><span class=\"s1\"><b>Promueve la salud intestinal.<\/b><\/span><\/p>\n<p class=\"p4\"><span class=\"s1\">Todo, desde un exceso de estr\u00e9s hasta una dieta inadecuada, puede da\u00f1ar los delicados tejidos que recubren los intestinos. Esto contribuye al s\u00edndrome del intestino permeable, un trastorno en el que part\u00edculas extra\u00f1as pueden entrar en el torrente sangu\u00edneo y causar estragos en el organismo, aumentando la inflamaci\u00f3n y el riesgo de enfermedades autoinmunes. El col\u00e1geno marino no solo es f\u00e1cilmente digerible, sino que puede ayudar a mantener tu intestino, gracias a su perfil de amino\u00e1cidos.<\/span><\/p>\n<p class=\"p4\"><span class=\"s1\">Dos amino\u00e1cidos, la glicina y la glutamina, pueden ser especialmente \u00fatiles, ya que ambos desempe\u00f1an un papel relevante en el mantenimiento del tejido que recubre el tubo digestivo. La glicina es especialmente \u00fatil para reducir la inflamaci\u00f3n intestinal.<\/span><\/p>\n<p class=\"p4\"><span class=\"s1\"><b>Mejora la cicatrizaci\u00f3n de las heridas y reduce las cicatrices. <\/b><\/span><\/p>\n<p class=\"p4\"><span class=\"s1\">La suplementaci\u00f3n con col\u00e1geno marino puede conducir a una cicatrizaci\u00f3n m\u00e1s r\u00e1pida y completa de las heridas. Como componente principal de la matriz d\u00e9rmica de la piel, el col\u00e1geno es necesario para que la piel se regenere despu\u00e9s de cualquier lesi\u00f3n o deformaci\u00f3n cut\u00e1nea, como cicatrices, erupciones y quemaduras.<\/span><\/p>\n<p class=\"p4\"><span class=\"s1\"><b>Promueve un sue\u00f1o de calidad.<\/b><\/span><\/p>\n<p class=\"p4\"><span class=\"s1\">El amino\u00e1cido m\u00e1s abundante en el col\u00e1geno marino, la glicina, tiene beneficios prometedores para el sue\u00f1o. Una revisi\u00f3n de la investigaci\u00f3n revel\u00f3 que la ingesti\u00f3n de glicina antes de acostarse ayudaba a mantener niveles satisfactorios de calidad de sue\u00f1o autopercibida. Tambi\u00e9n sugiri\u00f3 que la glicina puede ayudar a mantener la temperatura corporal central, que se asocia a un mejor sue\u00f1o. Los picos y bajadas err\u00e1ticos de az\u00facar en sangre tambi\u00e9n pueden interferir en la calidad del sue\u00f1o, mientras que el col\u00e1geno marino (que suele contener unos 10 gramos de prote\u00edna por raci\u00f3n) puede ayudar a mantener unos niveles normales.<\/span><\/p>\n<p class=\"p4\"><span class=\"s1\"><b>Apoya el efecto de tu entrenamiento.<\/b><\/span><\/p>\n<p class=\"p4\"><span class=\"s1\">El col\u00e1geno es una fuente concentrada del amino\u00e1cido glicina, que ayuda a tu cuerpo a producir creatina. A su vez, se ha demostrado que esta ayuda a mantener la masa muscular y el rendimiento del ejercicio. Tambi\u00e9n es una gran fuente de prolina, que act\u00faa como antioxidante y ayuda a controlar el da\u00f1o celular que podr\u00eda causar dolor despu\u00e9s del entrenamiento.<\/span><\/p>\n<p class=\"p4\"><span class=\"s1\"><b>Potencia la fortaleza \u00f3sea.<\/b><\/span><\/p>\n<p class=\"p4\"><span class=\"s1\">Aunque el col\u00e1geno marino no contiene los minerales que normalmente asociar\u00edas con la salud \u00f3sea, los estudios han demostrado que los p\u00e9ptidos de col\u00e1geno marino ayudan a la absorci\u00f3n del calcio y otros minerales esenciales para la fortaleza \u00f3sea. La absorci\u00f3n tambi\u00e9n se asoci\u00f3 con la actividad de los osteoblastos, c\u00e9lulas del hueso responsables de sintetizar y mineralizar el hueso. Tomar suplementos que contengan col\u00e1geno marino puede ayudar a mejorar la movilidad y flexibilidad de las articulaciones, al tiempo que disminuye el dolor y la rigidez articulares.<\/span><\/p>\n","protected":false},"excerpt":{"rendered":"<p>El col\u00e1geno, prote\u00edna vital en humanos y otros mam\u00edferos, constituye entre el 25 % y el 35 % de la prote\u00edna total de tu cuerpo. Nuestro col\u00e1geno de pescado marino, procedente de las profundidades oce\u00e1nicas, se compone principalmente de col\u00e1geno de tipo 1. Este tipo es bien conocido por su capacidad para mejorar la elasticidad [&hellip;]<\/p>\n","protected":false},"featured_media":68643,"template":"","meta":{"_acf_changed":false,"inline_featured_image":false},"product_brand":[],"product_cat":[137],"product_tag":[],"class_list":{"0":"post-14783","1":"product","2":"type-product","3":"status-publish","4":"has-post-thumbnail","6":"product_cat-dolor-articular","8":"first","9":"instock","10":"taxable","11":"shipping-taxable","12":"purchasable","13":"product-type-simple"},"bundled_by":[],"bundle_stock_status":"instock","bundle_stock_quantity":null,"bundle_virtual":false,"bundle_layout":"","bundle_add_to_cart_form_location":"","bundle_editable_in_cart":false,"bundle_sold_individually_context":"","bundle_item_grouping":"","bundle_min_size":"","bundle_max_size":"","bundle_price":[],"bundled_items":[],"bundle_sell_ids":[],"acf":[],"_links":{"self":[{"href":"https:\/\/nutriest.eu\/es\/wp-json\/wp\/v2\/product\/14783","targetHints":{"allow":["GET"]}}],"collection":[{"href":"https:\/\/nutriest.eu\/es\/wp-json\/wp\/v2\/product"}],"about":[{"href":"https:\/\/nutriest.eu\/es\/wp-json\/wp\/v2\/types\/product"}],"wp:featuredmedia":[{"embeddable":true,"href":"https:\/\/nutriest.eu\/es\/wp-json\/wp\/v2\/media\/68643"}],"wp:attachment":[{"href":"https:\/\/nutriest.eu\/es\/wp-json\/wp\/v2\/media?parent=14783"}],"wp:term":[{"taxonomy":"product_brand","embeddable":true,"href":"https:\/\/nutriest.eu\/es\/wp-json\/wp\/v2\/product_brand?post=14783"},{"taxonomy":"product_cat","embeddable":true,"href":"https:\/\/nutriest.eu\/es\/wp-json\/wp\/v2\/product_cat?post=14783"},{"taxonomy":"product_tag","embeddable":true,"href":"https:\/\/nutriest.eu\/es\/wp-json\/wp\/v2\/product_tag?post=14783"}],"curies":[{"name":"wp","href":"https:\/\/api.w.org\/{rel}","templated":true}]}}