{"id":14781,"date":"2024-07-13T13:38:17","date_gmt":"2024-07-13T10:38:17","guid":{"rendered":"https:\/\/nutriest.eu\/products\/suplemento-de-bilis-de-buey\/"},"modified":"2025-03-16T17:25:12","modified_gmt":"2025-03-16T15:25:12","slug":"suplemento-de-bilis-de-buey","status":"publish","type":"product","link":"https:\/\/nutriest.eu\/es\/productos\/suplemento-de-bilis-de-buey\/","title":{"rendered":"Suplemento de bilis de buey"},"content":{"rendered":"<p>Nuestro suplemento premium de bilis de buey est\u00e1 formulado para favorecer una salud digestiva \u00f3ptima, ayudando a digerir las grasas y mejorando la absorci\u00f3n de vitaminas y nutrientes liposolubles esenciales. Derivado de fuentes de alta calidad, nuestro suplemento de bilis de buey compensa las deficiencias de sales biliares, que pueden provocar mala absorci\u00f3n, molestias digestivas y carencias de nutrientes.<\/p>\n<p><strong>Beneficios clave:<\/strong><\/p>\n<ol>\n<li><strong>Apoya la digesti\u00f3n de las grasas:<\/strong> la bilis de buey es crucial para la emulsificaci\u00f3n y descomposici\u00f3n de las grasas de la dieta, asegurando una digesti\u00f3n eficaz y evitando molestias digestivas como la hinchaz\u00f3n y el dolor abdominal.<\/li>\n<li><strong>Mejora la absorci\u00f3n de nutrientes:<\/strong> facilita la absorci\u00f3n de vitaminas liposolubles (A, D, E, K), \u00e1cidos grasos omega-3 y CoQ10, previniendo deficiencias que pueden provocar diversos problemas de salud, como alteraciones de la inmunidad, afecciones cut\u00e1neas y debilidad muscular.<\/li>\n<li><strong>Previene los c\u00e1lculos biliares:<\/strong> favorece un flujo biliar sano, evitando la formaci\u00f3n de lodos y c\u00e1lculos biliares, reduciendo el riesgo de inflamaci\u00f3n de la ves\u00edcula biliar.<\/li>\n<li><strong>Reduce el estre\u00f1imiento:<\/strong> favorece unos movimientos intestinales sanos al atraer agua al tracto digestivo, mejorando la consistencia normal de las heces y aliviando los atascos.<\/li>\n<li><strong>Promueve la salud intestinal:<\/strong> mantiene el equilibrio del pH en el sistema digestivo, neutralizando el \u00e1cido estomacal y protegiendo contra las bacterias nocivas y la disbiosis, que pueden provocar inflamaci\u00f3n intestinal y afecciones autoinmunes.<\/li>\n<li><strong>Bueno para el h\u00edgado y la desintoxicaci\u00f3n:<\/strong> previene la acumulaci\u00f3n excesiva de grasa en el h\u00edgado, ayudando en el proceso de desintoxicaci\u00f3n al unirse a los productos de desecho y facilitar su excreci\u00f3n.<\/li>\n<li><strong>Potencia la funci\u00f3n tiroidea:<\/strong> Mejora la conversi\u00f3n de tiroxina (T4) en triyodotironina (T3), favoreciendo unos niveles equilibrados de hormonas tiroideas que regulan el metabolismo, la producci\u00f3n de energ\u00eda y la funci\u00f3n digestiva.<\/li>\n<\/ol>\n<p><strong>\u00bfPor qu\u00e9 elegir nuestro suplemento de bilis de buey?<\/strong><\/p>\n<ul>\n<li><strong>Ingredientes de alta calidad:<\/strong> obtenidos de bilis de buey de primera calidad para garantizar su potencia y eficacia.<\/li>\n<li><strong>Apoyo integral:<\/strong> dise\u00f1ado para abordar m\u00faltiples aspectos de la salud digestiva, la funci\u00f3n hep\u00e1tica y la absorci\u00f3n de nutrientes.<\/li>\n<li><strong>Ideal para quienes no tienen ves\u00edcula biliar:<\/strong> Proporciona sales biliares esenciales para quienes se han sometido a una operaci\u00f3n de extirpaci\u00f3n de la ves\u00edcula biliar, favoreciendo una digesti\u00f3n normal.<\/li>\n<\/ul>\n<p><strong>\u00bfQui\u00e9n debe tomar suplementos de bilis de buey?<\/strong><\/p>\n<ul>\n<li>Las personas con deficiencia de sales biliares que experimentan digesti\u00f3n lenta, dolor de est\u00f3mago, hinchaz\u00f3n, estre\u00f1imiento o carencia de nutrientes.<\/li>\n<li>Personas que se han sometido a una operaci\u00f3n de extirpaci\u00f3n de la ves\u00edcula biliar.<\/li>\n<li>Personas con enfermedades como h\u00edgado graso alcoh\u00f3lico, fibrosis qu\u00edstica, cirrosis biliar primaria, inflamaci\u00f3n del h\u00edgado, hipotiroidismo o psoriasis.<\/li>\n<li>Cualquier persona que desee mejorar la digesti\u00f3n de las grasas, aumentar la absorci\u00f3n de nutrientes y contribuir a la salud digestiva y hep\u00e1tica en general.<\/li>\n<\/ul>\n<p><strong>Experimenta una mejor salud digestiva:<\/strong><\/p>\n<p>Incorpora nuestro suplemento de bilis de buey a tu rutina diaria para experimentar una mayor comodidad digestiva, una mejor absorci\u00f3n de nutrientes y una mejora general de la salud. Si\u00e9ntete m\u00e1s ligero y con m\u00e1s energ\u00eda despu\u00e9s de las comidas y favorece los procesos naturales de desintoxicaci\u00f3n de tu cuerpo con nuestro suplemento de bilis de buey de alta calidad.<\/p>\n","protected":false},"excerpt":{"rendered":"<p>Nuestro suplemento premium de bilis de buey est\u00e1 formulado para favorecer una salud digestiva \u00f3ptima, ayudando a digerir las grasas y mejorando la absorci\u00f3n de vitaminas y nutrientes liposolubles esenciales. Derivado de fuentes de alta calidad, nuestro suplemento de bilis de buey compensa las deficiencias de sales biliares, que pueden provocar mala absorci\u00f3n, molestias digestivas [&hellip;]<\/p>\n","protected":false},"featured_media":66499,"template":"","meta":{"_acf_changed":false,"inline_featured_image":false},"product_brand":[],"product_cat":[134],"product_tag":[],"class_list":{"0":"post-14781","1":"product","2":"type-product","3":"status-publish","4":"has-post-thumbnail","6":"product_cat-digestion-y-salud-intestinal","8":"first","9":"instock","10":"taxable","11":"shipping-taxable","12":"purchasable","13":"product-type-simple"},"bundled_by":["15832"],"bundle_stock_status":"instock","bundle_stock_quantity":null,"bundle_virtual":false,"bundle_layout":"","bundle_add_to_cart_form_location":"","bundle_editable_in_cart":false,"bundle_sold_individually_context":"","bundle_item_grouping":"","bundle_min_size":"","bundle_max_size":"","bundle_price":[],"bundled_items":[],"bundle_sell_ids":[],"acf":[],"_links":{"self":[{"href":"https:\/\/nutriest.eu\/es\/wp-json\/wp\/v2\/product\/14781","targetHints":{"allow":["GET"]}}],"collection":[{"href":"https:\/\/nutriest.eu\/es\/wp-json\/wp\/v2\/product"}],"about":[{"href":"https:\/\/nutriest.eu\/es\/wp-json\/wp\/v2\/types\/product"}],"wp:featuredmedia":[{"embeddable":true,"href":"https:\/\/nutriest.eu\/es\/wp-json\/wp\/v2\/media\/66499"}],"wp:attachment":[{"href":"https:\/\/nutriest.eu\/es\/wp-json\/wp\/v2\/media?parent=14781"}],"wp:term":[{"taxonomy":"product_brand","embeddable":true,"href":"https:\/\/nutriest.eu\/es\/wp-json\/wp\/v2\/product_brand?post=14781"},{"taxonomy":"product_cat","embeddable":true,"href":"https:\/\/nutriest.eu\/es\/wp-json\/wp\/v2\/product_cat?post=14781"},{"taxonomy":"product_tag","embeddable":true,"href":"https:\/\/nutriest.eu\/es\/wp-json\/wp\/v2\/product_tag?post=14781"}],"curies":[{"name":"wp","href":"https:\/\/api.w.org\/{rel}","templated":true}]}}