{"id":15005,"date":"2023-02-08T14:19:28","date_gmt":"2023-02-08T12:19:28","guid":{"rendered":"https:\/\/nutriest.eu\/politica-de-privacidad\/"},"modified":"2025-03-16T16:18:13","modified_gmt":"2025-03-16T14:18:13","slug":"politica-de-privacidad","status":"publish","type":"page","link":"https:\/\/nutriest.eu\/es\/politica-de-privacidad\/","title":{"rendered":"Pol\u00edtica de privacidad"},"content":{"rendered":"<ol>\n<li><b>Disposiciones generales<\/b><\/li>\n<\/ol>\n<p>1.1. Esta pol\u00edtica de privacidad regula los principios de recopilaci\u00f3n, procesamiento y almacenamiento de datos personales. Los datos personales son procesados y almacenados por Healthy Life O\u00dc, que es el controlador de los datos personales (en adelante, el controlador).<\/p>\n<p>1.2. A los efectos de esta pol\u00edtica de privacidad, un interesado es el cliente u otra persona f\u00edsica cuyos datos personales son tratados por el responsable del tratamiento.<\/p>\n<p>1.3. A los efectos de esta pol\u00edtica de privacidad, un cliente es cualquier persona que compra bienes o servicios en el sitio web del responsable del tratamiento.<\/p>\n<p>1.4. El responsable del tratamiento cumple los principios relativos al tratamiento de datos personales previstos en la legislaci\u00f3n y, entre otras cosas, trata los datos personales de forma l\u00edcita, leal y segura. El responsable del tratamiento puede declarar que los datos personales se han tratado de conformidad con las disposiciones de la legislaci\u00f3n.<\/p>\n<ol>\n<li><b>Recopilaci\u00f3n, tratamiento y almacenamiento de datos personales<\/b><\/li>\n<\/ol>\n<p>2.1. Los datos personales recopilados, procesados y almacenados por el responsable se han recopilado electr\u00f3nicamente, principalmente a trav\u00e9s del sitio web y el correo electr\u00f3nico.<\/p>\n<p>2.2. Al compartir sus datos personales, el interesado otorga al responsable el derecho a recopilar, organizar, utilizar y administrar, para los fines definidos en la pol\u00edtica de privacidad, los datos personales que el interesado comparte con el responsable del tratamiento, ya sea directa o indirectamente, al comprar bienes o servicios en el sitio web.<\/p>\n<p>2.3. El interesado es responsable de la exactitud, correcci\u00f3n e integridad de los datos que env\u00ede. El env\u00edo de datos falsos a sabiendas se considera una infracci\u00f3n de la pol\u00edtica de privacidad. El interesado debe notificar inmediatamente al responsable del tratamiento cualquier cambio en los datos enviados.<\/p>\n<p>2.4. El responsable del tratamiento no ser\u00e1 responsable de ning\u00fan da\u00f1o o p\u00e9rdida causados al interesado o a un tercero como consecuencia del env\u00edo de datos falsos por parte del interesado.<\/p>\n<ol>\n<li><b>Tratamiento de datos personales de clientes<\/b><\/li>\n<\/ol>\n<p>3.1. El responsable del tratamiento podr\u00e1 tratar los siguientes datos personales del interesado:<\/p>\n<p>3.1.1. Nombre y apellido;<\/p>\n<p>3.1.2. Fecha de nacimiento;<\/p>\n<p>3.1.3. N\u00famero de tel\u00e9fono;<\/p>\n<p>3.1.4. Direcci\u00f3n de correo electr\u00f3nico;<\/p>\n<p>3.1.5. Direcci\u00f3n de entrega;<\/p>\n<p>3.1.6. N\u00famero de cuenta bancaria;<\/p>\n<p>3.1.7. Datos de la tarjeta de pago;<\/p>\n<p>3.2. IAdem\u00e1s de lo anterior, el responsable del tratamiento tiene derecho a recopilar datos sobre el cliente que est\u00e9n disponibles en registros p\u00fablicos.<\/p>\n<p>3.3. La base legal para el procesamiento de datos personales se encuentra en los puntos (a), (b), (c) y (f) del Art\u00edculo 6(1) del Reglamento General de Protecci\u00f3n de Datos:<\/p>\n<p>(a) el interesado haya dado su consentimiento para el tratamiento de sus datos personales para uno o m\u00e1s fines espec\u00edficos;<\/p>\n<p>(b) el tratamiento es necesario para la ejecuci\u00f3n de un contrato en el que el interesado es parte o para la aplicaci\u00f3n a petici\u00f3n de este de medidas precontractuales;<\/p>\n<p>(c) el tratamiento es necesario para el cumplimiento de una obligaci\u00f3n legal a la que est\u00e1 sujeto el responsable del tratamiento;<\/p>\n<p>(f) el tratamiento es necesario para la satisfacci\u00f3n de intereses leg\u00edtimos perseguidos por el responsable del tratamiento o por un tercero, siempre que sobre dichos intereses no prevalezcan los intereses o los derechos y libertades fundamentales del interesado que requieran la protecci\u00f3n de datos personales, en particular cuando el interesado sea un ni\u00f1o.<\/p>\n<p>3.4. Tratamiento de datos personales de acuerdo con la finalidad del tratamiento:<\/p>\n<p>3.4.1. Finalidad del tratamiento: seguridad y protecci\u00f3n<\/p>\n<p>El per\u00edodo m\u00e1ximo de almacenamiento de datos personales, de acuerdo con los t\u00e9rminos especificados por la ley.<\/p>\n<p>3.4.2. Finalidad del tratamiento: el procesamiento de pedidos<\/p>\n<p>Per\u00edodo m\u00e1ximo de almacenamiento de datos personales: 5 a\u00f1os.<\/p>\n<p>3.4.3. Finalidad del tratamiento: garantizar el funcionamiento de los servicios de la tienda en l\u00ednea<\/p>\n<p>El per\u00edodo m\u00e1ximo de almacenamiento de datos personales: 5 a\u00f1os.<\/p>\n<p>3.4.4. Finalidad del tratamiento: gesti\u00f3n de clientes<\/p>\n<p>El per\u00edodo m\u00e1ximo de almacenamiento de datos personales: 5 a\u00f1os.<\/p>\n<p>3.4.5. Finalidad del tratamiento: actividades financieras, contabilidad<\/p>\n<p>El per\u00edodo m\u00e1ximo de almacenamiento de datos personales, de acuerdo con los t\u00e9rminos especificados por la ley<\/p>\n<p>3.4.6. Finalidad del tratamiento: marketing. Per\u00edodo m\u00e1ximo de conservaci\u00f3n de los datos personales: 5 a\u00f1os.<\/p>\n<p>3.5. El responsable del tratamiento tiene derecho a compartir los datos personales de los clientes con terceros, como encargados del tratamiento, contables, empresas de transporte y mensajer\u00eda, y empresas que prestan servicios de transferencia. El responsable del tratamiento est\u00e1 a cargo del tratamiento de los datos personales. El responsable del tratamiento transmite los datos personales necesarios para realizar los pagos al encargado del tratamiento, Maksekeskus AS.<\/p>\n<p>3.6. El responsable del tratamiento procesa y almacena los datos personales del interesado implementando las medidas organizativas y t\u00e9cnicas para garantizar que los datos personales est\u00e9n protegidos contra cualquier destrucci\u00f3n, alteraci\u00f3n, divulgaci\u00f3n accidental o ilegal, y cualquier otro procesamiento ilegal.<\/p>\n<p>3.7. El responsable del tratamiento almacena los datos de los interesados en funci\u00f3n de la finalidad del tratamiento, pero no m\u00e1s de 5 a\u00f1os.<\/p>\n<ol>\n<li><b>Derechos del interesado<\/b><\/li>\n<\/ol>\n<p>4.1. El interesado tiene derecho a acceder y examinar sus datos personales.<\/p>\n<p>4.2. El interesado tiene derecho a obtener informaci\u00f3n sobre el tratamiento de sus datos personales.<\/p>\n<p>4.3. El interesado tiene derecho a modificar o rectificar los datos inexactos.<\/p>\n<p>4.4. Si el responsable del tratamiento procesa los datos personales del interesado en base al consentimiento otorgado por este \u00faltimo, el interesado tiene derecho a retirar su consentimiento en cualquier momento.<\/p>\n<p>4.5. Para ejercer sus derechos, el interesado puede ponerse en contacto con el servicio de atenci\u00f3n al cliente de la tienda en l\u00ednea en info@nutriest.eu<\/p>\n<p>4.6. TPara proteger sus derechos, el interesado puede presentar una reclamaci\u00f3n ante la Inspecci\u00f3n de Protecci\u00f3n de Datos.<\/p>\n<ol>\n<li><b>Disposiciones finales<\/b><\/li>\n<\/ol>\n<p>5.1. Estos T\u00e9rminos y Condiciones de Protecci\u00f3n de Datos han sido preparados de conformidad con el Reglamento (UE) 2016\/679 del Parlamento Europeo y del Consejo relativo a la protecci\u00f3n de las personas f\u00edsicas en lo que respecta al tratamiento de datos personales y a la libre circulaci\u00f3n de estos datos, y por el que se deroga la Directiva 95\/46\/CE (Reglamento General de Protecci\u00f3n de Datos), la Ley de Protecci\u00f3n de Datos Personales de la Rep\u00fablica de Estonia y la legislaci\u00f3n de la Rep\u00fablica de Estonia y de la Uni\u00f3n Europea.<\/p>\n<p>5.2. El responsable del tratamiento tiene derecho a modificar los T\u00e9rminos y Condiciones de protecci\u00f3n de datos en parte o en su totalidad, notificando las modificaciones a los interesados a trav\u00e9s de www.nutriest.eu<\/p>\n","protected":false},"excerpt":{"rendered":"<p>Disposiciones generales 1.1. Esta pol\u00edtica de privacidad regula los principios de recopilaci\u00f3n, procesamiento y almacenamiento de datos personales. Los datos personales son procesados y almacenados por Healthy Life O\u00dc, que es el controlador de los datos personales (en adelante, el controlador). 1.2. A los efectos de esta pol\u00edtica de privacidad, un interesado es el cliente [&hellip;]<\/p>\n","protected":false},"author":1,"featured_media":0,"parent":0,"menu_order":23,"comment_status":"closed","ping_status":"closed","template":"","meta":{"_acf_changed":false,"inline_featured_image":false,"footnotes":""},"class_list":["post-15005","page","type-page","status-publish","hentry"],"acf":[],"_links":{"self":[{"href":"https:\/\/nutriest.eu\/es\/wp-json\/wp\/v2\/pages\/15005","targetHints":{"allow":["GET"]}}],"collection":[{"href":"https:\/\/nutriest.eu\/es\/wp-json\/wp\/v2\/pages"}],"about":[{"href":"https:\/\/nutriest.eu\/es\/wp-json\/wp\/v2\/types\/page"}],"author":[{"embeddable":true,"href":"https:\/\/nutriest.eu\/es\/wp-json\/wp\/v2\/users\/1"}],"replies":[{"embeddable":true,"href":"https:\/\/nutriest.eu\/es\/wp-json\/wp\/v2\/comments?post=15005"}],"version-history":[{"count":0,"href":"https:\/\/nutriest.eu\/es\/wp-json\/wp\/v2\/pages\/15005\/revisions"}],"wp:attachment":[{"href":"https:\/\/nutriest.eu\/es\/wp-json\/wp\/v2\/media?parent=15005"}],"curies":[{"name":"wp","href":"https:\/\/api.w.org\/{rel}","templated":true}]}}