{"id":14975,"date":"2023-02-09T09:10:24","date_gmt":"2023-02-09T07:10:24","guid":{"rendered":"https:\/\/nutriest.eu\/informacion-de-envio\/"},"modified":"2025-03-16T17:19:43","modified_gmt":"2025-03-16T15:19:43","slug":"informacion-de-envio","status":"publish","type":"page","link":"https:\/\/nutriest.eu\/es\/informacion-de-envio\/","title":{"rendered":"Informaci\u00f3n de env\u00edo"},"content":{"rendered":"<p><strong>Realizamos env\u00edos internacionales.<\/strong><\/p>\n<p>Tu pedido se enviar\u00e1 desde <strong>Estonia (Uni\u00f3n Europea)<\/strong>.<\/p>\n<p><strong>Env\u00edo gratuito para pedidos superiores a 150\u20ac (Uni\u00f3n Europea), 200\u20ac (Reino Unido). Hay ciertas ubicaciones europeas (como las Islas Canarias) en las que el env\u00edo gratuito puede no ser aplicable.<\/strong><\/p>\n<p>Cuando nos hagas un pedido, te alegrar\u00e1 saber que nuestro objetivo es que est\u00e9 cuidadosamente empaquetado y se env\u00ede en el plazo de 1 d\u00eda laborable. Recibir\u00e1s informaci\u00f3n de seguimiento por correo electr\u00f3nico en cuanto salga de nuestra tienda.<\/p>\n<p><strong>Nuestros socios de env\u00edo:<br \/>\n<img loading=\"lazy\" decoding=\"async\" class=\"alignnone size-full wp-image-710\" src=\"https:\/\/nutriest.eu\/wp-content\/uploads\/2023\/05\/shipping-partners.webp\" alt=\"\" width=\"3158\" height=\"431\" \/><br \/>\n<\/strong><\/p>\n","protected":false},"excerpt":{"rendered":"<p>Realizamos env\u00edos internacionales. Tu pedido se enviar\u00e1 desde Estonia (Uni\u00f3n Europea). Env\u00edo gratuito para pedidos superiores a 150\u20ac (Uni\u00f3n Europea), 200\u20ac (Reino Unido). Hay ciertas ubicaciones europeas (como las Islas Canarias) en las que el env\u00edo gratuito puede no ser aplicable. Cuando nos hagas un pedido, te alegrar\u00e1 saber que nuestro objetivo es que est\u00e9 [&hellip;]<\/p>\n","protected":false},"author":1,"featured_media":0,"parent":0,"menu_order":24,"comment_status":"closed","ping_status":"closed","template":"","meta":{"_acf_changed":false,"inline_featured_image":false,"footnotes":""},"class_list":["post-14975","page","type-page","status-publish","hentry"],"acf":[],"_links":{"self":[{"href":"https:\/\/nutriest.eu\/es\/wp-json\/wp\/v2\/pages\/14975","targetHints":{"allow":["GET"]}}],"collection":[{"href":"https:\/\/nutriest.eu\/es\/wp-json\/wp\/v2\/pages"}],"about":[{"href":"https:\/\/nutriest.eu\/es\/wp-json\/wp\/v2\/types\/page"}],"author":[{"embeddable":true,"href":"https:\/\/nutriest.eu\/es\/wp-json\/wp\/v2\/users\/1"}],"replies":[{"embeddable":true,"href":"https:\/\/nutriest.eu\/es\/wp-json\/wp\/v2\/comments?post=14975"}],"version-history":[{"count":0,"href":"https:\/\/nutriest.eu\/es\/wp-json\/wp\/v2\/pages\/14975\/revisions"}],"wp:attachment":[{"href":"https:\/\/nutriest.eu\/es\/wp-json\/wp\/v2\/media?parent=14975"}],"curies":[{"name":"wp","href":"https:\/\/api.w.org\/{rel}","templated":true}]}}