{"id":8250,"date":"2023-04-05T16:49:35","date_gmt":"2023-04-05T13:49:35","guid":{"rendered":"https:\/\/nutriest.eu\/product\/grass-fed-desiccated-beef-testicles-240-capsules\/"},"modified":"2025-04-11T18:31:18","modified_gmt":"2025-04-11T15:31:18","slug":"muskelaufbau-supplement-rinderhoden-weiderind","status":"publish","type":"product","link":"https:\/\/nutriest.eu\/de\/products\/muskelaufbau-supplement-rinderhoden-weiderind\/","title":{"rendered":"Muskelaufbau-Supplement aus Rinderhoden"},"content":{"rendered":"<p><strong>Warum ein Muskelaufbau-Supplement aus den Rinderhoden von Weiderindern? Traditionelle V\u00f6lker, amerikanische Ureinwohner und fr\u00fche Heiler glaubten, dass der Verzehr von Organen eines gesunden Tieres die Gesundheit des entsprechenden Organs des Menschen st\u00e4rken und unterst\u00fctzen w\u00fcrde.<br \/>\n<\/strong><\/p>\n<p class=\"p1\"><span class=\"s1\">Rinderhoden von Weiderindern sind reich an Vitaminen, Mineralien und Eiwei\u00df. Sie enthalten eine anst\u00e4ndige Auswahl an Mineralien, wie <strong>Kalium<\/strong>, <strong>Eisen<\/strong>, <strong>Phosphor<\/strong>, das bei der Bildung von Knochen und Z\u00e4hnen hilft, und <strong>Zink<\/strong>, das das Immunsystem unterst\u00fctzt. Ein <strong>ausreichender Zinkspiegel<\/strong> gilt als Eckpfeiler der <strong>m\u00e4nnlichen sexuellen Gesundheit<\/strong>. Zink ist auch notwendig f\u00fcr die Aktivit\u00e4t von <strong>\u00fcber 300 Enzymen<\/strong>, die den Stoffwechsel, die Verdauung, die Nervenfunktion und viele andere Prozesse unterst\u00fctzen.<\/span><\/p>\n<p><span class=\"s1\"><strong>Die Rinderhoden haben in erster Linie die Aufgabe, Testosteron zu produzieren.<\/strong> Die Hoden von Weiderindern, also Rindern, die nur mit Gras gef\u00fcttert werden, produzieren viele einzigartige Enzyme, Hormone und Vorstufen, die die Gesundheit der Hoden und die Spermienproduktion n\u00e4hren und unterst\u00fctzen. Sie produzieren auch viele andere Enzyme und Vorstufen, die f\u00fcr die Produktion von Testosteron und anderen m\u00e4nnlichen Hormonen notwendig sind.<\/span><\/p>\n<h2>Warum ein Muskelaufbau-Supplement aus Rinderhoden?<\/h2>\n<p><span class=\"ILfuVd\"><span class=\"hgKElc\"><b>Der Verzehr von Rinderhoden aus Weiderind, auch als Muskelaufbau-Supplement oder Rinderhoden-Supplement, unterst\u00fctzt das Muskelwachstum und die Muskelkraft<\/b>. Testosteron bindet sich an Rezeptoren auf der Oberfl\u00e4che der Muskelzellen und stimuliert die Proteinsynthese, um den Muskel nach dem Widerstandstraining aufzubauen. Testosteron erh\u00f6ht den Spiegel des Wachstumshormons, das der K\u00f6rper als Reaktion auf das Training produziert.<\/span><\/span><\/p>\n<p>Probieren Sie unser Muskelaufbau-Supplement aus und sorgen Sie so f\u00fcr mehr Bildung von Testosteron beim Muskelaufbau.<\/p>\n","protected":false},"excerpt":{"rendered":"<p>Warum ein Muskelaufbau-Supplement aus den Rinderhoden von Weiderindern? Traditionelle V\u00f6lker, amerikanische Ureinwohner und fr\u00fche Heiler glaubten, dass der Verzehr von Organen eines gesunden Tieres die Gesundheit des entsprechenden Organs des Menschen st\u00e4rken und unterst\u00fctzen w\u00fcrde. Rinderhoden von Weiderindern sind reich an Vitaminen, Mineralien und Eiwei\u00df. Sie enthalten eine anst\u00e4ndige Auswahl an Mineralien, wie Kalium, Eisen, [&hellip;]<\/p>\n","protected":false},"featured_media":682,"template":"","meta":{"_acf_changed":false,"inline_featured_image":false},"product_brand":[],"product_cat":[102,112,116],"product_tag":[],"class_list":{"0":"post-8250","1":"product","2":"type-product","3":"status-publish","4":"has-post-thumbnail","6":"product_cat-energy-de","7":"product_cat-muscle-growth-de","8":"product_cat-pregnancy-fertility-de","10":"first","11":"instock","12":"sale","13":"taxable","14":"shipping-taxable","15":"purchasable","16":"product-type-simple"},"bundled_by":["8245"],"bundle_stock_status":"instock","bundle_stock_quantity":null,"bundle_virtual":false,"bundle_layout":"","bundle_add_to_cart_form_location":"","bundle_editable_in_cart":false,"bundle_sold_individually_context":"","bundle_item_grouping":"","bundle_min_size":"","bundle_max_size":"","bundle_price":[],"bundled_items":[],"bundle_sell_ids":[],"acf":[],"_links":{"self":[{"href":"https:\/\/nutriest.eu\/de\/wp-json\/wp\/v2\/product\/8250","targetHints":{"allow":["GET"]}}],"collection":[{"href":"https:\/\/nutriest.eu\/de\/wp-json\/wp\/v2\/product"}],"about":[{"href":"https:\/\/nutriest.eu\/de\/wp-json\/wp\/v2\/types\/product"}],"wp:featuredmedia":[{"embeddable":true,"href":"https:\/\/nutriest.eu\/de\/wp-json\/wp\/v2\/media\/682"}],"wp:attachment":[{"href":"https:\/\/nutriest.eu\/de\/wp-json\/wp\/v2\/media?parent=8250"}],"wp:term":[{"taxonomy":"product_brand","embeddable":true,"href":"https:\/\/nutriest.eu\/de\/wp-json\/wp\/v2\/product_brand?post=8250"},{"taxonomy":"product_cat","embeddable":true,"href":"https:\/\/nutriest.eu\/de\/wp-json\/wp\/v2\/product_cat?post=8250"},{"taxonomy":"product_tag","embeddable":true,"href":"https:\/\/nutriest.eu\/de\/wp-json\/wp\/v2\/product_tag?post=8250"}],"curies":[{"name":"wp","href":"https:\/\/api.w.org\/{rel}","templated":true}]}}