{"id":8249,"date":"2023-04-10T12:01:11","date_gmt":"2023-04-10T09:01:11","guid":{"rendered":"https:\/\/nutriest.eu\/product\/grass-fed-desiccated-beef-thyroid-supplement\/"},"modified":"2025-11-21T22:13:58","modified_gmt":"2025-11-21T20:13:58","slug":"schilddruesen-supplement-weiderind","status":"publish","type":"product","link":"https:\/\/nutriest.eu\/de\/products\/schilddruesen-supplement-weiderind\/","title":{"rendered":"Schilddr\u00fcsen-Supplement vom Weiderind"},"content":{"rendered":"<p><strong>Warum ein Schilddr\u00fcsen-Supplement vom Weiderind? Traditionelle V\u00f6lker, amerikanische Ureinwohner und fr\u00fche Heiler der Vorfahren glaubten, dass der Verzehr von tierischen Organen eines gesunden Tieres die Gesundheit des entsprechenden Organs des Menschen st\u00e4rken und unterst\u00fctzen w\u00fcrde.<\/strong><\/p>\n<p class=\"p1\">Das Schilddr\u00fcsen-Supplement vom Weiderind (mit Leber) ist ein vollwertiges Nahrungserg\u00e4nzungsmittel, das Vitamine, Mineralstoffe, Cofaktoren und Enzyme enth\u00e4lt, die die Gesundheit der Schilddr\u00fcse unterst\u00fctzen, n\u00e4hren und f\u00f6rdern. Die Schilddr\u00fcse ist eine lebenswichtige Hormondr\u00fcse. Sie spielt eine wichtige Rolle f\u00fcr den Stoffwechsel, das Wachstum, die Zellreparatur und die Entwicklung des menschlichen K\u00f6rpers. N\u00e4hrstoffe, die ebenfalls gut f\u00fcr Ihre Schilddr\u00fcse sind, sind Jod, Selen und Zink.<\/p>\n<p>&gt;<\/p>\n","protected":false},"excerpt":{"rendered":"<p>Warum ein Schilddr\u00fcsen-Supplement vom Weiderind? Traditionelle V\u00f6lker, amerikanische Ureinwohner und fr\u00fche Heiler der Vorfahren glaubten, dass der Verzehr von tierischen Organen eines gesunden Tieres die Gesundheit des entsprechenden Organs des Menschen st\u00e4rken und unterst\u00fctzen w\u00fcrde. Das Schilddr\u00fcsen-Supplement vom Weiderind (mit Leber) ist ein vollwertiges Nahrungserg\u00e4nzungsmittel, das Vitamine, Mineralstoffe, Cofaktoren und Enzyme enth\u00e4lt, die die Gesundheit [&hellip;]<\/p>\n","protected":false},"featured_media":679,"template":"","meta":{"_acf_changed":false,"inline_featured_image":false},"product_brand":[],"product_cat":[103,102,111],"product_tag":[],"class_list":{"0":"post-8249","1":"product","2":"type-product","3":"status-publish","4":"has-post-thumbnail","6":"product_cat-anxiety-stress-de","7":"product_cat-energy-de","8":"product_cat-weight-loss-de","10":"first","11":"instock","12":"taxable","13":"shipping-taxable","14":"purchasable","15":"product-type-simple"},"bundled_by":[],"bundle_stock_status":"instock","bundle_stock_quantity":0,"bundle_virtual":false,"bundle_layout":"","bundle_add_to_cart_form_location":"","bundle_editable_in_cart":false,"bundle_sold_individually_context":"","bundle_item_grouping":"","bundle_min_size":"","bundle_max_size":"","bundle_price":[],"bundled_items":[],"bundle_sell_ids":[],"acf":[],"_links":{"self":[{"href":"https:\/\/nutriest.eu\/de\/wp-json\/wp\/v2\/product\/8249","targetHints":{"allow":["GET"]}}],"collection":[{"href":"https:\/\/nutriest.eu\/de\/wp-json\/wp\/v2\/product"}],"about":[{"href":"https:\/\/nutriest.eu\/de\/wp-json\/wp\/v2\/types\/product"}],"wp:featuredmedia":[{"embeddable":true,"href":"https:\/\/nutriest.eu\/de\/wp-json\/wp\/v2\/media\/679"}],"wp:attachment":[{"href":"https:\/\/nutriest.eu\/de\/wp-json\/wp\/v2\/media?parent=8249"}],"wp:term":[{"taxonomy":"product_brand","embeddable":true,"href":"https:\/\/nutriest.eu\/de\/wp-json\/wp\/v2\/product_brand?post=8249"},{"taxonomy":"product_cat","embeddable":true,"href":"https:\/\/nutriest.eu\/de\/wp-json\/wp\/v2\/product_cat?post=8249"},{"taxonomy":"product_tag","embeddable":true,"href":"https:\/\/nutriest.eu\/de\/wp-json\/wp\/v2\/product_tag?post=8249"}],"curies":[{"name":"wp","href":"https:\/\/api.w.org\/{rel}","templated":true}]}}