{"id":8248,"date":"2023-04-10T12:02:24","date_gmt":"2023-04-10T09:02:24","guid":{"rendered":"https:\/\/nutriest.eu\/product\/grass-fed-desiccated-beef-organ-supplements-with-colostrum-and-oysters\/"},"modified":"2024-03-07T13:52:31","modified_gmt":"2024-03-07T11:52:31","slug":"austern-kolostrum-kapseln","status":"publish","type":"product","link":"https:\/\/nutriest.eu\/de\/products\/austern-kolostrum-kapseln\/","title":{"rendered":"Austern-Kolostrum-Kapseln"},"content":{"rendered":"<p><strong>warum Austern-Kolostrum-Kapseln aus Weiderindern? Traditionelle V\u00f6lker, amerikanische Ureinwohner und fr\u00fche Heiler glaubten, dass der Verzehr von Organen eines gesunden Tieres die Gesundheit des entsprechenden Organs des Menschen st\u00e4rken und unterst\u00fctzen w\u00fcrde.<br \/>\n<\/strong><\/p>\n<p class=\"p1\"><span class=\"s1\">Austern sind wirklich eine Perle in unserer Ern\u00e4hrung. Sie geh\u00f6ren zu den nahrhaftesten Lebensmitteln, die wir essen k\u00f6nnen, und liefern fast alle wichtigen N\u00e4hrstoffe. Austern sind ein nat\u00fcrliches Aphrodisiakum und werden h\u00e4ufig verwendet, um den Sexualtrieb und das Verlangen zu steigern, indem sie Dopamin f\u00f6rdern, ein Hormon, das die Libido bei M\u00e4nnern und Frauen steigert. Austern enthalten eine F\u00fclle von Vitaminen und Mineralien, wie <b>Vitamin B12<\/b>, <b>Vitamin D<\/b>, <b>Zink<\/b>, <b>Jod<\/b> und <b>Selen<\/b>.<\/span><\/p>\n<p class=\"p1\"><span class=\"s1\">Neugeborene erhalten in den ersten 24-48 Stunden nach der Geburt Kolostrum von ihren M\u00fcttern, und dieses &#8220;<b>Lebenselixier<\/b>&#8221; liefert nicht nur nat\u00fcrlich produzierte N\u00e4hrstoffe und Antik\u00f6rper in hochkonzentrierter Form, sondern schafft auch die Grundlage f\u00fcr eine lebenslange Immunit\u00e4t. Grasgef\u00fcttertes Rinderkolostrum ist \u00e4u\u00dferst nahrhaft und bietet einzigartige gesundheitliche Vorteile. Es ist vollgepackt mit <b>Immunglobulinen<\/b>, <b>Wachstumsfaktoren<\/b>, <b>N\u00e4hrstoffen<\/b> und <b>Verdauungsenzymen<\/b>, die das Zellwachstum, die Heilung und die Wiederherstellung stimulieren.<\/span><\/p>\n<p class=\"p1\">Mit Gras gef\u00fctterte Rinderorgane liefern eine Vielzahl wichtiger N\u00e4hrstoffe f\u00fcr eine gesunde f\u00f6tale Entwicklung. Sie sind reich an bioverf\u00fcgbaren Vitaminen wie <strong>B12<\/strong>, <strong>A<\/strong>, <strong>B2<\/strong>, <strong>B3<\/strong>, <strong>B5<\/strong>, <strong>B6<\/strong>, <strong>Folat<\/strong> und verschiedene Mineralien wie <strong>H\u00e4m-Eisen<\/strong>, <strong>Selen<\/strong>, <strong>Zink<\/strong>, <strong>Kupfer<\/strong>, <strong>Kalium<\/strong> und <strong>Magnesium<\/strong>. <strong>Folat<\/strong> spielt eine Schl\u00fcsselrolle f\u00fcr das Wachstum und die Entwicklung des F\u00f6tus. Es wird f\u00fcr die Zellteilung ben\u00f6tigt und tr\u00e4gt au\u00dferdem zum Wachstum des m\u00fctterlichen Gewebes w\u00e4hrend der Schwangerschaft, zu einem gesunden Homocysteinstoffwechsel und zur Aminos\u00e4uresynthese bei. Es wird f\u00fcr die Produktion roter Blutk\u00f6rperchen ben\u00f6tigt und unterst\u00fctzt die Entwicklung des Neuralrohrs Ihres Babys zu Gehirn und R\u00fcckenmark. <strong>Ein optimaler Fols\u00e4urespiegel ist sowohl vor als auch w\u00e4hrend der Schwangerschaft wichtig.<\/strong> Eine Supplementierung vor und w\u00e4hrend der Schwangerschaft verringert das Risiko von Neuralrohrdefekten, einschlie\u00dflich Spina bifida und Anenzephalie, erheblich. Denken Sie daran, dass die Organe von Rindern nat\u00fcrlich vorkommendes Folat liefern und nicht synthetische Fols\u00e4ure, die sich strukturell unterscheidet und im K\u00f6rper andere biologische Wirkungen hat.<\/p>\n<p>&gt;<\/p>\n<p class=\"p1\"><strong>Austern-Kolostrum-Kapseln unterst\u00fctzen eine gesunde Schwangerschaft und Fruchtbarkeit<\/strong><\/p>\n<p class=\"p1\">W\u00e4hrend der Schwangerschaft gut ern\u00e4hrt zu sein, ist f\u00fcr die Gesundheit Ihres K\u00f6rpers und des Babys von entscheidender Bedeutung. Sowohl der Bedarf an Makro- als auch an Mikron\u00e4hrstoffen steigt w\u00e4hrend der Schwangerschaft, um die m\u00fctterliche Hom\u00f6ostase aufrechtzuerhalten und gleichzeitig das Wachstum und die Entwicklung des F\u00f6tus zu unterst\u00fctzen. W\u00e4hrend der Schwangerschaft wird mehr Eisen ben\u00f6tigt, um den wachsenden F\u00f6tus und die Plazenta mit mehr Blut und Sauerstoff zu versorgen. Selen ist notwendig f\u00fcr die normale Funktion der m\u00e4nnlichen und weiblichen Fruchtbarkeit. Dar\u00fcber hinaus tr\u00e4gt Selen zum Stoffwechsel der Schilddr\u00fcsenhormone bei und sch\u00fctzt vor Geburtsfehlern und Fehlgeburten. Nat\u00fcrlich sind alle N\u00e4hrstoffe wichtig, aber diese sechs spielen eine Schl\u00fcsselrolle f\u00fcr das Wachstum und die Entwicklung Ihres Babys w\u00e4hrend der Schwangerschaft:<\/p>\n<ul>\n<li><strong>Folat<\/strong> &#8211; die besten Quellen sind Tierlebern. Zum Beispiel Enten-, G\u00e4nse-, Rinder- und Dorschleber. Wir empfehlen nat\u00fcrlich vorkommendes Nahrungsfolat, keine synthetische Fols\u00e4ure.<\/li>\n<li><strong>Eisen<\/strong> &#8211; die beste Art von Eisen ist H\u00e4m-Eisen, das nur in tierischen Produkten enthalten ist. Haupts\u00e4chlich in Fleisch und Organen wie Milz und Leber.<\/li>\n<li><strong>Calcium<\/strong> &#8211; ist der am h\u00e4ufigsten vorkommende Mineralstoff im K\u00f6rper und ist f\u00fcr viele verschiedene Mechanismen und Reaktionen wie Muskelkontraktion, Knochenbildung sowie Enzym- und Hormonfunktion unerl\u00e4sslich. Versuchen Sie, Kalzium aus nat\u00fcrlichen Nahrungsquellen zu beziehen. Es ist vor allem in Milch- und K\u00e4seprodukten enthalten.<\/li>\n<li><strong>Vitamin D3<\/strong> &#8211; das technisch gesehen eher ein Hormon als ein Vitamin ist, ist ein wichtiger N\u00e4hrstoff. Es wird f\u00fcr ein gesundes Immunsystem ben\u00f6tigt, f\u00fcr die richtige Aufnahme von Kalzium und hat eine Reihe von neuroprotektiven Funktionen. Vitamin D3 wird aus Sonnenlicht und tierischen Lebensmitteln (wie Lebertran und fettem Fisch) gewonnen.<\/li>\n<li><strong>DHA<\/strong> (auch bekannt als Omega 3) &#8211; ist wichtig f\u00fcr das Wachstum und die Entwicklung des Gehirns bei S\u00e4uglingen. Omega 3 ist auch f\u00fcr die Aufrechterhaltung einer normalen Gehirnfunktion bei Erwachsenen erforderlich. Omega-Fetts\u00e4uren sind haupts\u00e4chlich in Fisch wie Sardinen, Hering, Makrele und Dorschleber enthalten. Sie sind auch in Fisch\u00f6len wie Sardinen\u00f6l und Lebertran enthalten.<\/li>\n<li><strong>Jod<\/strong> &#8211; wird f\u00fcr die Produktion von m\u00fctterlichen und f\u00f6talen Schilddr\u00fcsenhormonen ben\u00f6tigt, die die Entwicklung des f\u00f6talen Gehirns und Nervensystems regulieren. Jod ist in Seetang und auch in Dorschleber und Milch enthalten.<\/li>\n<\/ul>\n<p><strong>Austern-Kolostrum-Kapseln<\/strong> sorgen f\u00fcr eine gute Fruchtbarkeit der Mutter und eine gute Entwicklung des Babys w\u00e4hrend der Schwangerschaft.<\/p>\n","protected":false},"excerpt":{"rendered":"<p>warum Austern-Kolostrum-Kapseln aus Weiderindern? Traditionelle V\u00f6lker, amerikanische Ureinwohner und fr\u00fche Heiler glaubten, dass der Verzehr von Organen eines gesunden Tieres die Gesundheit des entsprechenden Organs des Menschen st\u00e4rken und unterst\u00fctzen w\u00fcrde. Austern sind wirklich eine Perle in unserer Ern\u00e4hrung. Sie geh\u00f6ren zu den nahrhaftesten Lebensmitteln, die wir essen k\u00f6nnen, und liefern fast alle wichtigen N\u00e4hrstoffe. [&hellip;]<\/p>\n","protected":false},"featured_media":66479,"template":"","meta":{"_acf_changed":false,"inline_featured_image":false},"product_brand":[],"product_cat":[116],"product_tag":[],"class_list":{"0":"post-8248","1":"product","2":"type-product","3":"status-publish","4":"has-post-thumbnail","6":"product_cat-pregnancy-fertility-de","8":"first","9":"instock","10":"taxable","11":"shipping-taxable","12":"purchasable","13":"product-type-simple"},"bundled_by":["8244"],"bundle_stock_status":"instock","bundle_stock_quantity":2,"bundle_virtual":false,"bundle_layout":"","bundle_add_to_cart_form_location":"","bundle_editable_in_cart":false,"bundle_sold_individually_context":"","bundle_item_grouping":"","bundle_min_size":"","bundle_max_size":"","bundle_price":[],"bundled_items":[],"bundle_sell_ids":[],"acf":[],"_links":{"self":[{"href":"https:\/\/nutriest.eu\/de\/wp-json\/wp\/v2\/product\/8248","targetHints":{"allow":["GET"]}}],"collection":[{"href":"https:\/\/nutriest.eu\/de\/wp-json\/wp\/v2\/product"}],"about":[{"href":"https:\/\/nutriest.eu\/de\/wp-json\/wp\/v2\/types\/product"}],"wp:featuredmedia":[{"embeddable":true,"href":"https:\/\/nutriest.eu\/de\/wp-json\/wp\/v2\/media\/66479"}],"wp:attachment":[{"href":"https:\/\/nutriest.eu\/de\/wp-json\/wp\/v2\/media?parent=8248"}],"wp:term":[{"taxonomy":"product_brand","embeddable":true,"href":"https:\/\/nutriest.eu\/de\/wp-json\/wp\/v2\/product_brand?post=8248"},{"taxonomy":"product_cat","embeddable":true,"href":"https:\/\/nutriest.eu\/de\/wp-json\/wp\/v2\/product_cat?post=8248"},{"taxonomy":"product_tag","embeddable":true,"href":"https:\/\/nutriest.eu\/de\/wp-json\/wp\/v2\/product_tag?post=8248"}],"curies":[{"name":"wp","href":"https:\/\/api.w.org\/{rel}","templated":true}]}}