{"id":8247,"date":"2023-04-10T12:03:16","date_gmt":"2023-04-10T09:03:16","guid":{"rendered":"https:\/\/nutriest.eu\/product\/pure-oyster-extract-supplement\/"},"modified":"2025-01-02T15:05:20","modified_gmt":"2025-01-02T13:05:20","slug":"zink-selen-kapseln-austernextrakt","status":"publish","type":"product","link":"https:\/\/nutriest.eu\/de\/products\/zink-selen-kapseln-austernextrakt\/","title":{"rendered":"Zink-Selen-Kapseln aus Austern"},"content":{"rendered":"<p class=\"p1\"><span class=\"s1\">Warum Zink-Selen-Kapseln aus Austern? Austern sind wirklich eine Perle in unserer Ern\u00e4hrung. Sie geh\u00f6ren zu den nahrhaftesten Lebensmitteln, die wir essen k\u00f6nnen, und liefern fast alle wichtigen N\u00e4hrstoffe. Austern werden schon seit Jahrhunderten gegessen und gelten in vielen Teilen der Welt als Delikatesse. Sie sind ein nat\u00fcrliches Aphrodisiakum und werden h\u00e4ufig verwendet, um den Sexualtrieb und das Verlangen zu steigern, indem sie Dopamin, ein Hormon, das die Libido bei M\u00e4nnern und Frauen steigert, ankurbeln.<\/span><\/p>\n<p class=\"p1\"><span class=\"s1\">Die beeindruckenden gesundheitlichen Vorteile von Austern beruhen auf ihrem gro\u00dfen Angebot an essentiellen N\u00e4hrstoffen wie Proteinen, Mineralien, Vitaminen, Omega-3-Fetts\u00e4uren und anderen organischen Verbindungen. Sie sind besonders reich an Vitamin B12, Vitamin D, Zink und Jod.<\/span><\/p>\n<p>Alle Spurenelemente in unserem Nahrungserg\u00e4nzungsmittel sind in signifikanten und dennoch ausgewogenen Konzentrationen vorhanden, so dass sie alle harmonisch zusammenwirken, wie es die Natur vorgesehen hat. Keiner der enthaltenen N\u00e4hrstoffe k\u00f6nnte das nat\u00fcrliche Mineral- und N\u00e4hrstoffgleichgewicht in Ihrem K\u00f6rper st\u00f6ren.<\/p>\n<p class=\"p1\"><span class=\"s1\"><b>Verbesserte Gehirngesundheit<\/b><\/span><\/p>\n<p class=\"p1\"><span class=\"s1\">Austern enthalten mehrere Vitamine und Mineralien, die f\u00fcr die Gesundheit des Gehirns wichtig sind. Dazu geh\u00f6ren Antioxidantien, Fetts\u00e4uren, wie Omega 3 und Vitamin B12. Alle diese N\u00e4hrstoffe sind wichtig f\u00fcr die kognitive Funktion und die Vorbeugung von altersbedingtem Gehirnverfall.<\/span><\/p>\n<p class=\"p1\"><span class=\"s1\"><b>Bessere Gesundheit der Haut<\/b><\/span><\/p>\n<p class=\"p1\"><span class=\"s1\">Austern sind eine gute Quelle f\u00fcr Zink, ein Mineral, das f\u00fcr die Gesundheit der Haut wichtig ist. Zink tr\u00e4gt zur F\u00f6rderung der Kollagenproduktion bei, wodurch die Haut gesund und jung aussieht. Es hilft auch, die Haut vor Sonnensch\u00e4den zu sch\u00fctzen und das Auftreten von Falten zu reduzieren.<\/span><\/p>\n<p class=\"p1\"><span class=\"s1\"><b>Hilft bei der Regulierung des Blutzuckerspiegels<\/b><\/span><\/p>\n<p class=\"p1\"><span class=\"s1\">Austern sind eine gute Quelle f\u00fcr Magnesium, ein Mineral, das nachweislich zur Regulierung des Blutzuckerspiegels beitr\u00e4gt. Magnesium spielt eine Rolle bei der Aufnahme von Glukose. Dies kann dazu beitragen, den Blutzuckerspiegel stabil zu halten und Spannungsspitzen und Abst\u00fcrze zu verhindern.<\/span><\/p>\n<p class=\"p1\"><span class=\"s1\"><b>Erh\u00f6ht die Blutzirkulation<\/b><\/span><\/p>\n<p class=\"p1\"><span class=\"s1\">Austern sind eine gute Quelle f\u00fcr freie Aminos\u00e4uren und Eisen. Der Eisengehalt in 100 g Austern liegt bei etwa 6 mg. Eisen ist ein wichtiger Bestandteil f\u00fcr die Bildung von H\u00e4moglobin und roten Blutk\u00f6rperchen im K\u00f6rper. An\u00e4mie, auch bekannt als Eisenmangel, kann zu M\u00fcdigkeit, kognitiven St\u00f6rungen, Kurzatmigkeit, Magenbeschwerden und allgemeiner Muskelschw\u00e4che f\u00fchren. Ein frischer Vorrat an gesunden Blutzellen im Kreislaufsystem sorgt daf\u00fcr, dass die Organsysteme mit einem hohen Anteil an sauerstoffreichem Blut versorgt werden, um ihre Aktivit\u00e4t zu stimulieren. Dies gew\u00e4hrleistet ihr effizientes Funktionieren und eine Verbesserung der allgemeinen Stoffwechselrate des K\u00f6rpers.<\/span><\/p>\n<p class=\"p1\"><span class=\"s1\"><b>Sexuelle Gesundheit<\/b><\/span><\/p>\n<p class=\"p1\"><span class=\"s1\">Das in Austern enthaltene Zink ist der Grund, warum sie als Aphrodisiakum gelten! Zink hilft dem K\u00f6rper bei der Produktion von Testosteron, einem Hormon, das f\u00fcr die Regulierung der Libido und der sexuellen Funktion von Frauen und M\u00e4nnern ben\u00f6tigt wird. <\/span><\/p>\n","protected":false},"excerpt":{"rendered":"<p>Warum Zink-Selen-Kapseln aus Austern? Austern sind wirklich eine Perle in unserer Ern\u00e4hrung. Sie geh\u00f6ren zu den nahrhaftesten Lebensmitteln, die wir essen k\u00f6nnen, und liefern fast alle wichtigen N\u00e4hrstoffe. Austern werden schon seit Jahrhunderten gegessen und gelten in vielen Teilen der Welt als Delikatesse. Sie sind ein nat\u00fcrliches Aphrodisiakum und werden h\u00e4ufig verwendet, um den Sexualtrieb [&hellip;]<\/p>\n","protected":false},"featured_media":673,"template":"","meta":{"_acf_changed":false,"inline_featured_image":false},"product_brand":[],"product_cat":[102,101,116],"product_tag":[],"class_list":{"0":"post-8247","1":"product","2":"type-product","3":"status-publish","4":"has-post-thumbnail","6":"product_cat-energy-de","7":"product_cat-immunity-boost-de","8":"product_cat-pregnancy-fertility-de","10":"first","11":"instock","12":"taxable","13":"shipping-taxable","14":"purchasable","15":"product-type-simple"},"bundled_by":["8245","8244"],"bundle_stock_status":"instock","bundle_stock_quantity":0,"bundle_virtual":false,"bundle_layout":"","bundle_add_to_cart_form_location":"","bundle_editable_in_cart":false,"bundle_sold_individually_context":"","bundle_item_grouping":"","bundle_min_size":"","bundle_max_size":"","bundle_price":[],"bundled_items":[],"bundle_sell_ids":[],"acf":[],"_links":{"self":[{"href":"https:\/\/nutriest.eu\/de\/wp-json\/wp\/v2\/product\/8247","targetHints":{"allow":["GET"]}}],"collection":[{"href":"https:\/\/nutriest.eu\/de\/wp-json\/wp\/v2\/product"}],"about":[{"href":"https:\/\/nutriest.eu\/de\/wp-json\/wp\/v2\/types\/product"}],"wp:featuredmedia":[{"embeddable":true,"href":"https:\/\/nutriest.eu\/de\/wp-json\/wp\/v2\/media\/673"}],"wp:attachment":[{"href":"https:\/\/nutriest.eu\/de\/wp-json\/wp\/v2\/media?parent=8247"}],"wp:term":[{"taxonomy":"product_brand","embeddable":true,"href":"https:\/\/nutriest.eu\/de\/wp-json\/wp\/v2\/product_brand?post=8247"},{"taxonomy":"product_cat","embeddable":true,"href":"https:\/\/nutriest.eu\/de\/wp-json\/wp\/v2\/product_cat?post=8247"},{"taxonomy":"product_tag","embeddable":true,"href":"https:\/\/nutriest.eu\/de\/wp-json\/wp\/v2\/product_tag?post=8247"}],"curies":[{"name":"wp","href":"https:\/\/api.w.org\/{rel}","templated":true}]}}