{"id":8236,"date":"2023-04-10T12:04:46","date_gmt":"2023-04-10T09:04:46","guid":{"rendered":"https:\/\/nutriest.eu\/product\/organic-whey-protein-powder\/"},"modified":"2026-01-24T10:03:18","modified_gmt":"2026-01-24T08:03:18","slug":"bio-molkenprotein-pulver","status":"publish","type":"product","link":"https:\/\/nutriest.eu\/de\/products\/bio-molkenprotein-pulver\/","title":{"rendered":"Bio-Molkenprotein-Pulver"},"content":{"rendered":"<div class=\"product-single__description rte\">\n<p><strong>100% Bio-Molkenprotein von Rindern aus Weidehaltung &#8211;<\/strong> aus der Milch von K\u00fchen, die frei auf n\u00e4hrstoffreichen, gr\u00fcnen Weiden grasen. Diese K\u00fche, die in kleinen Betrieben auf der Weide gehalten werden, sind ges\u00fcnder und gl\u00fccklicher. Unsere Bio-Molke wird nur minimal verarbeitet und enth\u00e4lt mehr Antioxidantien und andere N\u00e4hrstoffe als herk\u00f6mmliche Molkenpulver.<\/p>\n<p>Ohne Zusatz von Sojalecithin, S\u00fc\u00dfungsmitteln, Konservierungsmitteln oder F\u00fcllstoffen. Den meisten herk\u00f6mmlichen Molkepulvern auf dem Markt sind ungesunde k\u00fcnstliche Inhaltsstoffe zugesetzt.<\/p>\n<p><strong>Gesundheitliche Vorteile von Molkenprotein<\/strong><\/p>\n<ul>\n<li>Muskelaufbau<\/li>\n<li>Unterst\u00fctzt die Regeneration<\/li>\n<li>Wundheilung<\/li>\n<li>Nahrungserg\u00e4nzung<\/li>\n<li>Verbessert das S\u00e4ttigungsgef\u00fchl<\/li>\n<li>Erh\u00f6ht die Knochen-Mineral-Dichte<\/li>\n<li>St\u00e4rkt die Immunit\u00e4t<\/li>\n<\/ul>\n<p>Molkenprotein gilt als eines der wichtigsten und wirksamsten Erg\u00e4nzungsmittel in der Sportern\u00e4hrung. Tats\u00e4chlich ist es eines der am besten untersuchten Nahrungserg\u00e4nzungsmittel der Welt.<\/p>\n<p>Ganz gleich, ob Sie Sportler, Bodybuilder oder gelegentlicher Fitness-Enthusiast sind, ein hochwertiges Proteinpulver sollte der Eckpfeiler Ihrer Nahrungserg\u00e4nzung sein. Es ist eine hochwertige Proteinquelle, die vom menschlichen K\u00f6rper effizient aufgenommen und verwertet wird.<\/p>\n<p>Molkenprotein enth\u00e4lt alle neun essentiellen Aminos\u00e4uren, die schnell absorbiert werden. Es kann Ihnen helfen, Ihre Kraft zu steigern und Muskelmasse aufzubauen, w\u00e4hrend Sie gleichzeitig K\u00f6rperfett verlieren. Molke ist jedoch mehr als nur Protein. Sie enth\u00e4lt viele andere N\u00e4hrstoffe, von denen einige eine starke biologische Wirkung haben.<\/p>\n<p><strong>Verbessert das Muskelwachstum und die Trainingsleistung<\/strong><\/p>\n<p>Die Einnahme von Molkenproteinen in Verbindung mit Widerstandstraining kann dazu beitragen, die Muskelproteinsynthese zu verbessern und die fettfreie Muskelmasse und Kraft zu erh\u00f6hen.<\/p>\n<ul>\n<li>Es liefert Protein und alle essentiellen Aminos\u00e4uren, die als Bausteine f\u00fcr ein verst\u00e4rktes Muskelwachstum dienen.<\/li>\n<li>Es erh\u00f6ht die Freisetzung von anabolen Hormonen, die das Muskelwachstum stimulieren k\u00f6nnen, wie z.B. Insulin.<\/li>\n<li>Es ist reich an der Aminos\u00e4ure Leucin, von der bekannt ist, dass sie die Muskelproteinsynthese auf molekularer Ebene stimuliert.<\/li>\n<li>Molkenprotein wird im Vergleich zu anderen Proteinarten schnell absorbiert und verwertet.<\/li>\n<\/ul>\n<p>Es hat sich gezeigt, dass Molkenprotein das Muskelwachstum besonders effektiv f\u00f6rdert, wenn es direkt vor, nach oder w\u00e4hrend des Trainings verzehrt wird.<\/p>\n<p><strong>Molkenprotein verbessert das S\u00e4ttigungsgef\u00fchl und kann die Gewichtsabnahme f\u00f6rdern<\/strong><\/p>\n<p>Es hat sich gezeigt, dass Eiwei\u00df die Gewichtsabnahme unterst\u00fctzt, indem es den Stoffwechsel ankurbelt und den Appetit reduziert. Molkenprotein kann dazu beitragen, den Fettabbau zu f\u00f6rdern und gleichzeitig die magere Muskelmasse zu erhalten.<\/p>\n<p><strong>Molkenprotein-Nahrungserg\u00e4nzungsmittel k\u00f6nnen helfen, Ihre Protein- und BCAA-Zufuhr zu erh\u00f6hen<\/strong><\/p>\n<p>Proteine sind die wichtigsten Bausteine des menschlichen K\u00f6rpers. Aus Proteinen werden verschiedene wichtige Dinge wie Sehnen, Organe und Haut, aber auch Hormone, Enzyme und Neurotransmitter hergestellt. Grasgef\u00fctterte Molke ist besonders reich an wichtigen verzweigtkettigen Aminos\u00e4uren (BCAAs) wie Leucin, Valin und Isoleucin und enth\u00e4lt au\u00dferdem einen hohen Anteil an Cystein. Leucin ist die anabolste (wachstumsf\u00f6rderndste) Aminos\u00e4ure, und Cystein kann dazu beitragen, den Spiegel eines starken zellul\u00e4ren Antioxidans, des Glutathions, zu erh\u00f6hen.<\/p>\n<p><strong>St\u00e4rkt das Immunsystem und die Widerstandskraft gegen Infektionen<\/strong><\/p>\n<p>Die in der Molke enthaltenen Proteine und Peptide bieten probiotische Unterst\u00fctzung. Sie verst\u00e4rken die antibakterielle Aktivit\u00e4t bestimmter Enzyme und unterdr\u00fccken sogar sch\u00e4dliche Bakterien, die sich in Ihrem Darm ansiedeln wollen. Diese Verbindungen zeigen positive Ergebnisse beim Schutz vor verschiedenen Infektionen und Viren.<\/p>\n<p><strong>Immunoglobuline:<\/strong> Diese Bestandteile sind an mehreren Funktionen des Immunsystems beteiligt &#8211; wie der Stimulierung von Immunzellen, der Neutralisierung von Viren und Bakterien.<\/p>\n<p><strong>Lactoferrin:<\/strong> hilft zu regulieren, wie gut Eisen aus dem Darm in den K\u00f6rper aufgenommen wird. Es sch\u00fctzt auch vor Infektionen durch Bakterien, Viren und Pilze, indem es ihnen die N\u00e4hrstoffe entzieht und ihr Wachstum hemmt.<\/p>\n<p><strong>Beta-Lactoglobulin:<\/strong> Beta-Lactoglobulin dient als eine Verbindung, die Aminos\u00e4uren f\u00fcr die Funktion des Immunsystems liefert.<\/p>\n<p><strong>Sialins\u00e4ure:<\/strong> Diese Verbindung reduziert das Risiko einiger Arten von Darminfektionen wie E. Coli und H. Pylori. Au\u00dferdem wird der Sialins\u00e4ure eine pr\u00e4biotische Wirkung zugeschrieben, die das Wachstum von Bifidobakterien und Laktobazillen anregt, die oft als &#8220;freundliche Bakterien&#8221; bezeichnet werden.<\/p>\n<p><strong>Glutamin:<\/strong> Es ist ein Baustein von Eiwei\u00df und ein wichtiger Bestandteil des Immunsystems. Glutamin ist auch eine wichtige Brennstoffquelle f\u00fcr Immunzellen, einschlie\u00dflich der wei\u00dfen Blutk\u00f6rperchen.<\/p>\n<p><strong>Selen:<\/strong>\u00a0Ein Mikron\u00e4hrstoff, von dem bekannt ist, dass er den oxidativen Stress senkt, was Entz\u00fcndungen reduziert und die Immunit\u00e4t st\u00e4rkt.<\/p>\n<\/div>\n","protected":false},"excerpt":{"rendered":"<p>100% Bio-Molkenprotein von Rindern aus Weidehaltung &#8211; aus der Milch von K\u00fchen, die frei auf n\u00e4hrstoffreichen, gr\u00fcnen Weiden grasen. Diese K\u00fche, die in kleinen Betrieben auf der Weide gehalten werden, sind ges\u00fcnder und gl\u00fccklicher. Unsere Bio-Molke wird nur minimal verarbeitet und enth\u00e4lt mehr Antioxidantien und andere N\u00e4hrstoffe als herk\u00f6mmliche Molkenpulver. Ohne Zusatz von Sojalecithin, S\u00fc\u00dfungsmitteln, [&hellip;]<\/p>\n","protected":false},"featured_media":68636,"template":"","meta":{"_acf_changed":false,"inline_featured_image":false},"product_brand":[],"product_cat":[112],"product_tag":[],"class_list":{"0":"post-8236","1":"product","2":"type-product","3":"status-publish","4":"has-post-thumbnail","6":"product_cat-muscle-growth-de","8":"first","9":"instock","10":"taxable","11":"shipping-taxable","12":"purchasable","13":"product-type-simple"},"bundled_by":["8245"],"bundle_stock_status":"instock","bundle_stock_quantity":-8,"bundle_virtual":false,"bundle_layout":"","bundle_add_to_cart_form_location":"","bundle_editable_in_cart":false,"bundle_sold_individually_context":"","bundle_item_grouping":"","bundle_min_size":"","bundle_max_size":"","bundle_price":[],"bundled_items":[],"bundle_sell_ids":[],"acf":[],"_links":{"self":[{"href":"https:\/\/nutriest.eu\/de\/wp-json\/wp\/v2\/product\/8236","targetHints":{"allow":["GET"]}}],"collection":[{"href":"https:\/\/nutriest.eu\/de\/wp-json\/wp\/v2\/product"}],"about":[{"href":"https:\/\/nutriest.eu\/de\/wp-json\/wp\/v2\/types\/product"}],"wp:featuredmedia":[{"embeddable":true,"href":"https:\/\/nutriest.eu\/de\/wp-json\/wp\/v2\/media\/68636"}],"wp:attachment":[{"href":"https:\/\/nutriest.eu\/de\/wp-json\/wp\/v2\/media?parent=8236"}],"wp:term":[{"taxonomy":"product_brand","embeddable":true,"href":"https:\/\/nutriest.eu\/de\/wp-json\/wp\/v2\/product_brand?post=8236"},{"taxonomy":"product_cat","embeddable":true,"href":"https:\/\/nutriest.eu\/de\/wp-json\/wp\/v2\/product_cat?post=8236"},{"taxonomy":"product_tag","embeddable":true,"href":"https:\/\/nutriest.eu\/de\/wp-json\/wp\/v2\/product_tag?post=8236"}],"curies":[{"name":"wp","href":"https:\/\/api.w.org\/{rel}","templated":true}]}}