{"id":8233,"date":"2023-04-10T12:05:31","date_gmt":"2023-04-10T09:05:31","guid":{"rendered":"https:\/\/nutriest.eu\/product\/grass-fed-desiccated-beef-spleen-supplement\/"},"modified":"2024-10-08T15:23:14","modified_gmt":"2024-10-08T12:23:14","slug":"rindermilz-supplement-eisenmangelanaemie","status":"publish","type":"product","link":"https:\/\/nutriest.eu\/de\/products\/rindermilz-supplement-eisenmangelanaemie\/","title":{"rendered":"Rindermilz-Supplement gegen Eisenmangel-An\u00e4mie"},"content":{"rendered":"<p><strong>Warum ein Rindermilz-Supplement gegen Eisenmangelan\u00e4mie? Traditionelle V\u00f6lker, amerikanische Ureinwohner und fr\u00fche Heiler glaubten, dass der Verzehr der Organe eines gesunden Tieres die Gesundheit des entsprechenden Organs des Individuums st\u00e4rken und unterst\u00fctzen w\u00fcrde.<\/strong><\/p>\n<p class=\"p1\">Grasgef\u00fctterte Rindermilz ist daf\u00fcr bekannt, eine der <strong>besten Quellen f\u00fcr H\u00e4m-Eisen<\/strong> zu sein. Sie liefert au\u00dferdem hoch bioverf\u00fcgbare N\u00e4hrstoffe wie Vitamin B12, Vitamin C, Riboflavin, Niacin, Selen, Eisen, Kupfer, Phosphor, Selen und Zink. Eisen ist ein essentieller Mineralstoff, den Ihr K\u00f6rper braucht, um richtig zu funktionieren. Es ist von entscheidender Bedeutung, dass Sie es in ausreichender Menge mit Ihrer t\u00e4glichen Ern\u00e4hrung aufnehmen. H\u00e4m-Eisen ist eine bessere Form von Eisen als Nicht-H\u00e4m-Eisen, da <strong>bis zu 40% davon leicht vom K\u00f6rper aufgenommen werden k\u00f6nnen<\/strong>. Eisen tr\u00e4gt zur Aufrechterhaltung vieler lebenswichtiger Funktionen im K\u00f6rper bei, darunter allgemeine Energie und Konzentration, gastrointestinale Prozesse, Unterst\u00fctzung des Immunsystems und Temperaturregulierung. Eisen ist auch an der \u00dcbertragung von Sauerstoff von der Lunge zum Gewebe beteiligt.<\/p>\n<p>&gt;<\/p>\n<p class=\"p1\">Als Bestandteil einiger Proteine und Enzyme spielt es auch eine Rolle im Stoffwechsel. Eine gro\u00dfe Anzahl von Enzymen ben\u00f6tigt Eisen als Cofaktor f\u00fcr ihre Funktion. Zu den wichtigsten geh\u00f6ren die Enzyme, die am Stoffwechselweg beteiligt sind, der N\u00e4hrstoffe in Energie umwandelt.<\/p>\n<p class=\"p1\"><strong>Beugt Eisenmangelan\u00e4mie vor<\/strong><\/p>\n<p class=\"p1\">Eisen ist ein Mineral, das f\u00fcr Ihre Gesundheit lebenswichtig ist. Alle Ihre Zellen enthalten irgendeine Form von Eisen, aber das meiste Eisen in Ihrem K\u00f6rper befindet sich in Ihren roten Blutk\u00f6rperchen. Die roten Blutk\u00f6rperchen transportieren den Sauerstoff von der Lunge zu den Organen und Geweben in Ihrem K\u00f6rper. Zu den Symptomen einer Eisenmangelan\u00e4mie k\u00f6nnen M\u00fcdigkeit und Energielosigkeit, Kurzatmigkeit und auff\u00e4llige Herzschl\u00e4ge (Herzklopfen) geh\u00f6ren. Eisen aus der Nahrung, Vitamin B-12 und Fols\u00e4ure sind f\u00fcr die Bildung roter Blutk\u00f6rperchen unerl\u00e4sslich, die in der Milz und der Leber von Rindern reichlich vorhanden sind.<\/p>\n<p class=\"p1\">Dieser kraftvolle Mineralstoff ist auch f\u00fcr die kognitiven Funktionen wichtig, einschlie\u00dflich Ged\u00e4chtnis, Probleml\u00f6sung, Konzentration und Lernen. Ihr Gehirn wird seine beste Leistung erbringen, wenn Ihr K\u00f6rper gen\u00fcgend Eisen enth\u00e4lt. Beugen Sie jetzt <strong>Eisenmangelan\u00e4mie<\/strong> vor.<\/p>\n","protected":false},"excerpt":{"rendered":"<p>Warum ein Rindermilz-Supplement gegen Eisenmangelan\u00e4mie? Traditionelle V\u00f6lker, amerikanische Ureinwohner und fr\u00fche Heiler glaubten, dass der Verzehr der Organe eines gesunden Tieres die Gesundheit des entsprechenden Organs des Individuums st\u00e4rken und unterst\u00fctzen w\u00fcrde. Grasgef\u00fctterte Rindermilz ist daf\u00fcr bekannt, eine der besten Quellen f\u00fcr H\u00e4m-Eisen zu sein. Sie liefert au\u00dferdem hoch bioverf\u00fcgbare N\u00e4hrstoffe wie Vitamin B12, Vitamin [&hellip;]<\/p>\n","protected":false},"featured_media":670,"template":"","meta":{"_acf_changed":false,"inline_featured_image":false},"product_brand":[],"product_cat":[114,102,116],"product_tag":[],"class_list":{"0":"post-8233","1":"product","2":"type-product","3":"status-publish","4":"has-post-thumbnail","6":"product_cat-iron-deficiency-de","7":"product_cat-energy-de","8":"product_cat-pregnancy-fertility-de","10":"first","11":"instock","12":"taxable","13":"shipping-taxable","14":"purchasable","15":"product-type-simple"},"bundled_by":["8244"],"bundle_stock_status":"instock","bundle_stock_quantity":null,"bundle_virtual":false,"bundle_layout":"","bundle_add_to_cart_form_location":"","bundle_editable_in_cart":false,"bundle_sold_individually_context":"","bundle_item_grouping":"","bundle_min_size":"","bundle_max_size":"","bundle_price":[],"bundled_items":[],"bundle_sell_ids":[],"acf":[],"_links":{"self":[{"href":"https:\/\/nutriest.eu\/de\/wp-json\/wp\/v2\/product\/8233","targetHints":{"allow":["GET"]}}],"collection":[{"href":"https:\/\/nutriest.eu\/de\/wp-json\/wp\/v2\/product"}],"about":[{"href":"https:\/\/nutriest.eu\/de\/wp-json\/wp\/v2\/types\/product"}],"wp:featuredmedia":[{"embeddable":true,"href":"https:\/\/nutriest.eu\/de\/wp-json\/wp\/v2\/media\/670"}],"wp:attachment":[{"href":"https:\/\/nutriest.eu\/de\/wp-json\/wp\/v2\/media?parent=8233"}],"wp:term":[{"taxonomy":"product_brand","embeddable":true,"href":"https:\/\/nutriest.eu\/de\/wp-json\/wp\/v2\/product_brand?post=8233"},{"taxonomy":"product_cat","embeddable":true,"href":"https:\/\/nutriest.eu\/de\/wp-json\/wp\/v2\/product_cat?post=8233"},{"taxonomy":"product_tag","embeddable":true,"href":"https:\/\/nutriest.eu\/de\/wp-json\/wp\/v2\/product_tag?post=8233"}],"curies":[{"name":"wp","href":"https:\/\/api.w.org\/{rel}","templated":true}]}}