{"id":8231,"date":"2023-04-10T12:06:09","date_gmt":"2023-04-10T09:06:09","guid":{"rendered":"https:\/\/nutriest.eu\/product\/grass-fed-desiccated-beef-ultimate-organ-complex\/"},"modified":"2024-03-07T13:52:19","modified_gmt":"2024-03-07T11:52:19","slug":"vitamin-b-kapseln-organe-weiderinder","status":"publish","type":"product","link":"https:\/\/nutriest.eu\/de\/products\/vitamin-b-kapseln-organe-weiderinder\/","title":{"rendered":"Vitamin-B-Kapseln aus den Organen von Weiderindern"},"content":{"rendered":"<p><strong>Warum Vitamin-B-Kapseln von Weiderindern? Traditionelle V\u00f6lker, amerikanische Ureinwohner und fr\u00fche Heiler glaubten, dass der Verzehr der Organe eines gesunden Tieres die Gesundheit des entsprechenden Organs des Individuums st\u00e4rken und unterst\u00fctzen w\u00fcrde.<\/strong><\/p>\n<p class=\"p1\">Organe von Weiderindern, also Rinder, die den Tag Gras fressen, sind eine konzentrierte Quelle f\u00fcr so gut wie jeden N\u00e4hrstoff, einschlie\u00dflich wichtiger Vitamine, Mineralien, gesunder Fette und essentieller Aminos\u00e4uren. Sie liefern eine reiche Menge an bioverf\u00fcgbaren Vitaminen des <strong>B-Komplexes<\/strong> wie <strong>B1<\/strong>, <strong>B2<\/strong>, <strong>B3<\/strong>, <strong>B6<\/strong>, <strong>B12<\/strong> und <strong>Folat<\/strong>. Rinderorgane sind auch eine wichtige Quelle f\u00fcr <strong>Cholin<\/strong> und enthalten eine Vielzahl leicht absorbierbarer Mineralstoffe, darunter <strong>Eisen<\/strong>, <strong>Zink<\/strong>, <strong>Selen<\/strong>, <strong>Kupfer<\/strong>, <strong>Phosphor<\/strong>, <strong>Kalium<\/strong>, <strong>Magnesium<\/strong> und <strong>Mangan<\/strong>. Jedes Organ f\u00fcgt sein einzigartiges N\u00e4hrstoffprofil hinzu und das Ganze bildet eine dynamische Beziehung. Der Organkomplex sorgt f\u00fcr ein Gleichgewicht und maximiert sowohl den N\u00e4hrstoffgehalt als auch die Verf\u00fcgbarkeit f\u00fcr eine bestm\u00f6gliche Ern\u00e4hrung und Aufnahme. Eine ausreichende, qualitativ hochwertige und gut absorbierbare Zufuhr von N\u00e4hrstoffen ist f\u00fcr die k\u00f6rperliche und geistige Gesundheit von entscheidender Bedeutung.<\/p>\n<p>&gt;<br \/>\n<strong>Die gesundheitlichen Vorteile von Rinderorganen:<\/strong><\/p>\n<ul>\n<li><strong>Unterst\u00fctzt die Gesundheit von Gehirn, Herz und Leber.<\/strong><\/li>\n<li><strong>F\u00fcr starke Gelenke, Bindegewebe und gesundes Kollagen.<\/strong><\/li>\n<li><strong>F\u00fcr gesunde Haut, Zahnfleisch, Z\u00e4hne und Haare.<\/strong><\/li>\n<li><strong>Unterst\u00fctzt Energie, Stoffwechsel, Stimmung und Methylierung.<\/strong><\/li>\n<li><strong>Unterst\u00fctzt ein starkes Immunsystem.<\/strong><\/li>\n<\/ul>\n<p><strong>F\u00f6rdert die Gewichtsabnahme<\/strong><\/p>\n<p>Ges\u00fcndere Ern\u00e4hrungsgewohnheiten und die Aufnahme einer ausreichenden Menge an essentiellen N\u00e4hrstoffen sind f\u00fcr die \u00dcberwindung von Fettleibigkeit unerl\u00e4sslich.<br \/>\nRinderorgane sind die konzentrierteste Quelle f\u00fcr so ziemlich jeden N\u00e4hrstoff, einschlie\u00dflich wichtiger Vitamine, Mineralien und essentieller Aminos\u00e4uren.<br \/>\nEine ausreichende, qualitativ hochwertige und gut absorbierbare Zufuhr von Mineralien und Vitaminen reduziert den Hei\u00dfhunger und f\u00f6rdert die Gewichtsabnahme.<\/p>\n<p>Stellen Sie sicher, dass Sie gen\u00fcgend essentielle N\u00e4hrstoffe zu sich nehmen, damit Ihr K\u00f6rper zufrieden ist und Sie nicht \u00fcberm\u00e4\u00dfig naschen m\u00fcssen.<\/p>\n<p><b>Lindert Angstzust\u00e4nde und Depressionen<\/b><\/p>\n<p>Der Organ-Komplex von Rindfleisch aus Weidehaltung ist sehr reich an B-Vitaminen. B-Vitamine sind eine Gruppe von acht verschiedenen N\u00e4hrstoffen, die zusammenarbeiten, um viele Prozesse im K\u00f6rper zu steuern, darunter auch den Stresspegel. Eine <a class=\"js-no-transition\" title=\"Studie zu Angstzust\u00e4nden mit Nahrungserg\u00e4nzungsmitteln\" href=\"https:\/\/content.sciendo.com\/view\/journals\/jbcr\/10\/2\/article-p140.xml\" target=\"_blank\" rel=\"noopener\">Studie aus dem Jahr 2017<\/a> ergab, dass Menschen, die einen niedrigeren Vitamin B-12-Spiegel im Blut hatten, eher an Depressionen oder Angstzust\u00e4nden litten.<\/p>\n<p>Vitamin B-12 und andere B-Vitamine spielen eine Rolle bei der Produktion von Gehirnchemikalien, die die Stimmung und andere Gehirnfunktionen beeinflussen.<br \/>\n<b><\/b><\/p>\n<p><b>Vitamin-B-Kapseln erh\u00f6hen das Energieniveau<\/b><\/p>\n<p><b><\/b>Unsere Vitamin-B-Kapseln sind zudem reich an H\u00e4m-Eisen, Fols\u00e4ure und Coq10 &#8211; das sind N\u00e4hrstoffe, die dazu beitragen, Ihr Energieniveau zu erh\u00f6hen und Ihre Wachsamkeit und Konzentration den ganzen Tag \u00fcber aufrechtzuerhalten.<\/p>\n","protected":false},"excerpt":{"rendered":"<p>Warum Vitamin-B-Kapseln von Weiderindern? Traditionelle V\u00f6lker, amerikanische Ureinwohner und fr\u00fche Heiler glaubten, dass der Verzehr der Organe eines gesunden Tieres die Gesundheit des entsprechenden Organs des Individuums st\u00e4rken und unterst\u00fctzen w\u00fcrde. Organe von Weiderindern, also Rinder, die den Tag Gras fressen, sind eine konzentrierte Quelle f\u00fcr so gut wie jeden N\u00e4hrstoff, einschlie\u00dflich wichtiger Vitamine, Mineralien, [&hellip;]<\/p>\n","protected":false},"featured_media":66437,"template":"","meta":{"_acf_changed":false,"inline_featured_image":false},"product_brand":[],"product_cat":[103,102,111,101],"product_tag":[],"class_list":{"0":"post-8231","1":"product","2":"type-product","3":"status-publish","4":"has-post-thumbnail","6":"product_cat-anxiety-stress-de","7":"product_cat-energy-de","8":"product_cat-weight-loss-de","9":"product_cat-immunity-boost-de","11":"first","12":"instock","13":"taxable","14":"shipping-taxable","15":"purchasable","16":"product-type-simple"},"bundled_by":["8186"],"bundle_stock_status":"instock","bundle_stock_quantity":null,"bundle_virtual":false,"bundle_layout":"","bundle_add_to_cart_form_location":"","bundle_editable_in_cart":false,"bundle_sold_individually_context":"","bundle_item_grouping":"","bundle_min_size":"","bundle_max_size":"","bundle_price":[],"bundled_items":[],"bundle_sell_ids":[],"acf":[],"_links":{"self":[{"href":"https:\/\/nutriest.eu\/de\/wp-json\/wp\/v2\/product\/8231","targetHints":{"allow":["GET"]}}],"collection":[{"href":"https:\/\/nutriest.eu\/de\/wp-json\/wp\/v2\/product"}],"about":[{"href":"https:\/\/nutriest.eu\/de\/wp-json\/wp\/v2\/types\/product"}],"wp:featuredmedia":[{"embeddable":true,"href":"https:\/\/nutriest.eu\/de\/wp-json\/wp\/v2\/media\/66437"}],"wp:attachment":[{"href":"https:\/\/nutriest.eu\/de\/wp-json\/wp\/v2\/media?parent=8231"}],"wp:term":[{"taxonomy":"product_brand","embeddable":true,"href":"https:\/\/nutriest.eu\/de\/wp-json\/wp\/v2\/product_brand?post=8231"},{"taxonomy":"product_cat","embeddable":true,"href":"https:\/\/nutriest.eu\/de\/wp-json\/wp\/v2\/product_cat?post=8231"},{"taxonomy":"product_tag","embeddable":true,"href":"https:\/\/nutriest.eu\/de\/wp-json\/wp\/v2\/product_tag?post=8231"}],"curies":[{"name":"wp","href":"https:\/\/api.w.org\/{rel}","templated":true}]}}