{"id":8222,"date":"2023-04-10T12:07:00","date_gmt":"2023-04-10T09:07:00","guid":{"rendered":"https:\/\/nutriest.eu\/product\/hydrolyzed-grass-fed-beef-collagen-peptides\/"},"modified":"2024-10-08T15:52:10","modified_gmt":"2024-10-08T12:52:10","slug":"kollagenpeptide-weiderinder","status":"publish","type":"product","link":"https:\/\/nutriest.eu\/de\/products\/kollagenpeptide-weiderinder\/","title":{"rendered":"Hydrolysierte Kollagen-Peptide aus Weiderindern"},"content":{"rendered":"<p class=\"p1\"><strong><span class=\"s1\">Wozu Kollagenpeptide? Kollagen ist das am h\u00e4ufigsten vorkommende Protein bei Menschen und anderen S\u00e4ugetieren und macht 25 bis 35 Prozent des gesamten Proteingehalts Ihres K\u00f6rpers aus.<\/span><\/strong><\/p>\n<p class=\"p1\"><span class=\"s1\">Rinderkollagen besteht haupts\u00e4chlich aus Typ-1- und Typ-3-Kollagen, zwei Arten von Kollagen, die eine wichtige Rolle beim Wachstum und bei der Reparatur von Knochen, Sehnen, B\u00e4ndern und Haut spielen.<\/span><\/p>\n<p class=\"p1\"><span class=\"s1\">Rinderkollagen liefert 18 Aminos\u00e4uren, darunter 8 essentielle Aminos\u00e4uren. Es ist eine hervorragende Quelle f\u00fcr Glycin und Prolin. Glycin ist eine Schl\u00fcsselkomponente bei der Bildung von DNA- und RNA-Str\u00e4ngen. Der Aufbau gesunder DNA- und RNA-Str\u00e4nge ist notwendig, um die Grundlage f\u00fcr funktionierende K\u00f6rperzellen zu schaffen. Prolin unterst\u00fctzt die F\u00e4higkeit des K\u00f6rpers, selbst Kollagen zu produzieren. Rinderkollagen enth\u00e4lt au\u00dferdem Glutamin, das bei der Vorbeugung von Darmentz\u00fcndungen hilfreich ist, und Arginin, das zur Verbesserung der sportlichen Leistung beitr\u00e4gt.<\/span><\/p>\n<p class=\"p1\"><span class=\"s1\">Kollagen findet sich auch in Knorpel, Knochen, Blutgef\u00e4\u00dfen, der Hornhaut des Auges, Bandscheiben, Muskeln und dem Magen-Darm-Trakt. Die Kollagenproduktion nimmt mit dem Alter ab, und das Protein kann durch Rauchen und andere Formen von oxidativem Stress gesch\u00e4digt werden.<\/span><\/p>\n<p class=\"p1\"><strong><span class=\"s1\">Kollagen hat viele wichtige Funktionen, wie zum Beispiel:<\/span><\/strong><\/p>\n<ul class=\"ul1\">\n<li class=\"li1\"><span class=\"s1\">Sorgt f\u00fcr die Festigkeit, Struktur und Elastizit\u00e4t Ihrer Haut.<\/span><\/li>\n<li class=\"li1\"><span class=\"s1\">Linderung von Gelenkschmerzen zur St\u00e4rkung Ihrer Knochen.<\/span><\/li>\n<li class=\"li1\"><span class=\"s1\">Hilfreich bei der Reduzierung von Falten<\/span><\/li>\n<li class=\"li1\"><span class=\"s1\">Verbesserung der Darmgesundheit<\/span><\/li>\n<li class=\"li1\"><span class=\"s1\">Erh\u00f6hung der Muskelmasse<\/span><\/li>\n<\/ul>\n<p class=\"p1\"><span class=\"s1\"><b>Kollagenpeptide zur Verbesserung der Hautgesundheit<\/b><\/span><\/p>\n<p class=\"p1\"><span class=\"s1\">Kollagen ist ein wichtiger Bestandteil Ihrer Haut. Es spielt eine Rolle bei der St\u00e4rkung der Haut und verleiht ihr Elastizit\u00e4t und Feuchtigkeit. Kollagenpr\u00e4parate helfen Ihrem K\u00f6rper, selbst Kollagen zu produzieren, indem sie die Produktion von Elastin und Fibrillin anregen.<\/span><\/p>\n<p class=\"p1\"><span class=\"s1\"><b>Reduzierte Gelenkschmerzen<\/b><\/span><\/p>\n<p class=\"p1\"><span class=\"s1\">Collagen tr\u00e4gt dazu bei, die Gesundheit Ihres Knorpels zu erhalten, ein Gewebe, das Ihre Gelenke sch\u00fctzt. Rinderkollagen stimuliert die Knorpelproduktion, die Ihre Gelenke sch\u00fctzt und Gelenkschmerzen lindert, Osteoarthritis und rheumatoide Arthritis lindert.<\/span><\/p>\n<p class=\"p1\"><span class=\"s1\"><b>Bessere Erholung<\/b><\/span><\/p>\n<p class=\"p1\"><span class=\"s1\">Die Aminos\u00e4uren im Kollagen k\u00f6nnen dazu beitragen, die sportliche Erholung zu beschleunigen, wenn sie nach dem Training eingenommen werden. Kollagen-Proteinpulver ist aufgrund seines hohen Gehalts an Aminos\u00e4uren, die den Proteinbedarf des K\u00f6rpers w\u00e4hrend und nach dem Training decken, ideal f\u00fcr die Zeit nach dem Training geeignet.<\/span><\/p>\n<p class=\"p1\"><span class=\"s1\"><b>Steigerte Kraft<\/b><\/span><\/p>\n<p class=\"p1\"><span class=\"s1\">Grasgef\u00fctterte Kollagen-Peptide enthalten Glycin und Arginin, die die Synthese von Kreatin unterst\u00fctzen. Es hilft Ihren Muskeln, bei schwerem Heben oder hochintensivem Training Energie zu produzieren.<\/span><\/p>\n<p class=\"p1\"><span class=\"s1\"><b>Kollagenpeptide verbessern die Schlafqualit\u00e4t<\/b><\/span><\/p>\n<p class=\"p1\"><span class=\"s1\">Niemand hat Freude an unruhigen N\u00e4chten. Kollagen kann Ihnen zu einem tieferen Schlaf verhelfen. Glycin, die am h\u00e4ufigsten vorkommende Aminos\u00e4ure in Kollagen, hat eine beruhigende Wirkung auf Ihr Gehirn und k\u00f6nnte Ihnen helfen, leichter einzuschlafen und durchzuschlafen.<\/span><\/p>\n","protected":false},"excerpt":{"rendered":"<p>Wozu Kollagenpeptide? Kollagen ist das am h\u00e4ufigsten vorkommende Protein bei Menschen und anderen S\u00e4ugetieren und macht 25 bis 35 Prozent des gesamten Proteingehalts Ihres K\u00f6rpers aus. Rinderkollagen besteht haupts\u00e4chlich aus Typ-1- und Typ-3-Kollagen, zwei Arten von Kollagen, die eine wichtige Rolle beim Wachstum und bei der Reparatur von Knochen, Sehnen, B\u00e4ndern und Haut spielen. Rinderkollagen [&hellip;]<\/p>\n","protected":false},"featured_media":68631,"template":"","meta":{"_acf_changed":false,"inline_featured_image":false},"product_brand":[],"product_cat":[118,112],"product_tag":[],"class_list":{"0":"post-8222","1":"product","2":"type-product","3":"status-publish","4":"has-post-thumbnail","6":"product_cat-joint-pain-de","7":"product_cat-muscle-growth-de","9":"first","10":"instock","11":"taxable","12":"shipping-taxable","13":"purchasable","14":"product-type-simple"},"bundled_by":["8186"],"bundle_stock_status":"instock","bundle_stock_quantity":null,"bundle_virtual":false,"bundle_layout":"","bundle_add_to_cart_form_location":"","bundle_editable_in_cart":false,"bundle_sold_individually_context":"","bundle_item_grouping":"","bundle_min_size":"","bundle_max_size":"","bundle_price":[],"bundled_items":[],"bundle_sell_ids":[],"acf":[],"_links":{"self":[{"href":"https:\/\/nutriest.eu\/de\/wp-json\/wp\/v2\/product\/8222","targetHints":{"allow":["GET"]}}],"collection":[{"href":"https:\/\/nutriest.eu\/de\/wp-json\/wp\/v2\/product"}],"about":[{"href":"https:\/\/nutriest.eu\/de\/wp-json\/wp\/v2\/types\/product"}],"wp:featuredmedia":[{"embeddable":true,"href":"https:\/\/nutriest.eu\/de\/wp-json\/wp\/v2\/media\/68631"}],"wp:attachment":[{"href":"https:\/\/nutriest.eu\/de\/wp-json\/wp\/v2\/media?parent=8222"}],"wp:term":[{"taxonomy":"product_brand","embeddable":true,"href":"https:\/\/nutriest.eu\/de\/wp-json\/wp\/v2\/product_brand?post=8222"},{"taxonomy":"product_cat","embeddable":true,"href":"https:\/\/nutriest.eu\/de\/wp-json\/wp\/v2\/product_cat?post=8222"},{"taxonomy":"product_tag","embeddable":true,"href":"https:\/\/nutriest.eu\/de\/wp-json\/wp\/v2\/product_tag?post=8222"}],"curies":[{"name":"wp","href":"https:\/\/api.w.org\/{rel}","templated":true}]}}