{"id":8220,"date":"2023-04-10T12:07:46","date_gmt":"2023-04-10T09:07:46","guid":{"rendered":"https:\/\/nutriest.eu\/product\/deep-ocean-mineral-drops\/"},"modified":"2024-09-21T19:55:35","modified_gmt":"2024-09-21T16:55:35","slug":"tiefsee-mineralstoffe-tropfen","status":"publish","type":"product","link":"https:\/\/nutriest.eu\/de\/products\/tiefsee-mineralstoffe-tropfen\/","title":{"rendered":"Tiefsee-Mineralstoffe-Tropfen"},"content":{"rendered":"<div class=\"product-single__description rte\">\n<p><b>Tiefseewasser<\/b> enth\u00e4lt von Natur aus mehr als 70 Mineralien und Spurenelemente wie Magnesium, Natrium, Kalium, Kalzium, Jod, Bor, Eisen, Zink, Selen, Kupfer, Molybd\u00e4n, Mangan, Chrom, Silber, Schwefel, Phosphor und viele andere essentielle Mineralien sowie Mikro- und Makroelemente, die f\u00fcr das Funktionieren des K\u00f6rpers wichtig sind. Diese nat\u00fcrlichen Tiefsee-Mineralstoffe und Spurenelemente sind hoch bioverf\u00fcgbar und werden vom K\u00f6rper leicht aufgenommen.<\/p>\n<p class=\"p1\"><b>Gesundheitsvorteile von Tiefsee-Mineralstoffe-Tropfen:<\/b><\/p>\n<ul>\n<li>Stimulieren die Kollagenbildung<\/li>\n<li>Verbesserung der Hautfeuchtigkeit<\/li>\n<li>Gibt unseren Organen, Geweben und Knochen Struktur<\/li>\n<li>Hilft, den Fl\u00fcssigkeitshaushalt aufrechtzuerhalten<\/li>\n<li>Aufrechterhaltung des pH-Gleichgewichts<\/li>\n<li>Beschleunigen Sie die Erholung von k\u00f6rperlicher Erm\u00fcdung<\/li>\n<li>Steigert die sportliche Leistung<\/li>\n<li>Senken Sie das Risiko von Osteoporose<\/li>\n<\/ul>\n<p class=\"p1\"><b>Gesundheitliche Vorteile von Magnesium<\/b><\/p>\n<p class=\"p1\">Magnesium ist das am vierth\u00e4ufigsten vorkommende Mineral in Ihrem K\u00f6rper. Magnesium ist ein Kofaktor bei mehr als 600 zellul\u00e4ren Reaktionen, die verschiedene biochemische Reaktionen im K\u00f6rper regulieren, darunter die Proteinsynthese, die Muskel- und Nervenfunktion, die Blutzuckerkontrolle und die Unterst\u00fctzung des Immunsystems. Ein niedriger Magnesiumspiegel wird mit vielen negativen gesundheitlichen Folgen in Verbindung gebracht, darunter Schw\u00e4che, Depressionen, Bluthochdruck und Herzerkrankungen.<\/p>\n<p class=\"p1\"><b>Erhaltet einen gesunden Herzschlag<\/b><\/p>\n<p class=\"p1\">Magnesium hilft Ihren Herzmuskelzellen, sich zu entspannen, indem es dem Kalzium entgegenwirkt, das die Kontraktionen anregt. Diese Mineralien konkurrieren miteinander, um sicherzustellen, dass sich die Herzzellen richtig zusammenziehen und entspannen.<\/p>\n<p>&gt;<\/p>\n<p class=\"p1\"><b>Verbessert die Schlafqualit\u00e4t<\/b><\/p>\n<p class=\"p1\">Schlechter Schlaf ist weltweit ein gro\u00dfes Gesundheitsproblem. Die Einnahme von Magnesium verbessert die Schlafqualit\u00e4t, indem es Ihrem Geist und K\u00f6rper hilft, sich zu entspannen. Studien haben ergeben, dass Magnesium die Melatoninproduktion regulieren kann, ein Hormon, das den Schlafzyklus Ihres K\u00f6rpers steuert. Magnesium bindet nachweislich auch an GABA-Rezeptoren (Gamma-Aminobutters\u00e4ure). Das Hormon GABA tr\u00e4gt zur Beruhigung der Nervenaktivit\u00e4t bei, die sonst den Schlaf beeintr\u00e4chtigen kann.<\/p>\n<p class=\"p1\"><b>Magnesium kann helfen, Migr\u00e4ne vorzubeugen<\/b><\/p>\n<p class=\"p1\">Einige Studien haben gezeigt, dass ein niedriger Magnesiumspiegel Migr\u00e4ne verursachen kann. Das liegt daran, dass ein Magnesiummangel die Neurotransmitter beeinflussen und die Verengung der Blutgef\u00e4\u00dfe einschr\u00e4nken kann, Faktoren, die \u00c4rzte mit Migr\u00e4ne in Verbindung bringen. In einer 12-w\u00f6chigen Studie hatten Migr\u00e4nepatienten, die ein Magnesiumpr\u00e4parat mit 600 mg einnahmen, 42 % weniger Migr\u00e4neanf\u00e4lle als vor der Einnahme des Minerals. Die Erh\u00f6hung Ihrer Magnesiumzufuhr k\u00f6nnte ein einfacher Weg sein, um Migr\u00e4ne zu bek\u00e4mpfen.<\/p>\n<p class=\"p1\"><b>Magnesium bek\u00e4mpft Depressionen und \u00c4ngste<\/b><\/p>\n<p class=\"p1\">Magnesium spielt eine entscheidende Rolle f\u00fcr die Gehirnfunktion und die Stimmung, und ein niedriger Magnesiumspiegel wird mit einem erh\u00f6hten Risiko f\u00fcr Depressionen und Angstzust\u00e4nde in Verbindung gebracht. Eine Analyse von mehr als 8.800 Menschen ergab, dass Menschen unter 65 Jahren mit der geringsten Magnesiumzufuhr ein 22% h\u00f6heres Risiko f\u00fcr Depressionen hatten. Einige Forscher sind der Meinung, dass der niedrige Magnesiumgehalt in der modernen Ern\u00e4hrung die Ursache f\u00fcr viele F\u00e4lle von Depressionen und psychischen Erkrankungen sein k\u00f6nnte.<\/p>\n<p class=\"p1\"><b>Magnesium bessert PMS-Symptome<\/b><\/p>\n<p class=\"p1\">Das pr\u00e4menstruelle Syndrom (PMS) ist eine der h\u00e4ufigsten St\u00f6rungen bei Frauen im geb\u00e4rf\u00e4higen Alter. Zu den Symptomen geh\u00f6ren Wassereinlagerungen, Unterleibskr\u00e4mpfe, M\u00fcdigkeit und Reizbarkeit. Magnesium verbessert nachweislich die Stimmung, reduziert Wassereinlagerungen und andere Symptome bei Frauen mit PMS.<\/p>\n<p>&gt;<\/p>\n<p class=\"p1\"><b>Entz\u00fcndungshemmende Wirkung<\/b><\/p>\n<p class=\"p1\">Eine geringe Magnesiumzufuhr wird mit chronischen Entz\u00fcndungen in Verbindung gebracht, die eine der Ursachen f\u00fcr Alterung, Fettleibigkeit und chronische Krankheiten sind. In einer Studie wurde festgestellt, dass Kinder mit den niedrigsten Magnesiumwerten im Blut die h\u00f6chsten Werte des Entz\u00fcndungsmarkers CRP aufwiesen. Sie wiesen auch h\u00f6here Blutzucker-, Insulin- und Triglyceridwerte auf. Magnesiumpr\u00e4parate k\u00f6nnen CRP und andere Entz\u00fcndungsmarker bei \u00e4lteren Erwachsenen, \u00fcbergewichtigen Menschen und Menschen mit Pr\u00e4diabetes senken. Magnesium senkt nachweislich Entz\u00fcndungsmarker und bietet verschiedene andere Vorteile.<\/p>\n<p class=\"p1\"><b>Reduziert die Insulinresistenz<\/b><\/p>\n<p class=\"p1\">Insulinresistenz ist eine der Hauptursachen f\u00fcr das metabolische Syndrom und Diabetes Typ 2. Sie ist gekennzeichnet durch eine gest\u00f6rte F\u00e4higkeit der Muskel- und Leberzellen, den Zucker aus dem Blutkreislauf richtig aufzunehmen. Magnesium spielt bei diesem Prozess eine wichtige Rolle, und viele Menschen mit metabolischem Syndrom leiden unter einem Mangel. Eine Erh\u00f6hung der Magnesiumzufuhr kann helfen. Eine Studie ergab, dass die Einnahme dieses Minerals die Insulinresistenz und den Blutzuckerspiegel reduzierte, selbst bei Menschen mit normalen Blutwerten.<\/p>\n<p>Genie\u00dfen Sie alle Vorteile der Mineralstoffe durch Einnahme dieses Mineralstoffe-Komplexes in Tropfenform.<\/p>\n<\/div>\n<div class=\"collapsibles-wrapper collapsibles-wrapper--border-bottom\"><\/div>\n","protected":false},"excerpt":{"rendered":"<p>Tiefseewasser enth\u00e4lt von Natur aus mehr als 70 Mineralien und Spurenelemente wie Magnesium, Natrium, Kalium, Kalzium, Jod, Bor, Eisen, Zink, Selen, Kupfer, Molybd\u00e4n, Mangan, Chrom, Silber, Schwefel, Phosphor und viele andere essentielle Mineralien sowie Mikro- und Makroelemente, die f\u00fcr das Funktionieren des K\u00f6rpers wichtig sind. Diese nat\u00fcrlichen Tiefsee-Mineralstoffe und Spurenelemente sind hoch bioverf\u00fcgbar und werden [&hellip;]<\/p>\n","protected":false},"featured_media":17918,"template":"","meta":{"_acf_changed":false,"inline_featured_image":false},"product_brand":[],"product_cat":[103,102,101,116],"product_tag":[],"class_list":{"0":"post-8220","1":"product","2":"type-product","3":"status-publish","4":"has-post-thumbnail","6":"product_cat-anxiety-stress-de","7":"product_cat-energy-de","8":"product_cat-immunity-boost-de","9":"product_cat-pregnancy-fertility-de","11":"first","12":"instock","13":"taxable","14":"shipping-taxable","15":"purchasable","16":"product-type-simple"},"bundled_by":[],"bundle_stock_status":"instock","bundle_stock_quantity":0,"bundle_virtual":false,"bundle_layout":"","bundle_add_to_cart_form_location":"","bundle_editable_in_cart":false,"bundle_sold_individually_context":"","bundle_item_grouping":"","bundle_min_size":"","bundle_max_size":"","bundle_price":[],"bundled_items":[],"bundle_sell_ids":[],"acf":[],"_links":{"self":[{"href":"https:\/\/nutriest.eu\/de\/wp-json\/wp\/v2\/product\/8220","targetHints":{"allow":["GET"]}}],"collection":[{"href":"https:\/\/nutriest.eu\/de\/wp-json\/wp\/v2\/product"}],"about":[{"href":"https:\/\/nutriest.eu\/de\/wp-json\/wp\/v2\/types\/product"}],"wp:featuredmedia":[{"embeddable":true,"href":"https:\/\/nutriest.eu\/de\/wp-json\/wp\/v2\/media\/17918"}],"wp:attachment":[{"href":"https:\/\/nutriest.eu\/de\/wp-json\/wp\/v2\/media?parent=8220"}],"wp:term":[{"taxonomy":"product_brand","embeddable":true,"href":"https:\/\/nutriest.eu\/de\/wp-json\/wp\/v2\/product_brand?post=8220"},{"taxonomy":"product_cat","embeddable":true,"href":"https:\/\/nutriest.eu\/de\/wp-json\/wp\/v2\/product_cat?post=8220"},{"taxonomy":"product_tag","embeddable":true,"href":"https:\/\/nutriest.eu\/de\/wp-json\/wp\/v2\/product_tag?post=8220"}],"curies":[{"name":"wp","href":"https:\/\/api.w.org\/{rel}","templated":true}]}}