{"id":8218,"date":"2023-04-10T12:08:48","date_gmt":"2023-04-10T09:08:48","guid":{"rendered":"https:\/\/nutriest.eu\/product\/grass-fed-desiccated-beef-heart-supplement\/"},"modified":"2024-04-20T13:54:02","modified_gmt":"2024-04-20T10:54:02","slug":"herz-kreislauf-staerken-rinderherz","status":"publish","type":"product","link":"https:\/\/nutriest.eu\/de\/products\/herz-kreislauf-staerken-rinderherz\/","title":{"rendered":"Herz-Kreislauf st\u00e4rken mit Rinderherz-Supplement"},"content":{"rendered":"<p><strong>Warum Herz-Kreislauf st\u00e4rken mit einem Rinderherz-Supplement? Traditionelle V\u00f6lker, amerikanische Ureinwohner und fr\u00fche Heiler glaubten, dass der Verzehr von Organen eines gesunden Tieres die Gesundheit des entsprechenden Organs des Menschen st\u00e4rkt und unterst\u00fctzt.<\/strong><\/p>\n<p>Rinderherz aus Weidehaltung ist eine gute Quelle f\u00fcr Eisen, Zink, Selen und B-Vitamine, aber was das Herz wirklich auszeichnet, ist sein Gehalt an dem Supern\u00e4hrstoff CoQ10. CoQ10 ist 10-mal wirksamer als Vitamin E und damit eines der st\u00e4rksten verf\u00fcgbaren Antioxidantien. CoQ10 ist wichtig f\u00fcr die Energieproduktion und die Vorbeugung von oxidativem Stress. Das Herz enth\u00e4lt au\u00dferdem doppelt so viel Kollagen und Elastin wie normales Fleisch, d.h. es ist reich an den Aminos\u00e4uren Glycin und Prolin, die f\u00fcr die Gesundheit des Bindegewebes, der Gelenke und der Verdauung wichtig sind. Glycin f\u00f6rdert auch die Reparatur und das Wachstum der Muskeln, indem es den Kreatinspiegel erh\u00f6ht und die Aussch\u00fcttung des menschlichen Wachstumshormons aus der Hirnanhangdr\u00fcse reguliert. Diese wunderbare Aminos\u00e4ure ist auch entscheidend f\u00fcr das gesunde Funktionieren des zentralen Nervensystems.<\/p>\n<p><strong>Herz-Kreislauf st\u00e4rken &#8211; mit unserem Rinderherz-Supplement<\/strong><\/p>\n<p>Die Gesundheit Ihres Herzens k\u00f6nnen Sie mit den richtigen N\u00e4hrstoffen aufrechterhalten. Studien zeigen, dass eine nat\u00fcrliche CoQ10-Erg\u00e4nzung bei der Behandlung und dem Management von Herz-Kreislauf-Erkrankungen n\u00fctzlich sein k\u00f6nnte, insbesondere bei der Verbesserung der Symptome von Herzversagen. CoQ10 h\u00e4lt die Blutgef\u00e4\u00dfe gesund, indem es die Zellen mit au\u00dferordentlichen Mengen an Energie versorgt, um Tag und Nacht in Gang zu bleiben.<\/p>\n<p><strong>Reduziert Entz\u00fcndungen<\/strong><\/p>\n<p>Der gr\u00f6\u00dfte Teil des entz\u00fcndungshemmenden CoQ10 im K\u00f6rper ist im Herzen konzentriert. Antioxidantien, wie CoQ10, begrenzen den oxidativen Stress, der andernfalls zu Zellsch\u00e4den, unerw\u00fcnschten Immunreaktionen und Entz\u00fcndungen f\u00fchren kann. Chronische Entz\u00fcndungen sind bekannterma\u00dfen die Ursache vieler Krankheiten, darunter Herzkrankheiten, Fettleibigkeit, Typ-2-Diabetes, Katarakte, Alzheimer, Parkinson und Krebs. Die Einnahme von CoQ10 kann die Funktionen der Mitochondrien verbessern, oxidative Sch\u00e4den begrenzen und Entz\u00fcndungen kontrollieren. Herz-Kreislauf st\u00e4rken war noch nie so einfach wie mit unserem Rinderherz-Supplement.<\/p>\n","protected":false},"excerpt":{"rendered":"<p>Warum Herz-Kreislauf st\u00e4rken mit einem Rinderherz-Supplement? Traditionelle V\u00f6lker, amerikanische Ureinwohner und fr\u00fche Heiler glaubten, dass der Verzehr von Organen eines gesunden Tieres die Gesundheit des entsprechenden Organs des Menschen st\u00e4rkt und unterst\u00fctzt. Rinderherz aus Weidehaltung ist eine gute Quelle f\u00fcr Eisen, Zink, Selen und B-Vitamine, aber was das Herz wirklich auszeichnet, ist sein Gehalt an [&hellip;]<\/p>\n","protected":false},"featured_media":66518,"template":"","meta":{"_acf_changed":false,"inline_featured_image":false},"product_brand":[],"product_cat":[102],"product_tag":[],"class_list":{"0":"post-8218","1":"product","2":"type-product","3":"status-publish","4":"has-post-thumbnail","6":"product_cat-energy-de","8":"first","9":"instock","10":"taxable","11":"shipping-taxable","12":"purchasable","13":"product-type-simple"},"bundled_by":[],"bundle_stock_status":"instock","bundle_stock_quantity":null,"bundle_virtual":false,"bundle_layout":"","bundle_add_to_cart_form_location":"","bundle_editable_in_cart":false,"bundle_sold_individually_context":"","bundle_item_grouping":"","bundle_min_size":"","bundle_max_size":"","bundle_price":[],"bundled_items":[],"bundle_sell_ids":[],"acf":[],"_links":{"self":[{"href":"https:\/\/nutriest.eu\/de\/wp-json\/wp\/v2\/product\/8218","targetHints":{"allow":["GET"]}}],"collection":[{"href":"https:\/\/nutriest.eu\/de\/wp-json\/wp\/v2\/product"}],"about":[{"href":"https:\/\/nutriest.eu\/de\/wp-json\/wp\/v2\/types\/product"}],"wp:featuredmedia":[{"embeddable":true,"href":"https:\/\/nutriest.eu\/de\/wp-json\/wp\/v2\/media\/66518"}],"wp:attachment":[{"href":"https:\/\/nutriest.eu\/de\/wp-json\/wp\/v2\/media?parent=8218"}],"wp:term":[{"taxonomy":"product_brand","embeddable":true,"href":"https:\/\/nutriest.eu\/de\/wp-json\/wp\/v2\/product_brand?post=8218"},{"taxonomy":"product_cat","embeddable":true,"href":"https:\/\/nutriest.eu\/de\/wp-json\/wp\/v2\/product_cat?post=8218"},{"taxonomy":"product_tag","embeddable":true,"href":"https:\/\/nutriest.eu\/de\/wp-json\/wp\/v2\/product_tag?post=8218"}],"curies":[{"name":"wp","href":"https:\/\/api.w.org\/{rel}","templated":true}]}}