{"id":8216,"date":"2023-04-10T12:09:21","date_gmt":"2023-04-10T09:09:21","guid":{"rendered":"https:\/\/nutriest.eu\/product\/grass-fed-desiccated-beef-lung-supplement\/"},"modified":"2024-03-07T13:52:08","modified_gmt":"2024-03-07T11:52:08","slug":"haem-eisenkapseln-rinderlungen-supplement-weiderinder","status":"publish","type":"product","link":"https:\/\/nutriest.eu\/de\/products\/haem-eisenkapseln-rinderlungen-supplement-weiderinder\/","title":{"rendered":"H\u00e4m-Eisenkapseln aus der Rinderlunge von Weiderindern"},"content":{"rendered":"<p><strong>Warum H\u00e4m-Eisenkapseln aus der Rinderlunge von Weiderindern? Traditionelle V\u00f6lker, amerikanische Ureinwohner und fr\u00fche Heiler glaubten, dass der Verzehr der Organe eines gesunden Tieres die Gesundheit des entsprechenden Organs des Individuums st\u00e4rken und unterst\u00fctzen w\u00fcrde.<\/strong><\/p>\n<p><span class=\"s1\">Die Rinderlunge von Weiderindern ist reich an Vitaminen und Mineralien. Sie ist eine hervorragende Quelle f\u00fcr Vitamin B12. Au\u00dferdem enth\u00e4lt es Mineralien wie H\u00e4m-Eisen, Kupfer und Selen. Vitamin B12 tr\u00e4gt zu einer normalen Funktion des Nervensystems und zur Bildung roter Blutk\u00f6rperchen bei und hilft, M\u00fcdigkeit und Ersch\u00f6pfung zu verringern. Selen ist ein essentieller Mineralstoff, der f\u00fcr viele k\u00f6rperliche Prozesse wichtig ist, darunter die kognitive Funktion, ein gesundes Immunsystem und die Fruchtbarkeit bei M\u00e4nnern und Frauen. Selen tr\u00e4gt auch zum Stoffwechsel der Schilddr\u00fcsenhormone bei. Vitamin A h\u00e4lt das Augenlicht und die Haut gesund. Kupfer tr\u00e4gt zu einer normalen Funktion des Immunsystems und zum Transport von Eisen im K\u00f6rper bei.<\/span><\/p>\n<p class=\"p1\"><span class=\"s1\">H\u00e4m-Eisen ist im Vergleich zu Nicht-H\u00e4m-Eisen eine bessere Form von Eisen, da <b>bis zu 40% davon leicht vom K\u00f6rper aufgenommen werden k\u00f6nnen<\/b>. Eisen tr\u00e4gt zur Aufrechterhaltung vieler lebenswichtiger Funktionen im K\u00f6rper bei, darunter allgemeine Energie und Konzentration, gastrointestinale Prozesse, Unterst\u00fctzung des Immunsystems und Temperaturregulierung. Eisen ist auch an der \u00dcbertragung von Sauerstoff von der Lunge zum Gewebe beteiligt. Genie\u00dfen Sie alle Vorteile von Eisen mit unseren H\u00e4m-Eisenkapseln, die zudem mit weiteren Vitaminen aufwarten wie Vitamin A, B1, B3, B12.<\/span><\/p>\n","protected":false},"excerpt":{"rendered":"<p>Warum H\u00e4m-Eisenkapseln aus der Rinderlunge von Weiderindern? Traditionelle V\u00f6lker, amerikanische Ureinwohner und fr\u00fche Heiler glaubten, dass der Verzehr der Organe eines gesunden Tieres die Gesundheit des entsprechenden Organs des Individuums st\u00e4rken und unterst\u00fctzen w\u00fcrde. Die Rinderlunge von Weiderindern ist reich an Vitaminen und Mineralien. Sie ist eine hervorragende Quelle f\u00fcr Vitamin B12. Au\u00dferdem enth\u00e4lt es [&hellip;]<\/p>\n","protected":false},"featured_media":661,"template":"","meta":{"_acf_changed":false,"inline_featured_image":false},"product_brand":[],"product_cat":[114],"product_tag":[],"class_list":{"0":"post-8216","1":"product","2":"type-product","3":"status-publish","4":"has-post-thumbnail","6":"product_cat-iron-deficiency-de","8":"first","9":"instock","10":"taxable","11":"shipping-taxable","12":"purchasable","13":"product-type-simple"},"bundled_by":[],"bundle_stock_status":"instock","bundle_stock_quantity":null,"bundle_virtual":false,"bundle_layout":"","bundle_add_to_cart_form_location":"","bundle_editable_in_cart":false,"bundle_sold_individually_context":"","bundle_item_grouping":"","bundle_min_size":"","bundle_max_size":"","bundle_price":[],"bundled_items":[],"bundle_sell_ids":[],"acf":[],"_links":{"self":[{"href":"https:\/\/nutriest.eu\/de\/wp-json\/wp\/v2\/product\/8216","targetHints":{"allow":["GET"]}}],"collection":[{"href":"https:\/\/nutriest.eu\/de\/wp-json\/wp\/v2\/product"}],"about":[{"href":"https:\/\/nutriest.eu\/de\/wp-json\/wp\/v2\/types\/product"}],"wp:featuredmedia":[{"embeddable":true,"href":"https:\/\/nutriest.eu\/de\/wp-json\/wp\/v2\/media\/661"}],"wp:attachment":[{"href":"https:\/\/nutriest.eu\/de\/wp-json\/wp\/v2\/media?parent=8216"}],"wp:term":[{"taxonomy":"product_brand","embeddable":true,"href":"https:\/\/nutriest.eu\/de\/wp-json\/wp\/v2\/product_brand?post=8216"},{"taxonomy":"product_cat","embeddable":true,"href":"https:\/\/nutriest.eu\/de\/wp-json\/wp\/v2\/product_cat?post=8216"},{"taxonomy":"product_tag","embeddable":true,"href":"https:\/\/nutriest.eu\/de\/wp-json\/wp\/v2\/product_tag?post=8216"}],"curies":[{"name":"wp","href":"https:\/\/api.w.org\/{rel}","templated":true}]}}