{"id":8214,"date":"2023-04-10T12:10:02","date_gmt":"2023-04-10T09:10:02","guid":{"rendered":"https:\/\/nutriest.eu\/product\/organic-grass-fed-desiccated-beef-organ-complex-powder\/"},"modified":"2024-03-07T13:52:05","modified_gmt":"2024-03-07T11:52:05","slug":"mikronaehrstoffe-komplex-pulver-weiderinder","status":"publish","type":"product","link":"https:\/\/nutriest.eu\/de\/products\/mikronaehrstoffe-komplex-pulver-weiderinder\/","title":{"rendered":"Mikron\u00e4hrstoffe-Komplex aus Weiderindern"},"content":{"rendered":"<p><strong>Warum einen Mikron\u00e4hrstoffe-Komplex aus Weiderindern? Traditionelle V\u00f6lker, amerikanische Ureinwohner und fr\u00fche Heiler glaubten, dass der Verzehr von Organen eines gesunden Tieres die Gesundheit des entsprechenden Organs des Individuums st\u00e4rken und unterst\u00fctzen w\u00fcrde.<\/strong><\/p>\n<p>Die Organe von grasgef\u00fcttertem Rindfleisch sind unbestreitbar Superfoods. Sie liefern eine gro\u00dfe Vielfalt an hoch bioverf\u00fcgbaren N\u00e4hrstoffen. Sie sind reich an Vitaminen wie <strong>B12, A, E, D3, K2 und CoQ10<\/strong>, verschiedenen Mineralien wie <strong>Eisen, Selen, Zink, Kupfer, Kalium, Magnesium und Omega-3- und Omega-6-Fetts\u00e4uren<\/strong> in idealer Balance. Die Kombination von Organen erweitert synergetisch das N\u00e4hrstoffspektrum und hilft bei der Aufnahme. Jedes Organ f\u00fcgt sein einzigartiges N\u00e4hrstoffprofil hinzu und das Ganze bildet eine dynamische Beziehung. Organmischungen sorgen f\u00fcr ein Gleichgewicht und maximieren sowohl den N\u00e4hrstoffgehalt als auch die Verf\u00fcgbarkeit, um den h\u00f6chstm\u00f6glichen N\u00e4hrwert zu erzielen. Organe von gesunden Bio-Tieren st\u00e4rken die Gesundheit Ihrer jeweiligen Organe sowie das allgemeine Wohlbefinden und die Vitalit\u00e4t Ihres gesamten K\u00f6rpers.<\/p>\n<p><strong>Gesundheitsvorteile von Organen aus Weiderindern:<\/strong><\/p>\n<ul>\n<li><strong>Unterst\u00fctzt die Gesundheit von Gehirn, Herz und Leber.<\/strong><\/li>\n<li><strong>F\u00fcr starke Gelenke, Bindegewebe und gesundes Kollagen.<\/strong><\/li>\n<li><strong>F\u00fcr gesunde Haut, Zahnfleisch, Z\u00e4hne und Haare.<\/strong><\/li>\n<li><strong>Unterst\u00fctzt Energie, Stoffwechsel, Stimmung und Methylierung.<\/strong><\/li>\n<li><strong><strong>Unterst\u00fctzt ein starkes Immunsystem.<\/strong><\/strong><\/li>\n<\/ul>\n<p><strong>F\u00f6rdert die Gewichtsabnahme<\/strong><\/p>\n<p>Ges\u00fcndere Ern\u00e4hrungsgewohnheiten und die Aufnahme einer ausreichenden Menge an essentiellen N\u00e4hrstoffen sind entscheidend f\u00fcr die \u00dcberwindung von \u00dcbergewicht.<br \/>\nRinderorgane sind die konzentrierteste Quelle f\u00fcr so ziemlich jeden N\u00e4hrstoff, einschlie\u00dflich wichtiger Vitamine, Mineralien und essentieller Aminos\u00e4uren.<br \/>\nEine ausreichende, qualitativ hochwertige und gut absorbierbare Zufuhr von Mineralien und Vitaminen reduziert den Hei\u00dfhunger und f\u00f6rdert die Gewichtsabnahme.<\/p>\n<p>Stellen Sie sicher, dass Sie gen\u00fcgend essentielle N\u00e4hrstoffe zu sich nehmen, damit Ihr K\u00f6rper satt wird und Sie nicht \u00fcberm\u00e4\u00dfig naschen.<\/p>\n<p><b>Lindert Angstzust\u00e4nde und Depressionen<\/b><\/p>\n<p>Der Organkomplex von Gras gef\u00fcttertem Rindfleisch ist sehr reich an B-Vitaminen. B-Vitamine sind eine Gruppe von acht verschiedenen N\u00e4hrstoffen, die zusammenarbeiten, um viele Prozesse im K\u00f6rper zu steuern, darunter auch den Stresspegel. Eine <a class=\"js-no-transition\" title=\"Studie zu Angstzust\u00e4nden mit Nahrungserg\u00e4nzungsmitteln\" href=\"https:\/\/content.sciendo.com\/view\/journals\/jbcr\/10\/2\/article-p140.xml\" target=\"_blank\" rel=\"noopener\">Studie aus dem Jahr 2017<\/a> ergab, dass Menschen, die einen niedrigeren Vitamin B-12-Spiegel im Blut hatten, eher an Depressionen oder Angstzust\u00e4nden litten. Vitamin B-12 und andere B-Vitamine spielen eine Rolle bei der Produktion von Gehirnchemikalien, die die Stimmung und andere Gehirnfunktionen beeinflussen.<br \/>\n<b><br \/>\nErh\u00f6ht das Energieniveau<br \/>\n<\/b><br \/>\nDer Organkomplex von Rindfleisch aus Weidehaltung ist reich an H\u00e4m-Eisen, Vitamin B12, Fols\u00e4ure und Coq10 &#8211; dies sind N\u00e4hrstoffe, die dazu beitragen, Ihr Energieniveau zu steigern und Ihre Wachsamkeit und Konzentration den ganzen Tag \u00fcber aufrechtzuerhalten. Der Mikron\u00e4hrstoffe-Komplex bietet Ihnen alle Vitamine und N\u00e4hrstoffe, die Sie f\u00fcr Ihre gute Gesundheit ben\u00f6tigen.<\/p>\n","protected":false},"excerpt":{"rendered":"<p>Warum einen Mikron\u00e4hrstoffe-Komplex aus Weiderindern? Traditionelle V\u00f6lker, amerikanische Ureinwohner und fr\u00fche Heiler glaubten, dass der Verzehr von Organen eines gesunden Tieres die Gesundheit des entsprechenden Organs des Individuums st\u00e4rken und unterst\u00fctzen w\u00fcrde. Die Organe von grasgef\u00fcttertem Rindfleisch sind unbestreitbar Superfoods. Sie liefern eine gro\u00dfe Vielfalt an hoch bioverf\u00fcgbaren N\u00e4hrstoffen. Sie sind reich an Vitaminen wie [&hellip;]<\/p>\n","protected":false},"featured_media":21601,"template":"","meta":{"_acf_changed":false,"inline_featured_image":false},"product_brand":[],"product_cat":[102,101],"product_tag":[],"class_list":{"0":"post-8214","1":"product","2":"type-product","3":"status-publish","4":"has-post-thumbnail","6":"product_cat-energy-de","7":"product_cat-immunity-boost-de","9":"first","10":"instock","11":"taxable","12":"shipping-taxable","13":"purchasable","14":"product-type-simple"},"bundled_by":[],"bundle_stock_status":"instock","bundle_stock_quantity":null,"bundle_virtual":false,"bundle_layout":"","bundle_add_to_cart_form_location":"","bundle_editable_in_cart":false,"bundle_sold_individually_context":"","bundle_item_grouping":"","bundle_min_size":"","bundle_max_size":"","bundle_price":[],"bundled_items":[],"bundle_sell_ids":[],"acf":[],"_links":{"self":[{"href":"https:\/\/nutriest.eu\/de\/wp-json\/wp\/v2\/product\/8214","targetHints":{"allow":["GET"]}}],"collection":[{"href":"https:\/\/nutriest.eu\/de\/wp-json\/wp\/v2\/product"}],"about":[{"href":"https:\/\/nutriest.eu\/de\/wp-json\/wp\/v2\/types\/product"}],"wp:featuredmedia":[{"embeddable":true,"href":"https:\/\/nutriest.eu\/de\/wp-json\/wp\/v2\/media\/21601"}],"wp:attachment":[{"href":"https:\/\/nutriest.eu\/de\/wp-json\/wp\/v2\/media?parent=8214"}],"wp:term":[{"taxonomy":"product_brand","embeddable":true,"href":"https:\/\/nutriest.eu\/de\/wp-json\/wp\/v2\/product_brand?post=8214"},{"taxonomy":"product_cat","embeddable":true,"href":"https:\/\/nutriest.eu\/de\/wp-json\/wp\/v2\/product_cat?post=8214"},{"taxonomy":"product_tag","embeddable":true,"href":"https:\/\/nutriest.eu\/de\/wp-json\/wp\/v2\/product_tag?post=8214"}],"curies":[{"name":"wp","href":"https:\/\/api.w.org\/{rel}","templated":true}]}}