{"id":8209,"date":"2023-04-10T12:11:57","date_gmt":"2023-04-10T09:11:57","guid":{"rendered":"https:\/\/nutriest.eu\/product\/grass-fed-colostrum-extract\/"},"modified":"2025-10-23T18:36:15","modified_gmt":"2025-10-23T15:36:15","slug":"kolostrum-kapseln-weiderinder","status":"publish","type":"product","link":"https:\/\/nutriest.eu\/de\/products\/kolostrum-kapseln-weiderinder\/","title":{"rendered":"Kolostrum-Kapseln von Weiderindern"},"content":{"rendered":"<p class=\"p1\"><span class=\"s1\">Warum Kolostrum-Kapseln? Neugeborene erhalten in den ersten 24-48 Stunden nach der Geburt Kolostrum von ihren M\u00fcttern, und dieses &#8220;<strong>Lebenselixier<\/strong>&#8221; liefert nicht nur nat\u00fcrlich produzierte N\u00e4hrstoffe und Antik\u00f6rper in hochkonzentrierter Form, sondern schafft auch die Grundlage f\u00fcr lebenslange Immunit\u00e4t. <\/span><\/p>\n<p class=\"p1\"><span class=\"s1\">Kolostrum hat auch bei Sportlern an Beliebtheit gewonnen, da es die Fettverbrennung f\u00f6rdert, Muskeln aufbaut und die sportliche Leistung steigert. <\/span><\/p>\n<p class=\"p1\"><span class=\"s1\">Grasgef\u00fcttertes Rinderkolostrum ist \u00e4u\u00dferst nahrhaft und bietet einzigartige gesundheitliche Vorteile. Es ist vollgepackt mit <strong>Immunglobulinen<\/strong>, <strong>Wachstumsfaktoren<\/strong>, <strong>N\u00e4hrstoffen<\/strong> und <strong>Verdauungsenzymen<\/strong>, die das Zellwachstum, die Heilung und die Wiederherstellung stimulieren.<\/span><\/p>\n<p class=\"p3\"><span class=\"s1\"><b>St\u00e4rkt die Immunit\u00e4t<\/b><\/span><\/p>\n<p class=\"p1\"><span class=\"s1\">Kolostrum enth\u00e4lt eine Vielzahl von Antik\u00f6rpern und Immunglobulinen, darunter auch solche, die bakterielle Infektionen des Verdauungssystems verhindern helfen. Antik\u00f6rper sind Proteine, die Viren und Bakterien bek\u00e4mpfen. Hohe Konzentrationen von Immunglobulin A und IgG sind der Hauptgrund f\u00fcr die immunst\u00e4rkende Wirkung von Kolostrum.<\/span><\/p>\n<p class=\"p1\"><span class=\"s1\"><b>Zellreparatur &amp; Gesundes Altern<\/b><\/span><\/p>\n<p class=\"p1\"><span class=\"s1\">Kolostrum enth\u00e4lt zwei wichtige transformierende Wachstumsfaktoren Alpha und Beta. Au\u00dferdem enth\u00e4lt es die insulin\u00e4hnlichen Wachstumsfaktoren 1 und 2, die eine wichtige Rolle beim Muskelwachstum, bei der Muskel- und Knorpelreparatur sowie bei der Knochenheilung und -regeneration spielen. Mediziner verwenden Kolostrum auch zur Unterst\u00fctzung der Gelenkgesundheit, bei Entz\u00fcndungen und Steifheit. Die regenerativen Wirkungen von Kolostrum auf die Strukturzellen des K\u00f6rpers f\u00f6rdern die Elastizit\u00e4t und Vitalit\u00e4t der Haut.<\/span><\/p>\n<p class=\"p1\"><span class=\"s1\"><b>Kolostrum-Kapseln st\u00e4rken die Darmgesundheit<\/b><\/span><\/p>\n<p class=\"p1\"><span class=\"s1\">Grasgef\u00fcttertes Rinderkolostrum stimuliert das Wachstum von Darmzellen, st\u00e4rkt die Darmwand und verhindert die Durchl\u00e4ssigkeit des Darms. Diese positiven Wirkungen sind wahrscheinlich auf das enthaltene Lactoferrin und die Wachstumsfaktoren zur\u00fcckzuf\u00fchren. Lactoferrin ist ein Protein, das hilft, Eisen zu binden. Es spielt auch eine wichtige Rolle bei der Immunfunktion und hat antimikrobielle und antivirale Eigenschaften. Genie\u00dfen Sie alle Vorteile von Kolostrum durch unsere Kolostrum-Kapseln.<\/span><\/p>\n","protected":false},"excerpt":{"rendered":"<p>Warum Kolostrum-Kapseln? Neugeborene erhalten in den ersten 24-48 Stunden nach der Geburt Kolostrum von ihren M\u00fcttern, und dieses &#8220;Lebenselixier&#8221; liefert nicht nur nat\u00fcrlich produzierte N\u00e4hrstoffe und Antik\u00f6rper in hochkonzentrierter Form, sondern schafft auch die Grundlage f\u00fcr lebenslange Immunit\u00e4t. Kolostrum hat auch bei Sportlern an Beliebtheit gewonnen, da es die Fettverbrennung f\u00f6rdert, Muskeln aufbaut und die [&hellip;]<\/p>\n","protected":false},"featured_media":39523,"template":"","meta":{"_acf_changed":false,"inline_featured_image":false},"product_brand":[],"product_cat":[101],"product_tag":[],"class_list":{"0":"post-8209","1":"product","2":"type-product","3":"status-publish","4":"has-post-thumbnail","6":"product_cat-immunity-boost-de","8":"first","9":"instock","10":"taxable","11":"shipping-taxable","12":"purchasable","13":"product-type-simple"},"bundled_by":[],"bundle_stock_status":"instock","bundle_stock_quantity":null,"bundle_virtual":false,"bundle_layout":"","bundle_add_to_cart_form_location":"","bundle_editable_in_cart":false,"bundle_sold_individually_context":"","bundle_item_grouping":"","bundle_min_size":"","bundle_max_size":"","bundle_price":[],"bundled_items":[],"bundle_sell_ids":[],"acf":[],"_links":{"self":[{"href":"https:\/\/nutriest.eu\/de\/wp-json\/wp\/v2\/product\/8209","targetHints":{"allow":["GET"]}}],"collection":[{"href":"https:\/\/nutriest.eu\/de\/wp-json\/wp\/v2\/product"}],"about":[{"href":"https:\/\/nutriest.eu\/de\/wp-json\/wp\/v2\/types\/product"}],"wp:featuredmedia":[{"embeddable":true,"href":"https:\/\/nutriest.eu\/de\/wp-json\/wp\/v2\/media\/39523"}],"wp:attachment":[{"href":"https:\/\/nutriest.eu\/de\/wp-json\/wp\/v2\/media?parent=8209"}],"wp:term":[{"taxonomy":"product_brand","embeddable":true,"href":"https:\/\/nutriest.eu\/de\/wp-json\/wp\/v2\/product_brand?post=8209"},{"taxonomy":"product_cat","embeddable":true,"href":"https:\/\/nutriest.eu\/de\/wp-json\/wp\/v2\/product_cat?post=8209"},{"taxonomy":"product_tag","embeddable":true,"href":"https:\/\/nutriest.eu\/de\/wp-json\/wp\/v2\/product_tag?post=8209"}],"curies":[{"name":"wp","href":"https:\/\/api.w.org\/{rel}","templated":true}]}}